{"id":7382,"date":"2023-03-09T18:07:15","date_gmt":"2023-03-09T17:07:15","guid":{"rendered":"https:\/\/www.augelegalfiscal.com\/area-intelectual\/big-data\/"},"modified":"2023-03-09T18:07:15","modified_gmt":"2023-03-09T17:07:15","slug":"big-data","status":"publish","type":"page","link":"https:\/\/www.augelegalfiscal.com\/fr\/area-intelectual\/big-data\/","title":{"rendered":"Big Data"},"content":{"rendered":"\t\t<div data-elementor-type=\"wp-page\" data-elementor-id=\"7382\" class=\"elementor elementor-7382 elementor-7369\" data-elementor-post-type=\"page\">\n\t\t\t\t\t\t<section class=\"elementor-section elementor-top-section elementor-element elementor-element-45472ed elementor-section-full_width elementor-section-height-default elementor-section-height-default\" data-id=\"45472ed\" data-element_type=\"section\">\n\t\t\t\t\t\t<div class=\"elementor-container elementor-column-gap-default\">\n\t\t\t\t\t<div class=\"elementor-column elementor-col-50 elementor-top-column elementor-element elementor-element-8652575\" data-id=\"8652575\" data-element_type=\"column\" data-settings=\"{&quot;background_background&quot;:&quot;classic&quot;}\">\n\t\t\t<div class=\"elementor-widget-wrap elementor-element-populated\">\n\t\t\t\t\t\t<div class=\"elementor-element elementor-element-9599b0a elementor-widget elementor-widget-heading\" data-id=\"9599b0a\" data-element_type=\"widget\" data-widget_type=\"heading.default\">\n\t\t\t\t<div class=\"elementor-widget-container\">\n\t\t\t\t\t<h2 class=\"elementor-heading-title elementor-size-default\">Big Data<\/h2>\t\t\t\t<\/div>\n\t\t\t\t<\/div>\n\t\t\t\t<div class=\"elementor-element elementor-element-2c90fa7 elementor-widget elementor-widget-text-editor\" data-id=\"2c90fa7\" data-element_type=\"widget\" data-widget_type=\"text-editor.default\">\n\t\t\t\t<div class=\"elementor-widget-container\">\n\t\t\t\t\t\t\t\t\t<p>Bien que la captation et l\u2019analyse de m\u00e9gadonn\u00e9es aient vu le jour il y a quelques dizaines d\u2019ann\u00e9es, ce n\u2019est que depuis le d\u00e9veloppement technologique et la num\u00e9risation des interactions sociales des personnes que la captation, l\u2019exploitation, la vente et les affaires li\u00e9es \u00e0 l\u2019information en g\u00e9n\u00e9ral ont pris une importance capitale.<\/p>\n<p>Gr\u00e2ce aux liens qui nous unissent \u00e0 des clients qui traitent des m\u00e9gadonn\u00e9es \u00e0 diff\u00e9rentes fins, nous connaissons parfaitement la r\u00e8glementation (notamment en mati\u00e8re de protection des donn\u00e9es) inh\u00e9rente aux contrats potentiels destin\u00e9s \u00e0 g\u00e9n\u00e9rer des affaires \u00e0 travers les donn\u00e9es qui permettent de prendre des d\u00e9cisions commerciales ou op\u00e9rationnelles \u00e0 ceux qui les obtiennent.<\/p>\n<p>Familiaris\u00e9s avec les entreprises de ce genre, nous sommes donc en mesure de proposer une vision holistique aux entreprises li\u00e9es au BIG DATA qui souhaitent s\u2019installer en Andorre, en insistant sur le fait que, \u00e9tant donn\u00e9 que le rassemblement et la commercialisation de donn\u00e9es se font essentiellement de mani\u00e8re t\u00e9l\u00e9matique, l\u2019Andorre constitue un excellent choix en termes d\u2019imposition directe.<\/p>\n\t\t\t\t\t\t\t\t<\/div>\n\t\t\t\t<\/div>\n\t\t\t\t\t<\/div>\n\t\t<\/div>\n\t\t\t\t<div class=\"elementor-column elementor-col-50 elementor-top-column elementor-element elementor-element-d11de2d elementor-hidden-phone\" data-id=\"d11de2d\" data-element_type=\"column\" data-settings=\"{&quot;background_background&quot;:&quot;classic&quot;}\">\n\t\t\t<div class=\"elementor-widget-wrap elementor-element-populated\">\n\t\t\t\t\t\t<div class=\"elementor-element elementor-element-105badd elementor-widget elementor-widget-spacer\" data-id=\"105badd\" data-element_type=\"widget\" data-widget_type=\"spacer.default\">\n\t\t\t\t<div class=\"elementor-widget-container\">\n\t\t\t\t\t\t\t<div class=\"elementor-spacer\">\n\t\t\t<div class=\"elementor-spacer-inner\"><\/div>\n\t\t<\/div>\n\t\t\t\t\t\t<\/div>\n\t\t\t\t<\/div>\n\t\t\t\t\t<\/div>\n\t\t<\/div>\n\t\t\t\t\t<\/div>\n\t\t<\/section>\n\t\t\t\t<\/div>\n\t\t","protected":false},"excerpt":{"rendered":"<p>Big Data Bien que la captation et l\u2019analyse de m\u00e9gadonn\u00e9es aient vu le jour il y a quelques dizaines d\u2019ann\u00e9es, ce n\u2019est que depuis le d\u00e9veloppement technologique et la num\u00e9risation des interactions sociales des personnes que la captation, l\u2019exploitation, la vente et les affaires li\u00e9es \u00e0 l\u2019information en g\u00e9n\u00e9ral ont pris une importance capitale. Gr\u00e2ce [&hellip;]<\/p>\n","protected":false},"author":1,"featured_media":0,"parent":1407,"menu_order":0,"comment_status":"closed","ping_status":"closed","template":"","meta":{"_acf_changed":false,"footnotes":""},"class_list":["post-7382","page","type-page","status-publish","hentry"],"acf":[],"_links":{"self":[{"href":"https:\/\/www.augelegalfiscal.com\/fr\/wp-json\/wp\/v2\/pages\/7382","targetHints":{"allow":["GET"]}}],"collection":[{"href":"https:\/\/www.augelegalfiscal.com\/fr\/wp-json\/wp\/v2\/pages"}],"about":[{"href":"https:\/\/www.augelegalfiscal.com\/fr\/wp-json\/wp\/v2\/types\/page"}],"author":[{"embeddable":true,"href":"https:\/\/www.augelegalfiscal.com\/fr\/wp-json\/wp\/v2\/users\/1"}],"replies":[{"embeddable":true,"href":"https:\/\/www.augelegalfiscal.com\/fr\/wp-json\/wp\/v2\/comments?post=7382"}],"version-history":[{"count":1,"href":"https:\/\/www.augelegalfiscal.com\/fr\/wp-json\/wp\/v2\/pages\/7382\/revisions"}],"predecessor-version":[{"id":7383,"href":"https:\/\/www.augelegalfiscal.com\/fr\/wp-json\/wp\/v2\/pages\/7382\/revisions\/7383"}],"up":[{"embeddable":true,"href":"https:\/\/www.augelegalfiscal.com\/fr\/wp-json\/wp\/v2\/pages\/1407"}],"wp:attachment":[{"href":"https:\/\/www.augelegalfiscal.com\/fr\/wp-json\/wp\/v2\/media?parent=7382"}],"curies":[{"name":"wp","href":"https:\/\/api.w.org\/{rel}","templated":true}]}}