{"id":7362,"date":"2023-03-09T17:59:07","date_gmt":"2023-03-09T16:59:07","guid":{"rendered":"https:\/\/www.augelegalfiscal.com\/area-intelectual\/blockchain\/"},"modified":"2023-03-09T17:59:07","modified_gmt":"2023-03-09T16:59:07","slug":"blockchain","status":"publish","type":"page","link":"https:\/\/www.augelegalfiscal.com\/fr\/area-intelectual\/blockchain\/","title":{"rendered":"Blockchain"},"content":{"rendered":"\t\t<div data-elementor-type=\"wp-page\" data-elementor-id=\"7362\" class=\"elementor elementor-7362 elementor-7349\" data-elementor-post-type=\"page\">\n\t\t\t\t\t\t<section class=\"elementor-section elementor-top-section elementor-element elementor-element-c43bfe2 elementor-section-full_width elementor-section-height-default elementor-section-height-default\" data-id=\"c43bfe2\" data-element_type=\"section\">\n\t\t\t\t\t\t<div class=\"elementor-container elementor-column-gap-default\">\n\t\t\t\t\t<div class=\"elementor-column elementor-col-50 elementor-top-column elementor-element elementor-element-7267684\" data-id=\"7267684\" data-element_type=\"column\" data-settings=\"{&quot;background_background&quot;:&quot;classic&quot;}\">\n\t\t\t<div class=\"elementor-widget-wrap elementor-element-populated\">\n\t\t\t\t\t\t<div class=\"elementor-element elementor-element-71c05d8 elementor-widget elementor-widget-heading\" data-id=\"71c05d8\" data-element_type=\"widget\" data-widget_type=\"heading.default\">\n\t\t\t\t<div class=\"elementor-widget-container\">\n\t\t\t\t\t<h2 class=\"elementor-heading-title elementor-size-default\">Blockchain<\/h2>\t\t\t\t<\/div>\n\t\t\t\t<\/div>\n\t\t\t\t<div class=\"elementor-element elementor-element-705f98e elementor-widget elementor-widget-text-editor\" data-id=\"705f98e\" data-element_type=\"widget\" data-widget_type=\"text-editor.default\">\n\t\t\t\t<div class=\"elementor-widget-container\">\n\t\t\t\t\t\t\t\t\t<p>Dans un monde o\u00f9 la technologie \u00e9volue manifestement plus rapidement que les mentalit\u00e9s et \u2013surtout\u2013 beaucoup plus vite que les pr\u00e9rogatives l\u00e9gales, nous devons trouver un juste \u00e9quilibre au sein du cadre l\u00e9gal \u00e9tabli afin de pouvoir int\u00e9grer des projets d\u2019innovation qui optimisent la mani\u00e8re de traiter de nombreuses proc\u00e9dures qui font partie de notre quotidien.<\/p>\n<p>La blockchain, \u00e9galement appel\u00e9e \u00ab cha\u00eene de blocs \u00bb, repose sur un large \u00e9ventail de disciplines qui consistent \u00e0 crypter des informations afin de garantir une infinit\u00e9 de proc\u00e9dures traditionnellement d\u00e9pourvues de ce niveau de s\u00e9curit\u00e9.<\/p>\n\t\t\t\t\t\t\t\t<\/div>\n\t\t\t\t<\/div>\n\t\t\t\t\t<\/div>\n\t\t<\/div>\n\t\t\t\t<div class=\"elementor-column elementor-col-50 elementor-top-column elementor-element elementor-element-2fd2e45 elementor-hidden-phone\" data-id=\"2fd2e45\" data-element_type=\"column\" data-settings=\"{&quot;background_background&quot;:&quot;classic&quot;}\">\n\t\t\t<div class=\"elementor-widget-wrap elementor-element-populated\">\n\t\t\t\t\t\t<div class=\"elementor-element elementor-element-e6a8df7 elementor-widget elementor-widget-spacer\" data-id=\"e6a8df7\" data-element_type=\"widget\" data-widget_type=\"spacer.default\">\n\t\t\t\t<div class=\"elementor-widget-container\">\n\t\t\t\t\t\t\t<div class=\"elementor-spacer\">\n\t\t\t<div class=\"elementor-spacer-inner\"><\/div>\n\t\t<\/div>\n\t\t\t\t\t\t<\/div>\n\t\t\t\t<\/div>\n\t\t\t\t\t<\/div>\n\t\t<\/div>\n\t\t\t\t\t<\/div>\n\t\t<\/section>\n\t\t\t\t<section class=\"elementor-section elementor-top-section elementor-element elementor-element-bc69861 elementor-section-boxed elementor-section-height-default elementor-section-height-default\" data-id=\"bc69861\" data-element_type=\"section\" data-settings=\"{&quot;background_background&quot;:&quot;classic&quot;}\">\n\t\t\t\t\t\t<div class=\"elementor-container elementor-column-gap-default\">\n\t\t\t\t\t<div class=\"elementor-column elementor-col-100 elementor-top-column elementor-element elementor-element-af3c908\" data-id=\"af3c908\" data-element_type=\"column\">\n\t\t\t<div class=\"elementor-widget-wrap elementor-element-populated\">\n\t\t\t\t\t\t<div class=\"elementor-element elementor-element-88a8eb3 elementor-widget elementor-widget-heading\" data-id=\"88a8eb3\" data-element_type=\"widget\" data-widget_type=\"heading.default\">\n\t\t\t\t<div class=\"elementor-widget-container\">\n\t\t\t\t\t<h3 class=\"elementor-heading-title elementor-size-default\">Aug\u00e9 est donc le meilleur alli\u00e9 et conseiller du domaine en cette mati\u00e8re <\/h3>\t\t\t\t<\/div>\n\t\t\t\t<\/div>\n\t\t\t\t<div class=\"elementor-element elementor-element-5e7d74f elementor-widget elementor-widget-accordion\" data-id=\"5e7d74f\" data-element_type=\"widget\" data-widget_type=\"accordion.default\">\n\t\t\t\t<div class=\"elementor-widget-container\">\n\t\t\t\t\t\t\t<div class=\"elementor-accordion\">\n\t\t\t\t\t\t\t<div class=\"elementor-accordion-item\">\n\t\t\t\t\t<div id=\"elementor-tab-title-9901\" class=\"elementor-tab-title\" data-tab=\"1\" role=\"button\" aria-controls=\"elementor-tab-content-9901\" aria-expanded=\"false\">\n\t\t\t\t\t\t\t\t\t\t\t\t\t<span class=\"elementor-accordion-icon elementor-accordion-icon-left\" aria-hidden=\"true\">\n\t\t\t\t\t\t\t\t\t\t\t\t\t\t\t<span class=\"elementor-accordion-icon-closed\"><i class=\"fas fa-chevron-down\"><\/i><\/span>\n\t\t\t\t\t\t\t\t<span class=\"elementor-accordion-icon-opened\"><i class=\"fas fa-chevron-up\"><\/i><\/span>\n\t\t\t\t\t\t\t\t\t\t\t\t\t\t<\/span>\n\t\t\t\t\t\t\t\t\t\t\t\t<a class=\"elementor-accordion-title\" tabindex=\"0\"><\/a>\n\t\t\t\t\t<\/div>\n\t\t\t\t\t<div id=\"elementor-tab-content-9901\" class=\"elementor-tab-content elementor-clearfix\" data-tab=\"1\" role=\"region\" aria-labelledby=\"elementor-tab-title-9901\"><p>Gr\u00e2ce aux relations qu\u2019il entretient avec de nombreux investisseurs et chefs d\u2019entreprises internationaux, le bureau Aug\u00e9 Legal&amp;Fiscal est pleinement conscient des derni\u00e8res vicissitudes r\u00e9glementaires, aussi bien dans le domaine des \u00abeasy hubs \u00bbque concernant les \u00abserious hubs\u00bb potentiels (auxquels l\u2019Andorre aspire).<\/p>\n<p>Gr\u00e2ce \u00e0 une proposition de loi lanc\u00e9e au Parlement de la Principaut\u00e9 d\u2019Andorre, l\u2019id\u00e9e est de transformer le pays en un espace de r\u00e9f\u00e9rence et d\u2019attraction d\u2019investissement international susceptible de doter les types de business qui ne sont pas encore connues du public d\u2019une certaine prestance et transparence. Concr\u00e8tement parlant, le monde des cryptomonnaies et ses tendances r\u00e9glementaires ont fait l\u2019objet d\u2019un congr\u00e8s important organis\u00e9 en Andorre avec le parrainage de notre groupe afin de faire le point sur la situation actuelle en la mati\u00e8re et de d\u00e9finir l\u2019objectif \u00e0 court terme de captation d\u2019entreprises transparentes et de plus-value.<\/p>\n<p>Si vous souhaitez \u00e9tablir votre entreprise li\u00e9e au secteur de la blockchain ou des cryptomonnaies dans la Principaut\u00e9 d\u2019Andorre, Aug\u00e9 Legal&amp;Fiscal est donc le meilleur alli\u00e9 et conseiller du domaine en mati\u00e8re d\u2019ex\u00e9cution commerciale, implications fiscales et ma\u00eetrise de la conjoncture institutionnelle.<\/p>\n<\/div>\n\t\t\t\t<\/div>\n\t\t\t\t\t\t\t\t<\/div>\n\t\t\t\t\t\t<\/div>\n\t\t\t\t<\/div>\n\t\t\t\t\t<\/div>\n\t\t<\/div>\n\t\t\t\t\t<\/div>\n\t\t<\/section>\n\t\t\t\t<\/div>\n\t\t","protected":false},"excerpt":{"rendered":"<p>Blockchain Dans un monde o\u00f9 la technologie \u00e9volue manifestement plus rapidement que les mentalit\u00e9s et \u2013surtout\u2013 beaucoup plus vite que les pr\u00e9rogatives l\u00e9gales, nous devons trouver un juste \u00e9quilibre au sein du cadre l\u00e9gal \u00e9tabli afin de pouvoir int\u00e9grer des projets d\u2019innovation qui optimisent la mani\u00e8re de traiter de nombreuses proc\u00e9dures qui font partie de [&hellip;]<\/p>\n","protected":false},"author":1,"featured_media":0,"parent":1407,"menu_order":0,"comment_status":"closed","ping_status":"closed","template":"","meta":{"_acf_changed":false,"footnotes":""},"class_list":["post-7362","page","type-page","status-publish","hentry"],"acf":[],"_links":{"self":[{"href":"https:\/\/www.augelegalfiscal.com\/fr\/wp-json\/wp\/v2\/pages\/7362","targetHints":{"allow":["GET"]}}],"collection":[{"href":"https:\/\/www.augelegalfiscal.com\/fr\/wp-json\/wp\/v2\/pages"}],"about":[{"href":"https:\/\/www.augelegalfiscal.com\/fr\/wp-json\/wp\/v2\/types\/page"}],"author":[{"embeddable":true,"href":"https:\/\/www.augelegalfiscal.com\/fr\/wp-json\/wp\/v2\/users\/1"}],"replies":[{"embeddable":true,"href":"https:\/\/www.augelegalfiscal.com\/fr\/wp-json\/wp\/v2\/comments?post=7362"}],"version-history":[{"count":1,"href":"https:\/\/www.augelegalfiscal.com\/fr\/wp-json\/wp\/v2\/pages\/7362\/revisions"}],"predecessor-version":[{"id":7363,"href":"https:\/\/www.augelegalfiscal.com\/fr\/wp-json\/wp\/v2\/pages\/7362\/revisions\/7363"}],"up":[{"embeddable":true,"href":"https:\/\/www.augelegalfiscal.com\/fr\/wp-json\/wp\/v2\/pages\/1407"}],"wp:attachment":[{"href":"https:\/\/www.augelegalfiscal.com\/fr\/wp-json\/wp\/v2\/media?parent=7362"}],"curies":[{"name":"wp","href":"https:\/\/api.w.org\/{rel}","templated":true}]}}