{"id":1692,"date":"2020-03-23T18:50:22","date_gmt":"2020-03-23T17:50:22","guid":{"rendered":"https:\/\/www.augelegalfiscal.com\/international-desk\/"},"modified":"2026-03-24T16:32:40","modified_gmt":"2026-03-24T15:32:40","slug":"international-desk","status":"publish","type":"page","link":"https:\/\/www.augelegalfiscal.com\/fr\/international-desk\/","title":{"rendered":"International Desk"},"content":{"rendered":"\t\t<div data-elementor-type=\"wp-page\" data-elementor-id=\"1692\" class=\"elementor elementor-1692 elementor-741\" data-elementor-post-type=\"page\">\n\t\t\t\t\t\t<section class=\"elementor-section elementor-top-section elementor-element elementor-element-23bca781 elementor-section-full_width elementor-section-height-default elementor-section-height-default\" data-id=\"23bca781\" data-element_type=\"section\">\n\t\t\t\t\t\t<div class=\"elementor-container elementor-column-gap-default\">\n\t\t\t\t\t<div class=\"elementor-column elementor-col-50 elementor-top-column elementor-element elementor-element-60e3b4f3\" data-id=\"60e3b4f3\" data-element_type=\"column\" data-settings=\"{&quot;background_background&quot;:&quot;classic&quot;}\">\n\t\t\t<div class=\"elementor-widget-wrap elementor-element-populated\">\n\t\t\t\t\t\t<div class=\"elementor-element elementor-element-3dca894b elementor-widget elementor-widget-heading\" data-id=\"3dca894b\" data-element_type=\"widget\" data-widget_type=\"heading.default\">\n\t\t\t\t<div class=\"elementor-widget-container\">\n\t\t\t\t\t<h2 class=\"elementor-heading-title elementor-size-default\">International Desk<\/h2>\t\t\t\t<\/div>\n\t\t\t\t<\/div>\n\t\t\t\t<div class=\"elementor-element elementor-element-395d88f2 elementor-widget elementor-widget-text-editor\" data-id=\"395d88f2\" data-element_type=\"widget\" data-widget_type=\"text-editor.default\">\n\t\t\t\t<div class=\"elementor-widget-container\">\n\t\t\t\t\t\t\t\t\t<p>Le Bureau international d\u2019Aug\u00e9 Legal &amp; Fiscal est compos\u00e9 d\u2019une multitude de professionnels issus de diff\u00e9rents domaines de sp\u00e9cialisation et d\u2019origines g\u00e9ographiques tr\u00e8s vari\u00e9es, ce qui conf\u00e8re \u00e0 notre \u00e9quipe une connaissance holistique internationale au niveau culturel et normatif, permettant dialogue avec notre client dans plus de sept langues diff\u00e9rentes.<\/p>\n<p>Notre bureau international remplit toutes les fonctions d\u2019accueil de clients internationaux et de promotion de notre groupe \u00e0 l\u2019\u00e9chelle mondiale, gr\u00e2ce \u00e0 sa pr\u00e9sence sur des forums, des conf\u00e9rences et des congr\u00e8s.<\/p>\n\t\t\t\t\t\t\t\t<\/div>\n\t\t\t\t<\/div>\n\t\t\t\t\t<\/div>\n\t\t<\/div>\n\t\t\t\t<div class=\"elementor-column elementor-col-50 elementor-top-column elementor-element elementor-element-12094aa3 elementor-hidden-phone\" data-id=\"12094aa3\" data-element_type=\"column\" data-settings=\"{&quot;background_background&quot;:&quot;classic&quot;}\">\n\t\t\t<div class=\"elementor-widget-wrap elementor-element-populated\">\n\t\t\t\t\t\t<div class=\"elementor-element elementor-element-2d500bb elementor-widget elementor-widget-spacer\" data-id=\"2d500bb\" data-element_type=\"widget\" data-widget_type=\"spacer.default\">\n\t\t\t\t<div class=\"elementor-widget-container\">\n\t\t\t\t\t\t\t<div class=\"elementor-spacer\">\n\t\t\t<div class=\"elementor-spacer-inner\"><\/div>\n\t\t<\/div>\n\t\t\t\t\t\t<\/div>\n\t\t\t\t<\/div>\n\t\t\t\t\t<\/div>\n\t\t<\/div>\n\t\t\t\t\t<\/div>\n\t\t<\/section>\n\t\t\t\t<section class=\"elementor-section elementor-top-section elementor-element elementor-element-210c0313 elementor-section-boxed elementor-section-height-default elementor-section-height-default\" data-id=\"210c0313\" data-element_type=\"section\" id=\"spanish-desk\" data-settings=\"{&quot;background_background&quot;:&quot;classic&quot;}\">\n\t\t\t\t\t\t<div class=\"elementor-container elementor-column-gap-default\">\n\t\t\t\t\t<div class=\"elementor-column elementor-col-100 elementor-top-column elementor-element elementor-element-4b066a54\" data-id=\"4b066a54\" data-element_type=\"column\">\n\t\t\t<div class=\"elementor-widget-wrap elementor-element-populated\">\n\t\t\t\t\t\t<div class=\"elementor-element elementor-element-2f43a13f elementor-widget elementor-widget-heading\" data-id=\"2f43a13f\" data-element_type=\"widget\" data-widget_type=\"heading.default\">\n\t\t\t\t<div class=\"elementor-widget-container\">\n\t\t\t\t\t<h3 class=\"elementor-heading-title elementor-size-default\">Spanish Desk<\/h3>\t\t\t\t<\/div>\n\t\t\t\t<\/div>\n\t\t\t\t<div class=\"elementor-element elementor-element-3b85ce7e elementor-widget elementor-widget-accordion\" data-id=\"3b85ce7e\" data-element_type=\"widget\" data-widget_type=\"accordion.default\">\n\t\t\t\t<div class=\"elementor-widget-container\">\n\t\t\t\t\t\t\t<div class=\"elementor-accordion\">\n\t\t\t\t\t\t\t<div class=\"elementor-accordion-item\">\n\t\t\t\t\t<div id=\"elementor-tab-title-9981\" class=\"elementor-tab-title\" data-tab=\"1\" role=\"button\" aria-controls=\"elementor-tab-content-9981\" aria-expanded=\"false\">\n\t\t\t\t\t\t\t\t\t\t\t\t\t<span class=\"elementor-accordion-icon elementor-accordion-icon-left\" aria-hidden=\"true\">\n\t\t\t\t\t\t\t\t\t\t\t\t\t\t\t<span class=\"elementor-accordion-icon-closed\"><i class=\"fas fa-chevron-down\"><\/i><\/span>\n\t\t\t\t\t\t\t\t<span class=\"elementor-accordion-icon-opened\"><i class=\"fas fa-chevron-up\"><\/i><\/span>\n\t\t\t\t\t\t\t\t\t\t\t\t\t\t<\/span>\n\t\t\t\t\t\t\t\t\t\t\t\t<a class=\"elementor-accordion-title\" tabindex=\"0\"><\/a>\n\t\t\t\t\t<\/div>\n\t\t\t\t\t<div id=\"elementor-tab-content-9981\" class=\"elementor-tab-content elementor-clearfix\" data-tab=\"1\" role=\"region\" aria-labelledby=\"elementor-tab-title-9981\"><p>Notre Spanish Desk est compos\u00e9 d\u2019une \u00e9quipe d\u2019avocats de diff\u00e9rentes sp\u00e9cialit\u00e9s dont la plupart sont de nationalit\u00e9 espagnole et ma\u00eetrisent parfaitement la r\u00e8glementation et la jurisprudence d\u2019Espagne.<\/p>\n<p>Nous proposons un service-conseil \u00e0 des soci\u00e9t\u00e9s espagnoles et \u00e9laborons la planification fiscale d\u2019op\u00e9rations de restructuration d\u2019entreprise, notamment dans le cadre d\u2019achats et de fusions transfrontali\u00e8res. Nous conseillons aussi nos clients et planifions leurs actions en mati\u00e8re de fiscalit\u00e9 directe, douanes et imp\u00f4ts locaux.<\/p>\n<p><em><strong>Personne de contact:<\/strong> <a href=\"https:\/\/www.augelegalfiscal.com\/fr\/entreprise\/notre-equipe\/\">Jose Luis.<\/a><\/em><\/p>\n<\/div>\n\t\t\t\t<\/div>\n\t\t\t\t\t\t\t\t<\/div>\n\t\t\t\t\t\t<\/div>\n\t\t\t\t<\/div>\n\t\t\t\t\t<\/div>\n\t\t<\/div>\n\t\t\t\t\t<\/div>\n\t\t<\/section>\n\t\t\t\t<section class=\"elementor-section elementor-top-section elementor-element elementor-element-59ae35e1 elementor-section-boxed elementor-section-height-default elementor-section-height-default\" data-id=\"59ae35e1\" data-element_type=\"section\" id=\"french-desk\" data-settings=\"{&quot;background_background&quot;:&quot;classic&quot;}\">\n\t\t\t\t\t\t<div class=\"elementor-container elementor-column-gap-default\">\n\t\t\t\t\t<div class=\"elementor-column elementor-col-100 elementor-top-column elementor-element elementor-element-7644f4b7\" data-id=\"7644f4b7\" data-element_type=\"column\">\n\t\t\t<div class=\"elementor-widget-wrap elementor-element-populated\">\n\t\t\t\t\t\t<div class=\"elementor-element elementor-element-7f430f75 elementor-widget elementor-widget-heading\" data-id=\"7f430f75\" data-element_type=\"widget\" data-widget_type=\"heading.default\">\n\t\t\t\t<div class=\"elementor-widget-container\">\n\t\t\t\t\t<h3 class=\"elementor-heading-title elementor-size-default\">French Desk<\/h3>\t\t\t\t<\/div>\n\t\t\t\t<\/div>\n\t\t\t\t<div class=\"elementor-element elementor-element-7c1101a4 elementor-widget elementor-widget-accordion\" data-id=\"7c1101a4\" data-element_type=\"widget\" data-widget_type=\"accordion.default\">\n\t\t\t\t<div class=\"elementor-widget-container\">\n\t\t\t\t\t\t\t<div class=\"elementor-accordion\">\n\t\t\t\t\t\t\t<div class=\"elementor-accordion-item\">\n\t\t\t\t\t<div id=\"elementor-tab-title-2081\" class=\"elementor-tab-title\" data-tab=\"1\" role=\"button\" aria-controls=\"elementor-tab-content-2081\" aria-expanded=\"false\">\n\t\t\t\t\t\t\t\t\t\t\t\t\t<span class=\"elementor-accordion-icon elementor-accordion-icon-left\" aria-hidden=\"true\">\n\t\t\t\t\t\t\t\t\t\t\t\t\t\t\t<span class=\"elementor-accordion-icon-closed\"><i class=\"fas fa-chevron-down\"><\/i><\/span>\n\t\t\t\t\t\t\t\t<span class=\"elementor-accordion-icon-opened\"><i class=\"fas fa-chevron-up\"><\/i><\/span>\n\t\t\t\t\t\t\t\t\t\t\t\t\t\t<\/span>\n\t\t\t\t\t\t\t\t\t\t\t\t<a class=\"elementor-accordion-title\" tabindex=\"0\"><\/a>\n\t\t\t\t\t<\/div>\n\t\t\t\t\t<div id=\"elementor-tab-content-2081\" class=\"elementor-tab-content elementor-clearfix\" data-tab=\"1\" role=\"region\" aria-labelledby=\"elementor-tab-title-2081\"><p>Notre French Desk est compos\u00e9 d\u2019avocats qui ma\u00eetrisent la culture juridique fran\u00e7aise et se consacrent \u00e0 diff\u00e9rents domaines de sp\u00e9cialit\u00e9. Nous orientons les clients francophones afin qu\u2019ils puissent r\u00e9aliser leurs projets en Andorre \u00e0 travers un service extr\u00eamement personnalis\u00e9.<\/p>\n<p><em><strong>Personne de contact:<\/strong> <a href=\"https:\/\/www.augelegalfiscal.com\/fr\/entreprise\/notre-equipe\/\">Pau Aug\u00e9.<\/a><\/em><\/p>\n<\/div>\n\t\t\t\t<\/div>\n\t\t\t\t\t\t\t\t<\/div>\n\t\t\t\t\t\t<\/div>\n\t\t\t\t<\/div>\n\t\t\t\t\t<\/div>\n\t\t<\/div>\n\t\t\t\t\t<\/div>\n\t\t<\/section>\n\t\t\t\t<section class=\"elementor-section elementor-top-section elementor-element elementor-element-89ab3e1 elementor-section-boxed elementor-section-height-default elementor-section-height-default\" data-id=\"89ab3e1\" data-element_type=\"section\" id=\"russian-desk\" data-settings=\"{&quot;background_background&quot;:&quot;classic&quot;}\">\n\t\t\t\t\t\t<div class=\"elementor-container elementor-column-gap-default\">\n\t\t\t\t\t<div class=\"elementor-column elementor-col-100 elementor-top-column elementor-element elementor-element-70b3670\" data-id=\"70b3670\" data-element_type=\"column\">\n\t\t\t<div class=\"elementor-widget-wrap elementor-element-populated\">\n\t\t\t\t\t\t<div class=\"elementor-element elementor-element-7941370 elementor-widget elementor-widget-heading\" data-id=\"7941370\" data-element_type=\"widget\" data-widget_type=\"heading.default\">\n\t\t\t\t<div class=\"elementor-widget-container\">\n\t\t\t\t\t<h3 class=\"elementor-heading-title elementor-size-default\">Russian Desk<\/h3>\t\t\t\t<\/div>\n\t\t\t\t<\/div>\n\t\t\t\t<div class=\"elementor-element elementor-element-c25b6d9 elementor-widget elementor-widget-accordion\" data-id=\"c25b6d9\" data-element_type=\"widget\" data-widget_type=\"accordion.default\">\n\t\t\t\t<div class=\"elementor-widget-container\">\n\t\t\t\t\t\t\t<div class=\"elementor-accordion\">\n\t\t\t\t\t\t\t<div class=\"elementor-accordion-item\">\n\t\t\t\t\t<div id=\"elementor-tab-title-2031\" class=\"elementor-tab-title\" data-tab=\"1\" role=\"button\" aria-controls=\"elementor-tab-content-2031\" aria-expanded=\"false\">\n\t\t\t\t\t\t\t\t\t\t\t\t\t<span class=\"elementor-accordion-icon elementor-accordion-icon-left\" aria-hidden=\"true\">\n\t\t\t\t\t\t\t\t\t\t\t\t\t\t\t<span class=\"elementor-accordion-icon-closed\"><i class=\"fas fa-chevron-down\"><\/i><\/span>\n\t\t\t\t\t\t\t\t<span class=\"elementor-accordion-icon-opened\"><i class=\"fas fa-chevron-up\"><\/i><\/span>\n\t\t\t\t\t\t\t\t\t\t\t\t\t\t<\/span>\n\t\t\t\t\t\t\t\t\t\t\t\t<a class=\"elementor-accordion-title\" tabindex=\"0\"><\/a>\n\t\t\t\t\t<\/div>\n\t\t\t\t\t<div id=\"elementor-tab-content-2031\" class=\"elementor-tab-content elementor-clearfix\" data-tab=\"1\" role=\"region\" aria-labelledby=\"elementor-tab-title-2031\"><p>Gr\u00e2ce \u00e0 notre \u00e9quipe d\u2019experts natifs qui ma\u00eetrisent parfaitement les milieux de l\u2019entreprise et de la culture russes, nous sommes le bureau de r\u00e9f\u00e9rence pour les investisseurs de Russie.<\/p>\n<p>Par ailleurs, l\u2019importance de la communaut\u00e9 russe pr\u00e9sente en Andorre nous a pouss\u00e9s \u00e0 mettre sur pied notre propre agence immobili\u00e8re,<a href=\"https:\/\/www.augerealestate.com\/\" target=\"_blank\" rel=\"noopener noreferrer\">AUG\u00c9 REAL ESTATE,<\/a>charg\u00e9e de proposer un service-conseil immobilier de premier choix \u00e0 nos clients.<\/p>\n<p><em><strong>Personne de contact:<\/strong> <a href=\"https:\/\/www.augelegalfiscal.com\/fr\/entreprise\/notre-equipe\/\">Renata Kutergina.<\/a><\/em><\/p>\n<\/div>\n\t\t\t\t<\/div>\n\t\t\t\t\t\t\t\t<\/div>\n\t\t\t\t\t\t<\/div>\n\t\t\t\t<\/div>\n\t\t\t\t\t<\/div>\n\t\t<\/div>\n\t\t\t\t\t<\/div>\n\t\t<\/section>\n\t\t\t\t<section class=\"elementor-section elementor-top-section elementor-element elementor-element-3c8d02c elementor-section-boxed elementor-section-height-default elementor-section-height-default\" data-id=\"3c8d02c\" data-element_type=\"section\" id=\"latam-desk\" data-settings=\"{&quot;background_background&quot;:&quot;classic&quot;}\">\n\t\t\t\t\t\t<div class=\"elementor-container elementor-column-gap-default\">\n\t\t\t\t\t<div class=\"elementor-column elementor-col-100 elementor-top-column elementor-element elementor-element-4c93b94\" data-id=\"4c93b94\" data-element_type=\"column\">\n\t\t\t<div class=\"elementor-widget-wrap elementor-element-populated\">\n\t\t\t\t\t\t<div class=\"elementor-element elementor-element-c49c756 elementor-widget elementor-widget-heading\" data-id=\"c49c756\" data-element_type=\"widget\" data-widget_type=\"heading.default\">\n\t\t\t\t<div class=\"elementor-widget-container\">\n\t\t\t\t\t<h3 class=\"elementor-heading-title elementor-size-default\">Latam Desk<\/h3>\t\t\t\t<\/div>\n\t\t\t\t<\/div>\n\t\t\t\t<div class=\"elementor-element elementor-element-1ba30b2 elementor-widget elementor-widget-accordion\" data-id=\"1ba30b2\" data-element_type=\"widget\" data-widget_type=\"accordion.default\">\n\t\t\t\t<div class=\"elementor-widget-container\">\n\t\t\t\t\t\t\t<div class=\"elementor-accordion\">\n\t\t\t\t\t\t\t<div class=\"elementor-accordion-item\">\n\t\t\t\t\t<div id=\"elementor-tab-title-2891\" class=\"elementor-tab-title\" data-tab=\"1\" role=\"button\" aria-controls=\"elementor-tab-content-2891\" aria-expanded=\"false\">\n\t\t\t\t\t\t\t\t\t\t\t\t\t<span class=\"elementor-accordion-icon elementor-accordion-icon-left\" aria-hidden=\"true\">\n\t\t\t\t\t\t\t\t\t\t\t\t\t\t\t<span class=\"elementor-accordion-icon-closed\"><i class=\"fas fa-chevron-down\"><\/i><\/span>\n\t\t\t\t\t\t\t\t<span class=\"elementor-accordion-icon-opened\"><i class=\"fas fa-chevron-up\"><\/i><\/span>\n\t\t\t\t\t\t\t\t\t\t\t\t\t\t<\/span>\n\t\t\t\t\t\t\t\t\t\t\t\t<a class=\"elementor-accordion-title\" tabindex=\"0\"><\/a>\n\t\t\t\t\t<\/div>\n\t\t\t\t\t<div id=\"elementor-tab-content-2891\" class=\"elementor-tab-content elementor-clearfix\" data-tab=\"1\" role=\"region\" aria-labelledby=\"elementor-tab-title-2891\"><p>Notre \u00e9quipe de professionnels jouit d\u2019une longue exp\u00e9rience en mati\u00e8re de conseil aux clients d\u2019Am\u00e9rique latine. La Principaut\u00e9 d\u2019Andorre est par ailleurs particuli\u00e8rement engag\u00e9e envers la communaut\u00e9 latino-am\u00e9ricaine, comme en t\u00e9moigne sa condition d\u2019organisateur du\u00a0<a href=\"https:\/\/www.segib.org\/cumbres-iberoamericanas\/camino-a-la-xxvii-cumbre\/\" target=\"_blank\" rel=\"noopener noreferrer\">Sommet ib\u00e9ro-am\u00e9ricain de 2020.<\/a><\/p>\n<p>Nos connaissances profondes de la culture ib\u00e9ro-am\u00e9ricaine nous permet d\u2019anticiper rapidement et efficacement tous les aspects susceptibles d\u2019int\u00e9resser nos clients et de leur proposer un conseil l\u00e9gal et fiscal adapt\u00e9 \u00e0 leurs besoins.<\/p>\n<p><em><strong>Personne de contact:<\/strong> <a href=\"https:\/\/www.augelegalfiscal.com\/fr\/entreprise\/notre-equipe\/\" target=\"_blank\" rel=\"noopener noreferrer\">Jose Luis Camp.<\/a><\/em><\/p>\n<\/div>\n\t\t\t\t<\/div>\n\t\t\t\t\t\t\t\t<\/div>\n\t\t\t\t\t\t<\/div>\n\t\t\t\t<\/div>\n\t\t\t\t\t<\/div>\n\t\t<\/div>\n\t\t\t\t\t<\/div>\n\t\t<\/section>\n\t\t\t\t<section class=\"elementor-section elementor-top-section elementor-element elementor-element-1c58a0c elementor-section-boxed elementor-section-height-default elementor-section-height-default\" data-id=\"1c58a0c\" data-element_type=\"section\" id=\"us-canadian-desk\" data-settings=\"{&quot;background_background&quot;:&quot;classic&quot;}\">\n\t\t\t\t\t\t<div class=\"elementor-container elementor-column-gap-default\">\n\t\t\t\t\t<div class=\"elementor-column elementor-col-100 elementor-top-column elementor-element elementor-element-e7a5d58\" data-id=\"e7a5d58\" data-element_type=\"column\">\n\t\t\t<div class=\"elementor-widget-wrap elementor-element-populated\">\n\t\t\t\t\t\t<div class=\"elementor-element elementor-element-515b9f5 elementor-widget elementor-widget-heading\" data-id=\"515b9f5\" data-element_type=\"widget\" data-widget_type=\"heading.default\">\n\t\t\t\t<div class=\"elementor-widget-container\">\n\t\t\t\t\t<h3 class=\"elementor-heading-title elementor-size-default\">US\/Canadian Desk<\/h3>\t\t\t\t<\/div>\n\t\t\t\t<\/div>\n\t\t\t\t<div class=\"elementor-element elementor-element-e3affea elementor-widget elementor-widget-accordion\" data-id=\"e3affea\" data-element_type=\"widget\" data-widget_type=\"accordion.default\">\n\t\t\t\t<div class=\"elementor-widget-container\">\n\t\t\t\t\t\t\t<div class=\"elementor-accordion\">\n\t\t\t\t\t\t\t<div class=\"elementor-accordion-item\">\n\t\t\t\t\t<div id=\"elementor-tab-title-2381\" class=\"elementor-tab-title\" data-tab=\"1\" role=\"button\" aria-controls=\"elementor-tab-content-2381\" aria-expanded=\"false\">\n\t\t\t\t\t\t\t\t\t\t\t\t\t<span class=\"elementor-accordion-icon elementor-accordion-icon-left\" aria-hidden=\"true\">\n\t\t\t\t\t\t\t\t\t\t\t\t\t\t\t<span class=\"elementor-accordion-icon-closed\"><i class=\"fas fa-chevron-down\"><\/i><\/span>\n\t\t\t\t\t\t\t\t<span class=\"elementor-accordion-icon-opened\"><i class=\"fas fa-chevron-up\"><\/i><\/span>\n\t\t\t\t\t\t\t\t\t\t\t\t\t\t<\/span>\n\t\t\t\t\t\t\t\t\t\t\t\t<a class=\"elementor-accordion-title\" tabindex=\"0\"><\/a>\n\t\t\t\t\t<\/div>\n\t\t\t\t\t<div id=\"elementor-tab-content-2381\" class=\"elementor-tab-content elementor-clearfix\" data-tab=\"1\" role=\"region\" aria-labelledby=\"elementor-tab-title-2381\"><p>Notre US\/Canadian Desk comprend un ensemble d\u2019avocats natifs exp\u00e9riment\u00e9s dans le domaine des transactions internationales avec les \u00c9tats-Unis et le Canada et familiaris\u00e9s avec le march\u00e9 des entreprises am\u00e9ricain.<\/p>\n<p>Ils aident nos clients \u00e0 d\u00e9finir les strat\u00e9gies les plus pertinentes pour les entreprises am\u00e9ricaines qui souhaitent investir en Andorre en tant que centre de r\u00e9f\u00e9rence europ\u00e9en.<\/p>\n<p><em><strong>Personne de contact:<\/strong> <a href=\"https:\/\/www.augelegalfiscal.com\/fr\/entreprise\/notre-equipe\/\" target=\"_blank\" rel=\"noopener noreferrer\">Jonathan Hinkson.<\/a><\/em><\/p>\n<\/div>\n\t\t\t\t<\/div>\n\t\t\t\t\t\t\t\t<\/div>\n\t\t\t\t\t\t<\/div>\n\t\t\t\t<\/div>\n\t\t\t\t\t<\/div>\n\t\t<\/div>\n\t\t\t\t\t<\/div>\n\t\t<\/section>\n\t\t\t\t<section class=\"elementor-section elementor-top-section elementor-element elementor-element-d887f57 elementor-section-boxed elementor-section-height-default elementor-section-height-default\" data-id=\"d887f57\" data-element_type=\"section\" id=\"middle-east-desk\" data-settings=\"{&quot;background_background&quot;:&quot;classic&quot;}\">\n\t\t\t\t\t\t<div class=\"elementor-container elementor-column-gap-default\">\n\t\t\t\t\t<div class=\"elementor-column elementor-col-100 elementor-top-column elementor-element elementor-element-2bb93a1\" data-id=\"2bb93a1\" data-element_type=\"column\">\n\t\t\t<div class=\"elementor-widget-wrap elementor-element-populated\">\n\t\t\t\t\t\t<div class=\"elementor-element elementor-element-21539ba elementor-widget elementor-widget-heading\" data-id=\"21539ba\" data-element_type=\"widget\" data-widget_type=\"heading.default\">\n\t\t\t\t<div class=\"elementor-widget-container\">\n\t\t\t\t\t<h3 class=\"elementor-heading-title elementor-size-default\">Middle East Desk<\/h3>\t\t\t\t<\/div>\n\t\t\t\t<\/div>\n\t\t\t\t<div class=\"elementor-element elementor-element-f425c9f elementor-widget elementor-widget-accordion\" data-id=\"f425c9f\" data-element_type=\"widget\" data-widget_type=\"accordion.default\">\n\t\t\t\t<div class=\"elementor-widget-container\">\n\t\t\t\t\t\t\t<div class=\"elementor-accordion\">\n\t\t\t\t\t\t\t<div class=\"elementor-accordion-item\">\n\t\t\t\t\t<div id=\"elementor-tab-title-2561\" class=\"elementor-tab-title\" data-tab=\"1\" role=\"button\" aria-controls=\"elementor-tab-content-2561\" aria-expanded=\"false\">\n\t\t\t\t\t\t\t\t\t\t\t\t\t<span class=\"elementor-accordion-icon elementor-accordion-icon-left\" aria-hidden=\"true\">\n\t\t\t\t\t\t\t\t\t\t\t\t\t\t\t<span class=\"elementor-accordion-icon-closed\"><i class=\"fas fa-chevron-down\"><\/i><\/span>\n\t\t\t\t\t\t\t\t<span class=\"elementor-accordion-icon-opened\"><i class=\"fas fa-chevron-up\"><\/i><\/span>\n\t\t\t\t\t\t\t\t\t\t\t\t\t\t<\/span>\n\t\t\t\t\t\t\t\t\t\t\t\t<a class=\"elementor-accordion-title\" tabindex=\"0\"><\/a>\n\t\t\t\t\t<\/div>\n\t\t\t\t\t<div id=\"elementor-tab-content-2561\" class=\"elementor-tab-content elementor-clearfix\" data-tab=\"1\" role=\"region\" aria-labelledby=\"elementor-tab-title-2561\"><p>Exp\u00e9riment\u00e9e en mati\u00e8re d\u2019investissements transfrontaliers entre le Moyen-Orient et l\u2019Europe, notre \u00e9quipe de professionnels jouit de profondes connaissances des entreprises, du droit et de la culture de cette partie du monde Nos avocats conseillent les clients \u00e9trangers et recommandent l\u2019Andorre comme centre de r\u00e9f\u00e9rence pour les investissements effectu\u00e9s vers l\u2019Europe en raison de sa localisation strat\u00e9gique, pr\u00e8s de l\u2019Espagne et de la France.<\/p>\n<p><strong><em>Personne de contact:<\/em><\/strong> <a href=\"https:\/\/www.augelegalfiscal.com\/fr\/entreprise\/notre-equipe\/\" target=\"_blank\" rel=\"noopener noreferrer\"><em>Pau Aug\u00e9.<\/em><\/a><\/p>\n<\/div>\n\t\t\t\t<\/div>\n\t\t\t\t\t\t\t\t<\/div>\n\t\t\t\t\t\t<\/div>\n\t\t\t\t<\/div>\n\t\t\t\t\t<\/div>\n\t\t<\/div>\n\t\t\t\t\t<\/div>\n\t\t<\/section>\n\t\t\t\t<\/div>\n\t\t","protected":false},"excerpt":{"rendered":"<p>International Desk Le Bureau international d\u2019Aug\u00e9 Legal &amp; Fiscal est compos\u00e9 d\u2019une multitude de professionnels issus de diff\u00e9rents domaines de sp\u00e9cialisation et d\u2019origines g\u00e9ographiques tr\u00e8s vari\u00e9es, ce qui conf\u00e8re \u00e0 notre \u00e9quipe une connaissance holistique internationale au niveau culturel et normatif, permettant dialogue avec notre client dans plus de sept langues diff\u00e9rentes. Notre bureau international [&hellip;]<\/p>\n","protected":false},"author":1,"featured_media":0,"parent":0,"menu_order":0,"comment_status":"closed","ping_status":"closed","template":"","meta":{"_acf_changed":false,"footnotes":""},"class_list":["post-1692","page","type-page","status-publish","hentry"],"acf":[],"_links":{"self":[{"href":"https:\/\/www.augelegalfiscal.com\/fr\/wp-json\/wp\/v2\/pages\/1692","targetHints":{"allow":["GET"]}}],"collection":[{"href":"https:\/\/www.augelegalfiscal.com\/fr\/wp-json\/wp\/v2\/pages"}],"about":[{"href":"https:\/\/www.augelegalfiscal.com\/fr\/wp-json\/wp\/v2\/types\/page"}],"author":[{"embeddable":true,"href":"https:\/\/www.augelegalfiscal.com\/fr\/wp-json\/wp\/v2\/users\/1"}],"replies":[{"embeddable":true,"href":"https:\/\/www.augelegalfiscal.com\/fr\/wp-json\/wp\/v2\/comments?post=1692"}],"version-history":[{"count":16,"href":"https:\/\/www.augelegalfiscal.com\/fr\/wp-json\/wp\/v2\/pages\/1692\/revisions"}],"predecessor-version":[{"id":16705,"href":"https:\/\/www.augelegalfiscal.com\/fr\/wp-json\/wp\/v2\/pages\/1692\/revisions\/16705"}],"wp:attachment":[{"href":"https:\/\/www.augelegalfiscal.com\/fr\/wp-json\/wp\/v2\/media?parent=1692"}],"curies":[{"name":"wp","href":"https:\/\/api.w.org\/{rel}","templated":true}]}}