{"id":1624,"date":"2020-03-22T20:42:00","date_gmt":"2020-03-22T19:42:00","guid":{"rendered":"https:\/\/www.augelegalfiscal.com\/domaines-d-action\/departement-juridique\/constitution-de-societes\/"},"modified":"2023-03-08T13:45:49","modified_gmt":"2023-03-08T12:45:49","slug":"constitution-de-societes","status":"publish","type":"page","link":"https:\/\/www.augelegalfiscal.com\/fr\/services-aux-entreprises\/juridique\/constitution-de-societes\/","title":{"rendered":"Constitution de soci\u00e9t\u00e9s"},"content":{"rendered":"\t\t<div data-elementor-type=\"wp-page\" data-elementor-id=\"1624\" class=\"elementor elementor-1624 elementor-551\" data-elementor-post-type=\"page\">\n\t\t\t\t\t\t<section class=\"elementor-section elementor-top-section elementor-element elementor-element-142c9cd elementor-section-boxed elementor-section-height-default elementor-section-height-default\" data-id=\"142c9cd\" data-element_type=\"section\" id=\"page-hero\" data-settings=\"{&quot;background_background&quot;:&quot;classic&quot;,&quot;animation&quot;:&quot;none&quot;}\">\n\t\t\t\t\t\t<div class=\"elementor-container elementor-column-gap-default\">\n\t\t\t\t\t<div class=\"elementor-column elementor-col-100 elementor-top-column elementor-element elementor-element-17931a92\" data-id=\"17931a92\" data-element_type=\"column\">\n\t\t\t<div class=\"elementor-widget-wrap elementor-element-populated\">\n\t\t\t\t\t\t<div class=\"elementor-element elementor-element-1977c00f elementor-widget elementor-widget-heading\" data-id=\"1977c00f\" data-element_type=\"widget\" data-widget_type=\"heading.default\">\n\t\t\t\t<div class=\"elementor-widget-container\">\n\t\t\t\t\t<h1 class=\"elementor-heading-title elementor-size-default\">Constitution de soci\u00e9t\u00e9s<\/h1>\t\t\t\t<\/div>\n\t\t\t\t<\/div>\n\t\t\t\t\t<\/div>\n\t\t<\/div>\n\t\t\t\t\t<\/div>\n\t\t<\/section>\n\t\t\t\t<section class=\"elementor-section elementor-top-section elementor-element elementor-element-ffa63d4 elementor-section-boxed elementor-section-height-default elementor-section-height-default\" data-id=\"ffa63d4\" data-element_type=\"section\" data-settings=\"{&quot;background_background&quot;:&quot;classic&quot;}\">\n\t\t\t\t\t\t<div class=\"elementor-container elementor-column-gap-default\">\n\t\t\t\t\t<div class=\"elementor-column elementor-col-100 elementor-top-column elementor-element elementor-element-2fd82cf\" data-id=\"2fd82cf\" data-element_type=\"column\">\n\t\t\t<div class=\"elementor-widget-wrap elementor-element-populated\">\n\t\t\t\t\t\t<div class=\"elementor-element elementor-element-a84b86f elementor-widget elementor-widget-text-editor\" data-id=\"a84b86f\" data-element_type=\"widget\" data-widget_type=\"text-editor.default\">\n\t\t\t\t<div class=\"elementor-widget-container\">\n\t\t\t\t\t\t\t\t\t<p>La principale complexit\u00e9 inh\u00e9rente \u00e0 la constitution d\u2019une soci\u00e9t\u00e9 sur le territoire andorran par rapport \u00e0 la conjoncture, malgr\u00e9 les innombrables avantages dont b\u00e9n\u00e9ficient nos clients une fois que ladite soci\u00e9t\u00e9 est op\u00e9rationnelle, a pouss\u00e9 notre entreprise \u00e0 sp\u00e9cialiser ses professionnels de mani\u00e8re \u00e0 ce que chacun ma\u00eetrise un domaine d\u2019expertise pr\u00e9cis parmi tous ceux dont il faut tenir compte lors de la constitution d\u2019une soci\u00e9t\u00e9.<\/p>\n\t\t\t\t\t\t\t\t<\/div>\n\t\t\t\t<\/div>\n\t\t\t\t\t<\/div>\n\t\t<\/div>\n\t\t\t\t\t<\/div>\n\t\t<\/section>\n\t\t\t\t<section class=\"elementor-section elementor-top-section elementor-element elementor-element-78da719 elementor-section-boxed elementor-section-height-default elementor-section-height-default\" data-id=\"78da719\" data-element_type=\"section\" data-settings=\"{&quot;background_background&quot;:&quot;classic&quot;}\">\n\t\t\t\t\t\t<div class=\"elementor-container elementor-column-gap-default\">\n\t\t\t\t\t<div class=\"elementor-column elementor-col-100 elementor-top-column elementor-element elementor-element-c1509e1\" data-id=\"c1509e1\" data-element_type=\"column\">\n\t\t\t<div class=\"elementor-widget-wrap elementor-element-populated\">\n\t\t\t\t\t\t<div class=\"elementor-element elementor-element-86d9fe7 elementor-widget elementor-widget-text-editor\" data-id=\"86d9fe7\" data-element_type=\"widget\" data-widget_type=\"text-editor.default\">\n\t\t\t\t<div class=\"elementor-widget-container\">\n\t\t\t\t\t\t\t\t\tCela fait trente ans que nos experts commerciaux r\u00e9alisent tous types d\u2019op\u00e9rations corporatives, notamment au cours des 10 derni\u00e8res ann\u00e9es, o\u00f9 les proc\u00e9dures d\u2019homologation des normes internationales de la Principaut\u00e9 nous ont procur\u00e9 une grande exp\u00e9rience en mati\u00e8re de conseils aux entreprises internationales qui ont d\u00e9cid\u00e9 de s\u2019installer chez nous pour mener leurs op\u00e9rations en b\u00e9n\u00e9ficiant de tous les privil\u00e8ges qu\u2019offre l\u2019Andorre.\r\n\r\nL\u2019ouverture \u00e9conomique de l\u2019Andorre a pouss\u00e9 notre \u00e9quipe a optimiser sa formation afin de bien aborder et structurer les investissements \u00e9trangers, notamment en mati\u00e8re de constitution de soci\u00e9t\u00e9s et d\u2019achat de biens immobiliers ou de produits financiers. Notre seul objectif est de contribuer \u00e0 ce que nos clients r\u00e9pondent \u00e0 toutes les exigences requises par le Gouvernement d\u2019Andorre et remplissent les conditions permettant de constituer des soci\u00e9t\u00e9s andorranes.\r\n\r\nEn ce sens, d\u00e8s la r\u00e9servation de la d\u00e9nomination sociale, nous analysons toutes les implications que suppose, en termes d\u2019autorisations commerciales, la r\u00e9daction de l\u2019objet social des nouvelles soci\u00e9t\u00e9s cr\u00e9\u00e9es. Nous avons par ailleurs \u00e9labor\u00e9 un syst\u00e8me interne destin\u00e9 \u00e0 assouplir les d\u00e9marches des dossiers d\u2019investissements \u00e9trangers afin d\u2019obtenir les autorisations le plus rapidement possible. Notre personnel qualifi\u00e9 en mati\u00e8re de respect de la r\u00e9glementation bancaire accompagne le client pour tous les aspects qui vont au-del\u00e0 de l\u2019ouverture d\u2019un compte tout en maintenant une connexion active avec toutes les institutions bancaires d\u2019Andorre. Nous nous chargeons des d\u00e9marches notariales, de l\u2019accompagnement du client chez le notaire et du suivi de l\u2019autorisation commerciale de l\u2019entreprise d\u00e8s que la soci\u00e9t\u00e9 est d\u00fbment enregistr\u00e9e.\t\t\t\t\t\t\t\t<\/div>\n\t\t\t\t<\/div>\n\t\t\t\t\t<\/div>\n\t\t<\/div>\n\t\t\t\t\t<\/div>\n\t\t<\/section>\n\t\t\t\t<section class=\"elementor-section elementor-top-section elementor-element elementor-element-ce63037 elementor-section-boxed elementor-section-height-default elementor-section-height-default\" data-id=\"ce63037\" data-element_type=\"section\" data-settings=\"{&quot;background_background&quot;:&quot;classic&quot;}\">\n\t\t\t\t\t\t<div class=\"elementor-container elementor-column-gap-default\">\n\t\t\t\t\t<div class=\"elementor-column elementor-col-100 elementor-top-column elementor-element elementor-element-f9b4318\" data-id=\"f9b4318\" data-element_type=\"column\">\n\t\t\t<div class=\"elementor-widget-wrap elementor-element-populated\">\n\t\t\t\t\t\t<div class=\"elementor-element elementor-element-9729734 elementor-widget elementor-widget-text-editor\" data-id=\"9729734\" data-element_type=\"widget\" data-widget_type=\"text-editor.default\">\n\t\t\t\t<div class=\"elementor-widget-container\">\n\t\t\t\t\t\t\t\t\t<p>Par ailleurs, au-del\u00e0 des multiples vicissitudes et op\u00e9rations de soci\u00e9t\u00e9s que nous traitons au quotidien, nous vous proposons ci-apr\u00e8s la liste compl\u00e8te des diff\u00e9rents\u00a0<span style=\"color: #a22d58;\"><strong>types de soci\u00e9t\u00e9s<\/strong><\/span>\u00a0qui pourraient englober la plupart des entreprises qui s\u2019installent dans la Principaut\u00e9 d\u2019Andorre:<\/p>\n\t\t\t\t\t\t\t\t<\/div>\n\t\t\t\t<\/div>\n\t\t\t\t\t<\/div>\n\t\t<\/div>\n\t\t\t\t\t<\/div>\n\t\t<\/section>\n\t\t\t\t<section class=\"elementor-section elementor-top-section elementor-element elementor-element-e7b85ea elementor-section-boxed elementor-section-height-default elementor-section-height-default\" data-id=\"e7b85ea\" data-element_type=\"section\" data-settings=\"{&quot;background_background&quot;:&quot;classic&quot;}\">\n\t\t\t\t\t\t<div class=\"elementor-container elementor-column-gap-default\">\n\t\t\t\t\t<div class=\"elementor-column elementor-col-100 elementor-top-column elementor-element elementor-element-ac0413c\" data-id=\"ac0413c\" data-element_type=\"column\">\n\t\t\t<div class=\"elementor-widget-wrap elementor-element-populated\">\n\t\t\t\t\t\t<div class=\"elementor-element elementor-element-f3efab7 elementor-widget__width-auto elementor-view-default elementor-widget elementor-widget-icon\" data-id=\"f3efab7\" data-element_type=\"widget\" data-widget_type=\"icon.default\">\n\t\t\t\t<div class=\"elementor-widget-container\">\n\t\t\t\t\t\t\t<div class=\"elementor-icon-wrapper\">\n\t\t\t<div class=\"elementor-icon\">\n\t\t\t<i aria-hidden=\"true\" class=\"fas fa-arrow-right\"><\/i>\t\t\t<\/div>\n\t\t<\/div>\n\t\t\t\t\t\t<\/div>\n\t\t\t\t<\/div>\n\t\t\t\t<div class=\"elementor-element elementor-element-a8f3480 elementor-widget__width-auto elementor-widget elementor-widget-heading\" data-id=\"a8f3480\" data-element_type=\"widget\" data-widget_type=\"heading.default\">\n\t\t\t\t<div class=\"elementor-widget-container\">\n\t\t\t\t\t<h2 class=\"elementor-heading-title elementor-size-default\">Soci\u00e9t\u00e9 commerciale<\/h2>\t\t\t\t<\/div>\n\t\t\t\t<\/div>\n\t\t\t\t<div class=\"elementor-element elementor-element-b049a7d elementor-widget elementor-widget-text-editor\" data-id=\"b049a7d\" data-element_type=\"widget\" data-widget_type=\"text-editor.default\">\n\t\t\t\t<div class=\"elementor-widget-container\">\n\t\t\t\t\t\t\t\t\t<p>Il s\u2019agit du profil de soci\u00e9t\u00e9 commerciale le plus fr\u00e9quent, mais qui ne repr\u00e9sente pas forc\u00e9ment le plus \u00e9l\u00e9mentaire en termes de structuration. Son activit\u00e9 peut \u00eatre bas\u00e9e sur la vente de biens ou sur la prestation de services. Leur taux d\u2019imposition g\u00e9n\u00e9ral est de 10%.<\/p>\n\t\t\t\t\t\t\t\t<\/div>\n\t\t\t\t<\/div>\n\t\t\t\t<div class=\"elementor-element elementor-element-cf4d054 elementor-widget elementor-widget-text-editor\" data-id=\"cf4d054\" data-element_type=\"widget\" data-widget_type=\"text-editor.default\">\n\t\t\t\t<div class=\"elementor-widget-container\">\n\t\t\t\t\t\t\t\t\t<p><em>Profil de client :\u00a0<\/em>Chefs d\u2019entreprises actifs qui exercent une activit\u00e9 \u00e9conomique r\u00e9elle et substantielle.<\/p>\n<p><i class=\"fas fa-angle-right\"><\/i>\u00a0<em>Exemple :<\/em><em>\u00a0Prestation de services de marketing pour clients nationaux et internationaux, boutique de v\u00eatements ou d\u2019\u00e9lectronique en Andorre. Une soci\u00e9t\u00e9 de ce profil peut avoir un march\u00e9 national ou facturer internationalement pour des services prest\u00e9s \u00e0 distance tout en payant 10% d\u2019imp\u00f4t sur ses b\u00e9n\u00e9fices.<\/em><\/p>\n\t\t\t\t\t\t\t\t<\/div>\n\t\t\t\t<\/div>\n\t\t\t\t\t<\/div>\n\t\t<\/div>\n\t\t\t\t\t<\/div>\n\t\t<\/section>\n\t\t\t\t<section class=\"elementor-section elementor-top-section elementor-element elementor-element-4121453 elementor-section-boxed elementor-section-height-default elementor-section-height-default\" data-id=\"4121453\" data-element_type=\"section\" data-settings=\"{&quot;background_background&quot;:&quot;classic&quot;}\">\n\t\t\t\t\t\t<div class=\"elementor-container elementor-column-gap-default\">\n\t\t\t\t\t<div class=\"elementor-column elementor-col-100 elementor-top-column elementor-element elementor-element-90af56d\" data-id=\"90af56d\" data-element_type=\"column\">\n\t\t\t<div class=\"elementor-widget-wrap elementor-element-populated\">\n\t\t\t\t\t\t<div class=\"elementor-element elementor-element-ed487c7 elementor-widget__width-auto elementor-view-default elementor-widget elementor-widget-icon\" data-id=\"ed487c7\" data-element_type=\"widget\" data-widget_type=\"icon.default\">\n\t\t\t\t<div class=\"elementor-widget-container\">\n\t\t\t\t\t\t\t<div class=\"elementor-icon-wrapper\">\n\t\t\t<div class=\"elementor-icon\">\n\t\t\t<i aria-hidden=\"true\" class=\"fas fa-arrow-right\"><\/i>\t\t\t<\/div>\n\t\t<\/div>\n\t\t\t\t\t\t<\/div>\n\t\t\t\t<\/div>\n\t\t\t\t<div class=\"elementor-element elementor-element-9eed49c elementor-widget__width-auto elementor-widget elementor-widget-heading\" data-id=\"9eed49c\" data-element_type=\"widget\" data-widget_type=\"heading.default\">\n\t\t\t\t<div class=\"elementor-widget-container\">\n\t\t\t\t\t<h2 class=\"elementor-heading-title elementor-size-default\">Soci\u00e9t\u00e9 de gestion du patrimoine<\/h2>\t\t\t\t<\/div>\n\t\t\t\t<\/div>\n\t\t\t\t<div class=\"elementor-element elementor-element-f4c16d0 elementor-widget elementor-widget-text-editor\" data-id=\"f4c16d0\" data-element_type=\"widget\" data-widget_type=\"text-editor.default\">\n\t\t\t\t<div class=\"elementor-widget-container\">\n\t\t\t\t\t\t\t\t\t<p>Il s\u2019agit d\u2019une soci\u00e9t\u00e9 qui se consacre partiellement ou totalement \u00e0 investir dans des actions d\u2019autres entreprises, biens immobiliers ou actifs financiers tant \u00e0 l\u2019\u00e9chelle nationale qu\u2019internationale.<\/p>\n\t\t\t\t\t\t\t\t<\/div>\n\t\t\t\t<\/div>\n\t\t\t\t<div class=\"elementor-element elementor-element-469cf85 elementor-widget elementor-widget-text-editor\" data-id=\"469cf85\" data-element_type=\"widget\" data-widget_type=\"text-editor.default\">\n\t\t\t\t<div class=\"elementor-widget-container\">\n\t\t\t\t\t\t\t\t\t<p><em>Profil de client :<\/em>\u00a0Chefs d\u2019entreprises qui souhaitent restructurer leur groupe de soci\u00e9t\u00e9s, investisseurs en fonds de capital risque en qu\u00eate de diversification, ou personnes qui veulent obtenir des revenus passifs en faisant travailler leur capital.<\/p>\n<p><i class=\"fas fa-angle-right\"><\/i>\u00a0<em>Exemple :\u00a0Holdings qui d\u00e9tiennent des parts d\u2019entreprises du secteur des nouvelles technologies, soci\u00e9t\u00e9s d\u2019investissements et de location d\u2019immeubles dont elle est propri\u00e9taire.<\/em><\/p>\n\t\t\t\t\t\t\t\t<\/div>\n\t\t\t\t<\/div>\n\t\t\t\t\t<\/div>\n\t\t<\/div>\n\t\t\t\t\t<\/div>\n\t\t<\/section>\n\t\t\t\t<section class=\"elementor-section elementor-top-section elementor-element elementor-element-b77620f elementor-section-boxed elementor-section-height-default elementor-section-height-default\" data-id=\"b77620f\" data-element_type=\"section\" data-settings=\"{&quot;background_background&quot;:&quot;classic&quot;}\">\n\t\t\t\t\t\t<div class=\"elementor-container elementor-column-gap-default\">\n\t\t\t\t\t<div class=\"elementor-column elementor-col-100 elementor-top-column elementor-element elementor-element-bc516af\" data-id=\"bc516af\" data-element_type=\"column\">\n\t\t\t<div class=\"elementor-widget-wrap elementor-element-populated\">\n\t\t\t\t\t\t<div class=\"elementor-element elementor-element-50030e1 elementor-widget elementor-widget-heading\" data-id=\"50030e1\" data-element_type=\"widget\" data-widget_type=\"heading.default\">\n\t\t\t\t<div class=\"elementor-widget-container\">\n\t\t\t\t\t<h2 class=\"elementor-heading-title elementor-size-default\">R\u00e9gimes sp\u00e9ciaux<\/h2>\t\t\t\t<\/div>\n\t\t\t\t<\/div>\n\t\t\t\t<div class=\"elementor-element elementor-element-2c8bce4 elementor-widget__width-auto elementor-view-default elementor-widget elementor-widget-icon\" data-id=\"2c8bce4\" data-element_type=\"widget\" data-widget_type=\"icon.default\">\n\t\t\t\t<div class=\"elementor-widget-container\">\n\t\t\t\t\t\t\t<div class=\"elementor-icon-wrapper\">\n\t\t\t<div class=\"elementor-icon\">\n\t\t\t<i aria-hidden=\"true\" class=\"fas fa-arrow-right\"><\/i>\t\t\t<\/div>\n\t\t<\/div>\n\t\t\t\t\t\t<\/div>\n\t\t\t\t<\/div>\n\t\t\t\t<div class=\"elementor-element elementor-element-794265d elementor-widget__width-auto elementor-widget elementor-widget-heading\" data-id=\"794265d\" data-element_type=\"widget\" data-widget_type=\"heading.default\">\n\t\t\t\t<div class=\"elementor-widget-container\">\n\t\t\t\t\t<h2 class=\"elementor-heading-title elementor-size-default\">Soci\u00e9t\u00e9s de biens incorporels<\/h2>\t\t\t\t<\/div>\n\t\t\t\t<\/div>\n\t\t\t\t<div class=\"elementor-element elementor-element-19831c9 elementor-widget elementor-widget-text-editor\" data-id=\"19831c9\" data-element_type=\"widget\" data-widget_type=\"text-editor.default\">\n\t\t\t\t<div class=\"elementor-widget-container\">\n\t\t\t\t\t\t\t\t\t<p>Il s\u2019agit d\u2019une soci\u00e9t\u00e9 qui cr\u00e9e\/con\u00e7oit et vend ou c\u00e8de l\u2019exploitation d\u2019actifs intangibles comme une marque, un brevet ou un \u00e9l\u00e9ment de propri\u00e9t\u00e9 intellectuelle \u00e0 un tiers. Si elles respectent une s\u00e9rie de conditions pr\u00e9alables de la l\u00e9gislation relative \u00e0 l\u2019imp\u00f4t des soci\u00e9t\u00e9s, les soci\u00e9t\u00e9s de ce type peuvent opter en faveur d\u2019un r\u00e9gime sp\u00e9cial qui leur permet de b\u00e9n\u00e9ficier d\u2019un taux d\u2019imposition de 2%.<\/p>\n\t\t\t\t\t\t\t\t<\/div>\n\t\t\t\t<\/div>\n\t\t\t\t<div class=\"elementor-element elementor-element-ebe2751 elementor-widget elementor-widget-text-editor\" data-id=\"ebe2751\" data-element_type=\"widget\" data-widget_type=\"text-editor.default\">\n\t\t\t\t<div class=\"elementor-widget-container\">\n\t\t\t\t\t\t\t\t\t<p><em>Profil de client :<\/em>\u00a0Cr\u00e9ateurs de logiciels, inventeurs, chercheurs, d\u00e9veloppeurs.<\/p>\n<p><i class=\"fas fa-angle-right\"><\/i>\u00a0<em>Exemple :<\/em><em>Un inventeur qui cr\u00e9e des produits r\u00e9volutionnaires ou des m\u00e9thodologies brevet\u00e9es dont les cr\u00e9ations ou brevets seront vendus ou c\u00e9d\u00e9s \u00e0 des entreprises industrielles en \u00e9change de royalties.<\/em><\/p>\n\t\t\t\t\t\t\t\t<\/div>\n\t\t\t\t<\/div>\n\t\t\t\t\t<\/div>\n\t\t<\/div>\n\t\t\t\t\t<\/div>\n\t\t<\/section>\n\t\t\t\t<section class=\"elementor-section elementor-top-section elementor-element elementor-element-e873b40 elementor-section-boxed elementor-section-height-default elementor-section-height-default\" data-id=\"e873b40\" data-element_type=\"section\" data-settings=\"{&quot;background_background&quot;:&quot;classic&quot;}\">\n\t\t\t\t\t\t<div class=\"elementor-container elementor-column-gap-default\">\n\t\t\t\t\t<div class=\"elementor-column elementor-col-100 elementor-top-column elementor-element elementor-element-2bb684b\" data-id=\"2bb684b\" data-element_type=\"column\">\n\t\t\t<div class=\"elementor-widget-wrap elementor-element-populated\">\n\t\t\t\t\t\t<div class=\"elementor-element elementor-element-6f57375 elementor-widget__width-auto elementor-view-default elementor-widget elementor-widget-icon\" data-id=\"6f57375\" data-element_type=\"widget\" data-widget_type=\"icon.default\">\n\t\t\t\t<div class=\"elementor-widget-container\">\n\t\t\t\t\t\t\t<div class=\"elementor-icon-wrapper\">\n\t\t\t<div class=\"elementor-icon\">\n\t\t\t<i aria-hidden=\"true\" class=\"fas fa-arrow-right\"><\/i>\t\t\t<\/div>\n\t\t<\/div>\n\t\t\t\t\t\t<\/div>\n\t\t\t\t<\/div>\n\t\t\t\t<div class=\"elementor-element elementor-element-fde92d7 elementor-widget__width-auto elementor-widget elementor-widget-heading\" data-id=\"fde92d7\" data-element_type=\"widget\" data-widget_type=\"heading.default\">\n\t\t\t\t<div class=\"elementor-widget-container\">\n\t\t\t\t\t<h2 class=\"elementor-heading-title elementor-size-default\">Soci\u00e9t\u00e9s d\u2019investissement collectif<\/h2>\t\t\t\t<\/div>\n\t\t\t\t<\/div>\n\t\t\t\t<div class=\"elementor-element elementor-element-f7b57ec elementor-widget elementor-widget-text-editor\" data-id=\"f7b57ec\" data-element_type=\"widget\" data-widget_type=\"text-editor.default\">\n\t\t\t\t<div class=\"elementor-widget-container\">\n\t\t\t\t\t\t\t\t\t<p>Les SICAV sont des organismes d\u2019investissement collectif qui permettent d\u2019obtenir des \u00e9conomies fiscales consid\u00e9rables et qui, malgr\u00e9 leur faible popularit\u00e9, sont pr\u00e9sentes en Andorre. Tout comme les fonds d\u2019investissement ou les activit\u00e9s de conseil financier (entre autres), ces soci\u00e9t\u00e9s sont r\u00e9gul\u00e9es par l\u2019AFA (Autorit\u00e9 Financi\u00e8re Andorrane, r\u00e9gulateur financier de la Principaut\u00e9). Elles peuvent investir dans des valeurs mobili\u00e8res, des biens immeubles ou d\u2019autres actifs en b\u00e9n\u00e9ficiant d\u2019un taux d\u2019imposition de 0% en termes d\u2019imp\u00f4ts sur les soci\u00e9t\u00e9s. En Andorre, un non r\u00e9sident ne peut toutefois \u00eatre titulaire que de 50% d\u2019une SICAV.<\/p>\n\t\t\t\t\t\t\t\t<\/div>\n\t\t\t\t<\/div>\n\t\t\t\t<div class=\"elementor-element elementor-element-760802f elementor-widget elementor-widget-text-editor\" data-id=\"760802f\" data-element_type=\"widget\" data-widget_type=\"text-editor.default\">\n\t\t\t\t<div class=\"elementor-widget-container\">\n\t\t\t\t\t\t\t\t\t<p><em>Profil de client: <\/em>Groupe d\u2019investissement qui souhaite diversifier la rentabilit\u00e9 de ses actifs.<\/p>\n\t\t\t\t\t\t\t\t<\/div>\n\t\t\t\t<\/div>\n\t\t\t\t\t<\/div>\n\t\t<\/div>\n\t\t\t\t\t<\/div>\n\t\t<\/section>\n\t\t\t\t<\/div>\n\t\t","protected":false},"excerpt":{"rendered":"<p>Constitution de soci\u00e9t\u00e9s La principale complexit\u00e9 inh\u00e9rente \u00e0 la constitution d\u2019une soci\u00e9t\u00e9 sur le territoire andorran par rapport \u00e0 la conjoncture, malgr\u00e9 les innombrables avantages dont b\u00e9n\u00e9ficient nos clients une fois que ladite soci\u00e9t\u00e9 est op\u00e9rationnelle, a pouss\u00e9 notre entreprise \u00e0 sp\u00e9cialiser ses professionnels de mani\u00e8re \u00e0 ce que chacun ma\u00eetrise un domaine d\u2019expertise pr\u00e9cis [&hellip;]<\/p>\n","protected":false},"author":1,"featured_media":0,"parent":1606,"menu_order":0,"comment_status":"closed","ping_status":"closed","template":"","meta":{"_acf_changed":false,"footnotes":""},"class_list":["post-1624","page","type-page","status-publish","hentry"],"acf":[],"_links":{"self":[{"href":"https:\/\/www.augelegalfiscal.com\/fr\/wp-json\/wp\/v2\/pages\/1624","targetHints":{"allow":["GET"]}}],"collection":[{"href":"https:\/\/www.augelegalfiscal.com\/fr\/wp-json\/wp\/v2\/pages"}],"about":[{"href":"https:\/\/www.augelegalfiscal.com\/fr\/wp-json\/wp\/v2\/types\/page"}],"author":[{"embeddable":true,"href":"https:\/\/www.augelegalfiscal.com\/fr\/wp-json\/wp\/v2\/users\/1"}],"replies":[{"embeddable":true,"href":"https:\/\/www.augelegalfiscal.com\/fr\/wp-json\/wp\/v2\/comments?post=1624"}],"version-history":[{"count":3,"href":"https:\/\/www.augelegalfiscal.com\/fr\/wp-json\/wp\/v2\/pages\/1624\/revisions"}],"predecessor-version":[{"id":7145,"href":"https:\/\/www.augelegalfiscal.com\/fr\/wp-json\/wp\/v2\/pages\/1624\/revisions\/7145"}],"up":[{"embeddable":true,"href":"https:\/\/www.augelegalfiscal.com\/fr\/wp-json\/wp\/v2\/pages\/1606"}],"wp:attachment":[{"href":"https:\/\/www.augelegalfiscal.com\/fr\/wp-json\/wp\/v2\/media?parent=1624"}],"curies":[{"name":"wp","href":"https:\/\/api.w.org\/{rel}","templated":true}]}}