{"id":1487,"date":"2020-03-22T21:27:30","date_gmt":"2020-03-22T20:27:30","guid":{"rendered":"https:\/\/www.augelegalfiscal.com\/area-legal\/droit-civil\/"},"modified":"2023-03-08T13:05:53","modified_gmt":"2023-03-08T12:05:53","slug":"droit-civil","status":"publish","type":"page","link":"https:\/\/www.augelegalfiscal.com\/fr\/area-legal\/droit-civil\/","title":{"rendered":"Droit Civil"},"content":{"rendered":"\t\t<div data-elementor-type=\"wp-page\" data-elementor-id=\"1487\" class=\"elementor elementor-1487 elementor-583\" data-elementor-post-type=\"page\">\n\t\t\t\t\t\t<section class=\"elementor-section elementor-top-section elementor-element elementor-element-6c10b8c0 elementor-section-full_width elementor-section-height-default elementor-section-height-default\" data-id=\"6c10b8c0\" data-element_type=\"section\">\n\t\t\t\t\t\t<div class=\"elementor-container elementor-column-gap-default\">\n\t\t\t\t\t<div class=\"elementor-column elementor-col-50 elementor-top-column elementor-element elementor-element-451c19c\" data-id=\"451c19c\" data-element_type=\"column\" data-settings=\"{&quot;background_background&quot;:&quot;classic&quot;}\">\n\t\t\t<div class=\"elementor-widget-wrap elementor-element-populated\">\n\t\t\t\t\t\t<div class=\"elementor-element elementor-element-213935c6 elementor-widget elementor-widget-heading\" data-id=\"213935c6\" data-element_type=\"widget\" data-widget_type=\"heading.default\">\n\t\t\t\t<div class=\"elementor-widget-container\">\n\t\t\t\t\t<h2 class=\"elementor-heading-title elementor-size-default\">Droit Civil<\/h2>\t\t\t\t<\/div>\n\t\t\t\t<\/div>\n\t\t\t\t<div class=\"elementor-element elementor-element-2d52bf4 elementor-widget elementor-widget-text-editor\" data-id=\"2d52bf4\" data-element_type=\"widget\" data-widget_type=\"text-editor.default\">\n\t\t\t\t<div class=\"elementor-widget-container\">\n\t\t\t\t\t\t\t\t\t<p>L\u2019\u00e9quipe juridique d\u2019Aug\u00e9 Legal&amp;Fiscal <span style=\"color: #a22d58;\"><strong>jouit d\u2019une longue exp\u00e9rience en mati\u00e8re de r\u00e9daction, r\u00e9vision et supervision de tous types de contrats li\u00e9s au droit civil<\/strong><\/span>, la plus vaste des disciplines du droit, dans laquelle nous nous sommes sp\u00e9cialis\u00e9s.<br \/>\nEn termes de conflits civils, centr\u00e9s sur le domaine des transactions, notre \u00e9quipe mise toujours sur les accords extrajudiciaires avant de s\u2019en remettre \u00e0 la proc\u00e9dure judiciaire irr\u00e9m\u00e9diable. En termes de conflits civils, centr\u00e9s sur le domaine des transactions, notre \u00e9quipe mise toujours sur les accords extrajudiciaires avant de s\u2019en remettre \u00e0 la proc\u00e9dure judiciaire irr\u00e9m\u00e9diable.<\/p>\n<p>&nbsp;<\/p>\n<p>En ce sens, les sp\u00e9cialistes du droit proc\u00e9dural de notre entreprise ont une longue exp\u00e9rience en mati\u00e8re de r\u00e9solution de litiges civils li\u00e9s \u00e0 toutes les disciplines du droit civil, du droit de la personne aux obligations et contrats, en passant par les droits r\u00e9els, les droits de la famille et les droits de succession.<\/p>\n\t\t\t\t\t\t\t\t<\/div>\n\t\t\t\t<\/div>\n\t\t\t\t\t<\/div>\n\t\t<\/div>\n\t\t\t\t<div class=\"elementor-column elementor-col-50 elementor-top-column elementor-element elementor-element-4770adcb elementor-hidden-phone\" data-id=\"4770adcb\" data-element_type=\"column\" data-settings=\"{&quot;background_background&quot;:&quot;classic&quot;}\">\n\t\t\t<div class=\"elementor-widget-wrap elementor-element-populated\">\n\t\t\t\t\t\t<div class=\"elementor-element elementor-element-c0530f3 elementor-widget elementor-widget-spacer\" data-id=\"c0530f3\" data-element_type=\"widget\" data-widget_type=\"spacer.default\">\n\t\t\t\t<div class=\"elementor-widget-container\">\n\t\t\t\t\t\t\t<div class=\"elementor-spacer\">\n\t\t\t<div class=\"elementor-spacer-inner\"><\/div>\n\t\t<\/div>\n\t\t\t\t\t\t<\/div>\n\t\t\t\t<\/div>\n\t\t\t\t\t<\/div>\n\t\t<\/div>\n\t\t\t\t\t<\/div>\n\t\t<\/section>\n\t\t\t\t<section class=\"elementor-section elementor-top-section elementor-element elementor-element-7bfb8780 elementor-section-boxed elementor-section-height-default elementor-section-height-default\" data-id=\"7bfb8780\" data-element_type=\"section\" data-settings=\"{&quot;background_background&quot;:&quot;classic&quot;}\">\n\t\t\t\t\t\t<div class=\"elementor-container elementor-column-gap-default\">\n\t\t\t\t\t<div class=\"elementor-column elementor-col-100 elementor-top-column elementor-element elementor-element-2e04ec91\" data-id=\"2e04ec91\" data-element_type=\"column\">\n\t\t\t<div class=\"elementor-widget-wrap elementor-element-populated\">\n\t\t\t\t\t\t<div class=\"elementor-element elementor-element-64a74013 elementor-widget elementor-widget-heading\" data-id=\"64a74013\" data-element_type=\"widget\" data-widget_type=\"heading.default\">\n\t\t\t\t<div class=\"elementor-widget-container\">\n\t\t\t\t\t<h3 class=\"elementor-heading-title elementor-size-default\">Contrats Civils<\/h3>\t\t\t\t<\/div>\n\t\t\t\t<\/div>\n\t\t\t\t<div class=\"elementor-element elementor-element-569ce852 elementor-widget elementor-widget-accordion\" data-id=\"569ce852\" data-element_type=\"widget\" data-widget_type=\"accordion.default\">\n\t\t\t\t<div class=\"elementor-widget-container\">\n\t\t\t\t\t\t\t<div class=\"elementor-accordion\">\n\t\t\t\t\t\t\t<div class=\"elementor-accordion-item\">\n\t\t\t\t\t<div id=\"elementor-tab-title-1451\" class=\"elementor-tab-title\" data-tab=\"1\" role=\"button\" aria-controls=\"elementor-tab-content-1451\" aria-expanded=\"false\">\n\t\t\t\t\t\t\t\t\t\t\t\t\t<span class=\"elementor-accordion-icon elementor-accordion-icon-left\" aria-hidden=\"true\">\n\t\t\t\t\t\t\t\t\t\t\t\t\t\t\t<span class=\"elementor-accordion-icon-closed\"><i class=\"fas fa-chevron-down\"><\/i><\/span>\n\t\t\t\t\t\t\t\t<span class=\"elementor-accordion-icon-opened\"><i class=\"fas fa-chevron-up\"><\/i><\/span>\n\t\t\t\t\t\t\t\t\t\t\t\t\t\t<\/span>\n\t\t\t\t\t\t\t\t\t\t\t\t<a class=\"elementor-accordion-title\" tabindex=\"0\"><\/a>\n\t\t\t\t\t<\/div>\n\t\t\t\t\t<div id=\"elementor-tab-content-1451\" class=\"elementor-tab-content elementor-clearfix\" data-tab=\"1\" role=\"region\" aria-labelledby=\"elementor-tab-title-1451\"><p>\u00c9tant donn\u00e9 que le droit civil englobe la discipline juridique au sens large, notre entreprise oriente ses clients quant \u00e0 la r\u00e9daction et la r\u00e9vision de tous les types de contrats civils qui existent au sein de notre syst\u00e8me juridique. Des contrats bilat\u00e9raux aux contrats unilat\u00e9raux, en passant par des questions juridiques irr\u00e9vocables telles que les donations ou le contrat de\u00a0<em>quid pro quo<\/em>\u00a0par excellence comme le contrat de vente.<\/p>\n<p>Nous aidons notre client \u00e0 n\u00e9gocier et \u00e0 r\u00e9diger des conventions de s\u00e9paration et de divorce \u2013comme par exemple des contrats de pr\u00eat ou de compensation de cr\u00e9dits\u2013 et proposons la r\u00e9alisation de testaments, codicilles, contrats de reprise de dette, contrats de garantie ou de cautionnement, contrats de location, promesse de vente et actes de servitude.<\/p>\n<p>Notre \u00e9quipe se charge \u00e9galement d\u2019amender des contrats \u00e0 travers des novations objectives, subjectives et provisoires dans le cadre de contrats dont nos clients souhaitent modifier une partie de leurs \u00e9l\u00e9ments de base. Nous jouissons par ailleurs d\u2019une tr\u00e8s longue exp\u00e9rience en mati\u00e8re de r\u00e9daction de clauses p\u00e9nales, de confidentialit\u00e9, de non-concurrence et de protection du consommateur ainsi qu\u2019en mati\u00e8re de conditions suspensives, r\u00e9solutoires et de r\u00e9siliation de la relation contractuelle.<\/p>\n<p>En plus de la r\u00e9daction, nos experts juridiques se chargent \u00e9videmment de la r\u00e9vision et de la correction de contrats, en vue de les adapter \u00e0 la l\u00e9gislation en vigueur et aux int\u00e9r\u00eats du client.<\/p>\n<\/div>\n\t\t\t\t<\/div>\n\t\t\t\t\t\t\t\t<\/div>\n\t\t\t\t\t\t<\/div>\n\t\t\t\t<\/div>\n\t\t\t\t\t<\/div>\n\t\t<\/div>\n\t\t\t\t\t<\/div>\n\t\t<\/section>\n\t\t\t\t<section class=\"elementor-section elementor-top-section elementor-element elementor-element-022c295 elementor-section-boxed elementor-section-height-default elementor-section-height-default\" data-id=\"022c295\" data-element_type=\"section\" data-settings=\"{&quot;background_background&quot;:&quot;classic&quot;}\">\n\t\t\t\t\t\t<div class=\"elementor-container elementor-column-gap-default\">\n\t\t\t\t\t<div class=\"elementor-column elementor-col-100 elementor-top-column elementor-element elementor-element-cd4bd23\" data-id=\"cd4bd23\" data-element_type=\"column\">\n\t\t\t<div class=\"elementor-widget-wrap elementor-element-populated\">\n\t\t\t\t\t\t<div class=\"elementor-element elementor-element-31e833f elementor-widget elementor-widget-heading\" data-id=\"31e833f\" data-element_type=\"widget\" data-widget_type=\"heading.default\">\n\t\t\t\t<div class=\"elementor-widget-container\">\n\t\t\t\t\t<h3 class=\"elementor-heading-title elementor-size-default\">Contentieux civils et r\u00e9solution extrajudiciaire de conflits<\/h3>\t\t\t\t<\/div>\n\t\t\t\t<\/div>\n\t\t\t\t<div class=\"elementor-element elementor-element-a04490b elementor-widget elementor-widget-accordion\" data-id=\"a04490b\" data-element_type=\"widget\" data-widget_type=\"accordion.default\">\n\t\t\t\t<div class=\"elementor-widget-container\">\n\t\t\t\t\t\t\t<div class=\"elementor-accordion\">\n\t\t\t\t\t\t\t<div class=\"elementor-accordion-item\">\n\t\t\t\t\t<div id=\"elementor-tab-title-1681\" class=\"elementor-tab-title\" data-tab=\"1\" role=\"button\" aria-controls=\"elementor-tab-content-1681\" aria-expanded=\"false\">\n\t\t\t\t\t\t\t\t\t\t\t\t\t<span class=\"elementor-accordion-icon elementor-accordion-icon-left\" aria-hidden=\"true\">\n\t\t\t\t\t\t\t\t\t\t\t\t\t\t\t<span class=\"elementor-accordion-icon-closed\"><i class=\"fas fa-chevron-down\"><\/i><\/span>\n\t\t\t\t\t\t\t\t<span class=\"elementor-accordion-icon-opened\"><i class=\"fas fa-chevron-up\"><\/i><\/span>\n\t\t\t\t\t\t\t\t\t\t\t\t\t\t<\/span>\n\t\t\t\t\t\t\t\t\t\t\t\t<a class=\"elementor-accordion-title\" tabindex=\"0\"><\/a>\n\t\t\t\t\t<\/div>\n\t\t\t\t\t<div id=\"elementor-tab-content-1681\" class=\"elementor-tab-content elementor-clearfix\" data-tab=\"1\" role=\"region\" aria-labelledby=\"elementor-tab-title-1681\"><p>Notre \u00e9quipe est avant tout caract\u00e9ris\u00e9e par sa vocation transactionnelle, ind\u00e9niable. Qui fait que notre entreprise a toujours la volont\u00e9 d\u2019aborder les conflits de mani\u00e8re conciliatrice, susceptible de favoriser les accords extrajudiciaires sign\u00e9s par ses clients. Il appara\u00eet cependant qu\u2019un nombre consid\u00e9rable de n\u00e9gociations \u00e9chouent et terminent irr\u00e9m\u00e9diablement aux tribunaux. C\u2019est pourquoi nos avocats ma\u00eetrisent parfaitement le contenu de la l\u00e9gislation, du droit et de la jurisprudence civile de la Principaut\u00e9 d\u2019Andorre, afin d\u2019assurer la d\u00e9fense optimale de leurs clients.<\/p>\n<p>&nbsp;<\/p>\n<p>Cela fait maintenant 31 ans que notre directeur et fondateur exerce et d\u00e9fend des causes des plus diverses et qu\u2019il transf\u00e8re ses connaissances et conseils en mati\u00e8re de contentieux \u00e0 son \u00e9quipe de professionnels. Des conflits li\u00e9s aux droits de la responsabilit\u00e9 civile aux proc\u00e9dures de divorce litigieuses. En passant par les conflits d\u2019h\u00e9ritage et la vuln\u00e9ration d\u2019engagements contractuels qui implique une restitution ou indemnisation pour dommages et int\u00e9r\u00eats. Notre entreprise a men\u00e9 une infinit\u00e9 de proc\u00e9dures judiciaires du domaine civil depuis sa cr\u00e9ation qui font de notre bureau l\u2019une des meilleures options pour d\u00e9fendre vos int\u00e9r\u00eats, tant extrajudiciairement que devant les tribunaux.<\/p>\n<\/div>\n\t\t\t\t<\/div>\n\t\t\t\t\t\t\t\t<\/div>\n\t\t\t\t\t\t<\/div>\n\t\t\t\t<\/div>\n\t\t\t\t\t<\/div>\n\t\t<\/div>\n\t\t\t\t\t<\/div>\n\t\t<\/section>\n\t\t\t\t<\/div>\n\t\t","protected":false},"excerpt":{"rendered":"<p>Droit Civil L\u2019\u00e9quipe juridique d\u2019Aug\u00e9 Legal&amp;Fiscal jouit d\u2019une longue exp\u00e9rience en mati\u00e8re de r\u00e9daction, r\u00e9vision et supervision de tous types de contrats li\u00e9s au droit civil, la plus vaste des disciplines du droit, dans laquelle nous nous sommes sp\u00e9cialis\u00e9s. En termes de conflits civils, centr\u00e9s sur le domaine des transactions, notre \u00e9quipe mise toujours sur [&hellip;]<\/p>\n","protected":false},"author":1,"featured_media":0,"parent":1465,"menu_order":0,"comment_status":"closed","ping_status":"closed","template":"","meta":{"_acf_changed":false,"footnotes":""},"class_list":["post-1487","page","type-page","status-publish","hentry"],"acf":[],"_links":{"self":[{"href":"https:\/\/www.augelegalfiscal.com\/fr\/wp-json\/wp\/v2\/pages\/1487","targetHints":{"allow":["GET"]}}],"collection":[{"href":"https:\/\/www.augelegalfiscal.com\/fr\/wp-json\/wp\/v2\/pages"}],"about":[{"href":"https:\/\/www.augelegalfiscal.com\/fr\/wp-json\/wp\/v2\/types\/page"}],"author":[{"embeddable":true,"href":"https:\/\/www.augelegalfiscal.com\/fr\/wp-json\/wp\/v2\/users\/1"}],"replies":[{"embeddable":true,"href":"https:\/\/www.augelegalfiscal.com\/fr\/wp-json\/wp\/v2\/comments?post=1487"}],"version-history":[{"count":3,"href":"https:\/\/www.augelegalfiscal.com\/fr\/wp-json\/wp\/v2\/pages\/1487\/revisions"}],"predecessor-version":[{"id":7099,"href":"https:\/\/www.augelegalfiscal.com\/fr\/wp-json\/wp\/v2\/pages\/1487\/revisions\/7099"}],"up":[{"embeddable":true,"href":"https:\/\/www.augelegalfiscal.com\/fr\/wp-json\/wp\/v2\/pages\/1465"}],"wp:attachment":[{"href":"https:\/\/www.augelegalfiscal.com\/fr\/wp-json\/wp\/v2\/media?parent=1487"}],"curies":[{"name":"wp","href":"https:\/\/api.w.org\/{rel}","templated":true}]}}