{"id":1441,"date":"2020-03-23T17:48:02","date_gmt":"2020-03-23T16:48:02","guid":{"rendered":"https:\/\/www.augelegalfiscal.com\/area-intelectual\/depot-de-marques\/"},"modified":"2025-10-15T00:46:22","modified_gmt":"2025-10-14T22:46:22","slug":"depot-de-marques","status":"publish","type":"page","link":"https:\/\/www.augelegalfiscal.com\/fr\/area-intelectual\/depot-de-marques\/","title":{"rendered":"D\u00e9p\u00f4t de marques"},"content":{"rendered":"\t\t<div data-elementor-type=\"wp-page\" data-elementor-id=\"1441\" class=\"elementor elementor-1441 elementor-712\" data-elementor-post-type=\"page\">\n\t\t\t\t\t\t<section class=\"elementor-section elementor-top-section elementor-element elementor-element-b0ee738 elementor-section-full_width elementor-section-height-default elementor-section-height-default\" data-id=\"b0ee738\" data-element_type=\"section\">\n\t\t\t\t\t\t<div class=\"elementor-container elementor-column-gap-default\">\n\t\t\t\t\t<div class=\"elementor-column elementor-col-50 elementor-top-column elementor-element elementor-element-64d62bad\" data-id=\"64d62bad\" data-element_type=\"column\" data-settings=\"{&quot;background_background&quot;:&quot;classic&quot;}\">\n\t\t\t<div class=\"elementor-widget-wrap elementor-element-populated\">\n\t\t\t\t\t\t<div class=\"elementor-element elementor-element-244baa03 elementor-widget elementor-widget-heading\" data-id=\"244baa03\" data-element_type=\"widget\" data-widget_type=\"heading.default\">\n\t\t\t\t<div class=\"elementor-widget-container\">\n\t\t\t\t\t<h2 class=\"elementor-heading-title elementor-size-default\">D\u00e9p\u00f4t de marques<\/h2>\t\t\t\t<\/div>\n\t\t\t\t<\/div>\n\t\t\t\t<div class=\"elementor-element elementor-element-3a28ad7e elementor-widget elementor-widget-text-editor\" data-id=\"3a28ad7e\" data-element_type=\"widget\" data-widget_type=\"text-editor.default\">\n\t\t\t\t<div class=\"elementor-widget-container\">\n\t\t\t\t\t\t\t\t\t<p><span style=\"color: #a22d58;\">Une marque d\u00e9pos\u00e9e constitue un actif primordial pour toute entreprise, dans la mesure o\u00f9 cela permet de cr\u00e9er une relation durable avec sa client\u00e8le et se distinguer de la concurrence.<\/span><br \/>\nLes 8 millions de touristes qui visitent l\u2019Andorre chaque ann\u00e9e constituent un facteur qui justifie pleinement les efforts r\u00e9alis\u00e9s pour prot\u00e9ger sa marque au sein de la Principaut\u00e9.<\/p>\n<p>&nbsp;<\/p>\n<p>Le D\u00e9partement des marques d\u2019Aug\u00e9 Legal&amp;Fiscal d\u00e9pose des marques en repr\u00e9sentation de ses clients depuis plus de 20 ans. En Andorre, la proc\u00e9dure de d\u00e9p\u00f4t d\u2019une marque ne tarde que quelques jours (il n\u2019y a pas de processus d\u2019opposition) et conf\u00e8re \u00e0 son titulaire un monopole d\u2019une dur\u00e9e de 10 ans, renouvelable de mani\u00e8re ind\u00e9finie.<\/p>\n<p>&nbsp;<\/p>\n<p>La marque andorrane requiert un d\u00e9p\u00f4t sp\u00e9cifique car le territoire n\u2019est pas couvert par une marque de l\u2019Union europ\u00e9enne et ne peut \u00eatre d\u00e9sign\u00e9 par une demande internationale.<\/p>\n\t\t\t\t\t\t\t\t<\/div>\n\t\t\t\t<\/div>\n\t\t\t\t\t<\/div>\n\t\t<\/div>\n\t\t\t\t<div class=\"elementor-column elementor-col-50 elementor-top-column elementor-element elementor-element-6e7cef8a elementor-hidden-phone\" data-id=\"6e7cef8a\" data-element_type=\"column\" data-settings=\"{&quot;background_background&quot;:&quot;classic&quot;}\">\n\t\t\t<div class=\"elementor-widget-wrap elementor-element-populated\">\n\t\t\t\t\t\t<div class=\"elementor-element elementor-element-151a576 elementor-widget elementor-widget-spacer\" data-id=\"151a576\" data-element_type=\"widget\" data-widget_type=\"spacer.default\">\n\t\t\t\t<div class=\"elementor-widget-container\">\n\t\t\t\t\t\t\t<div class=\"elementor-spacer\">\n\t\t\t<div class=\"elementor-spacer-inner\"><\/div>\n\t\t<\/div>\n\t\t\t\t\t\t<\/div>\n\t\t\t\t<\/div>\n\t\t\t\t\t<\/div>\n\t\t<\/div>\n\t\t\t\t\t<\/div>\n\t\t<\/section>\n\t\t\t\t<section class=\"elementor-section elementor-top-section elementor-element elementor-element-f965973 elementor-section-boxed elementor-section-height-default elementor-section-height-default\" data-id=\"f965973\" data-element_type=\"section\" data-settings=\"{&quot;background_background&quot;:&quot;classic&quot;}\">\n\t\t\t\t\t\t<div class=\"elementor-container elementor-column-gap-default\">\n\t\t\t\t\t<div class=\"elementor-column elementor-col-100 elementor-top-column elementor-element elementor-element-da176b5\" data-id=\"da176b5\" data-element_type=\"column\">\n\t\t\t<div class=\"elementor-widget-wrap elementor-element-populated\">\n\t\t\t\t\t\t<div class=\"elementor-element elementor-element-0225f68 elementor-view-stacked elementor-widget__width-initial elementor-absolute elementor-hidden-tablet elementor-hidden-mobile elementor-shape-circle elementor-widget elementor-widget-icon\" data-id=\"0225f68\" data-element_type=\"widget\" data-settings=\"{&quot;_position&quot;:&quot;absolute&quot;}\" data-widget_type=\"icon.default\">\n\t\t\t\t<div class=\"elementor-widget-container\">\n\t\t\t\t\t\t\t<div class=\"elementor-icon-wrapper\">\n\t\t\t<div class=\"elementor-icon\">\n\t\t\t<i aria-hidden=\"true\" class=\"fas fa-arrow-right\"><\/i>\t\t\t<\/div>\n\t\t<\/div>\n\t\t\t\t\t\t<\/div>\n\t\t\t\t<\/div>\n\t\t\t\t<div class=\"elementor-element elementor-element-5f4c114 elementor-view-stacked elementor-widget__width-initial elementor-absolute elementor-hidden-tablet elementor-hidden-mobile elementor-shape-circle elementor-widget elementor-widget-icon\" data-id=\"5f4c114\" data-element_type=\"widget\" data-settings=\"{&quot;_position&quot;:&quot;absolute&quot;}\" data-widget_type=\"icon.default\">\n\t\t\t\t<div class=\"elementor-widget-container\">\n\t\t\t\t\t\t\t<div class=\"elementor-icon-wrapper\">\n\t\t\t<div class=\"elementor-icon\">\n\t\t\t<i aria-hidden=\"true\" class=\"fas fa-arrow-right\"><\/i>\t\t\t<\/div>\n\t\t<\/div>\n\t\t\t\t\t\t<\/div>\n\t\t\t\t<\/div>\n\t\t\t\t<div class=\"elementor-element elementor-element-2bb112b elementor-view-stacked elementor-widget__width-initial elementor-absolute elementor-shape-circle elementor-widget elementor-widget-icon\" data-id=\"2bb112b\" data-element_type=\"widget\" data-settings=\"{&quot;_position&quot;:&quot;absolute&quot;}\" data-widget_type=\"icon.default\">\n\t\t\t\t<div class=\"elementor-widget-container\">\n\t\t\t\t\t\t\t<div class=\"elementor-icon-wrapper\">\n\t\t\t<div class=\"elementor-icon\">\n\t\t\t<i aria-hidden=\"true\" class=\"fas fa-arrow-right\"><\/i>\t\t\t<\/div>\n\t\t<\/div>\n\t\t\t\t\t\t<\/div>\n\t\t\t\t<\/div>\n\t\t\t\t<div class=\"elementor-element elementor-element-71a9b46a elementor-widget elementor-widget-heading\" data-id=\"71a9b46a\" data-element_type=\"widget\" data-widget_type=\"heading.default\">\n\t\t\t\t<div class=\"elementor-widget-container\">\n\t\t\t\t\t<h3 class=\"elementor-heading-title elementor-size-default\">Les services en mati\u00e8re de marques propos\u00e9s par les experts d\u2019Aug\u00e9 Legal&amp;Fiscal sont les suivants<\/h3>\t\t\t\t<\/div>\n\t\t\t\t<\/div>\n\t\t\t\t<div class=\"elementor-element elementor-element-aaa66dd elementor-hidden-tablet elementor-hidden-mobile elementor-widget-divider--view-line elementor-widget elementor-widget-divider\" data-id=\"aaa66dd\" data-element_type=\"widget\" data-widget_type=\"divider.default\">\n\t\t\t\t<div class=\"elementor-widget-container\">\n\t\t\t\t\t\t\t<div class=\"elementor-divider\">\n\t\t\t<span class=\"elementor-divider-separator\">\n\t\t\t\t\t\t<\/span>\n\t\t<\/div>\n\t\t\t\t\t\t<\/div>\n\t\t\t\t<\/div>\n\t\t\t\t<section class=\"elementor-section elementor-inner-section elementor-element elementor-element-d300787 elementor-section-boxed elementor-section-height-default elementor-section-height-default\" data-id=\"d300787\" data-element_type=\"section\">\n\t\t\t\t\t\t<div class=\"elementor-container elementor-column-gap-default\">\n\t\t\t\t\t<div class=\"elementor-column elementor-col-33 elementor-inner-column elementor-element elementor-element-e07baee\" data-id=\"e07baee\" data-element_type=\"column\" data-settings=\"{&quot;background_background&quot;:&quot;classic&quot;}\">\n\t\t\t<div class=\"elementor-widget-wrap elementor-element-populated\">\n\t\t\t\t\t\t<div class=\"elementor-element elementor-element-14a204f titulo-flecha elementor-widget elementor-widget-heading\" data-id=\"14a204f\" data-element_type=\"widget\" data-widget_type=\"heading.default\">\n\t\t\t\t<div class=\"elementor-widget-container\">\n\t\t\t\t\t<h2 class=\"elementor-heading-title elementor-size-default\">Conseils - Enregistrement de marque<\/h2>\t\t\t\t<\/div>\n\t\t\t\t<\/div>\n\t\t\t\t<div class=\"elementor-element elementor-element-bf54549 elementor-widget elementor-widget-heading\" data-id=\"bf54549\" data-element_type=\"widget\" data-widget_type=\"heading.default\">\n\t\t\t\t<div class=\"elementor-widget-container\">\n\t\t\t\t\t<h4 class=\"elementor-heading-title elementor-size-default\">Conseil<\/h4>\t\t\t\t<\/div>\n\t\t\t\t<\/div>\n\t\t\t\t<div class=\"elementor-element elementor-element-98acfa6 elementor-widget elementor-widget-text-editor\" data-id=\"98acfa6\" data-element_type=\"widget\" data-widget_type=\"text-editor.default\">\n\t\t\t\t<div class=\"elementor-widget-container\">\n\t\t\t\t\t\t\t\t\t<p>\u2013 Strat\u00e9gie et coordination des d\u00e9p\u00f4ts de marques en Andorre ou \u00e0 l&rsquo;\u00e9tranger.<\/p>\n<p>\u2013 Consultations aupr\u00e8s du registre des marques avant le d\u00e9p\u00f4t d&rsquo;une marque andorrane ou enqu\u00eates sur la concurrence (\u00ab\u00a0veille\u00a0\u00bb).<\/p>\n<p>\u2013 \u00c9valuation des droits de marque.<\/p>\n\t\t\t\t\t\t\t\t<\/div>\n\t\t\t\t<\/div>\n\t\t\t\t\t<\/div>\n\t\t<\/div>\n\t\t\t\t<div class=\"elementor-column elementor-col-33 elementor-inner-column elementor-element elementor-element-860f351\" data-id=\"860f351\" data-element_type=\"column\" data-settings=\"{&quot;background_background&quot;:&quot;classic&quot;}\">\n\t\t\t<div class=\"elementor-widget-wrap elementor-element-populated\">\n\t\t\t\t\t\t<div class=\"elementor-element elementor-element-2ff5d7d titulo elementor-widget elementor-widget-heading\" data-id=\"2ff5d7d\" data-element_type=\"widget\" data-widget_type=\"heading.default\">\n\t\t\t\t<div class=\"elementor-widget-container\">\n\t\t\t\t\t<h2 class=\"elementor-heading-title elementor-size-default\">Demande et enregistrement au registre des marques<\/h2>\t\t\t\t<\/div>\n\t\t\t\t<\/div>\n\t\t\t\t<div class=\"elementor-element elementor-element-29424d0 elementor-widget elementor-widget-heading\" data-id=\"29424d0\" data-element_type=\"widget\" data-widget_type=\"heading.default\">\n\t\t\t\t<div class=\"elementor-widget-container\">\n\t\t\t\t\t<h4 class=\"elementor-heading-title elementor-size-default\">Demande et enregistrement au registre des marques<\/h4>\t\t\t\t<\/div>\n\t\t\t\t<\/div>\n\t\t\t\t<div class=\"elementor-element elementor-element-7e6ce4f elementor-widget elementor-widget-text-editor\" data-id=\"7e6ce4f\" data-element_type=\"widget\" data-widget_type=\"text-editor.default\">\n\t\t\t\t<div class=\"elementor-widget-container\">\n\t\t\t\t\t\t\t\t\t\u2013 D\u00e9p\u00f4t de marque andorrane.\r\n\r\n\u2013 Cession et licence de marque.\r\n\r\n\u2013 Constitution d&rsquo;un nantissement sur une marque.\t\t\t\t\t\t\t\t<\/div>\n\t\t\t\t<\/div>\n\t\t\t\t\t<\/div>\n\t\t<\/div>\n\t\t\t\t<div class=\"elementor-column elementor-col-33 elementor-inner-column elementor-element elementor-element-99a7b9e\" data-id=\"99a7b9e\" data-element_type=\"column\" data-settings=\"{&quot;background_background&quot;:&quot;classic&quot;}\">\n\t\t\t<div class=\"elementor-widget-wrap elementor-element-populated\">\n\t\t\t\t\t\t<div class=\"elementor-element elementor-element-3d20aaa titulo-flecha elementor-widget elementor-widget-heading\" data-id=\"3d20aaa\" data-element_type=\"widget\" data-widget_type=\"heading.default\">\n\t\t\t\t<div class=\"elementor-widget-container\">\n\t\t\t\t\t<h2 class=\"elementor-heading-title elementor-size-default\">Litige - Enregistrement de marque<\/h2>\t\t\t\t<\/div>\n\t\t\t\t<\/div>\n\t\t\t\t<div class=\"elementor-element elementor-element-5ee885f elementor-widget elementor-widget-heading\" data-id=\"5ee885f\" data-element_type=\"widget\" data-widget_type=\"heading.default\">\n\t\t\t\t<div class=\"elementor-widget-container\">\n\t\t\t\t\t<h4 class=\"elementor-heading-title elementor-size-default\">Contentieux<\/h4>\t\t\t\t<\/div>\n\t\t\t\t<\/div>\n\t\t\t\t<div class=\"elementor-element elementor-element-d615956 elementor-widget elementor-widget-text-editor\" data-id=\"d615956\" data-element_type=\"widget\" data-widget_type=\"text-editor.default\">\n\t\t\t\t<div class=\"elementor-widget-container\">\n\t\t\t\t\t\t\t\t\t\u2013 Retenues douani\u00e8res.\r\n\r\n\u2013 Actions en justice pour contrefa\u00e7on ou nullit\u00e9 de marque.\r\n\r\n\u2013 Modes alternatifs de r\u00e8glement des litiges\u00a0: arbitrage\/m\u00e9diation.\t\t\t\t\t\t\t\t<\/div>\n\t\t\t\t<\/div>\n\t\t\t\t\t<\/div>\n\t\t<\/div>\n\t\t\t\t\t<\/div>\n\t\t<\/section>\n\t\t\t\t\t<\/div>\n\t\t<\/div>\n\t\t\t\t\t<\/div>\n\t\t<\/section>\n\t\t\t\t<section class=\"elementor-section elementor-top-section elementor-element elementor-element-e3cd6ad elementor-section-boxed elementor-section-height-default elementor-section-height-default\" data-id=\"e3cd6ad\" data-element_type=\"section\" data-settings=\"{&quot;background_background&quot;:&quot;classic&quot;}\">\n\t\t\t\t\t\t<div class=\"elementor-container elementor-column-gap-default\">\n\t\t\t\t\t<div class=\"elementor-column elementor-col-100 elementor-top-column elementor-element elementor-element-50f0891\" data-id=\"50f0891\" data-element_type=\"column\">\n\t\t\t<div class=\"elementor-widget-wrap elementor-element-populated\">\n\t\t\t\t\t\t<div class=\"elementor-element elementor-element-b5f1d60 elementor-widget elementor-widget-heading\" data-id=\"b5f1d60\" data-element_type=\"widget\" data-widget_type=\"heading.default\">\n\t\t\t\t<div class=\"elementor-widget-container\">\n\t\t\t\t\t<h3 class=\"elementor-heading-title elementor-size-default\">Voir Exemple<\/h3>\t\t\t\t<\/div>\n\t\t\t\t<\/div>\n\t\t\t\t<div class=\"elementor-element elementor-element-9d60e6f elementor-widget elementor-widget-accordion\" data-id=\"9d60e6f\" data-element_type=\"widget\" data-widget_type=\"accordion.default\">\n\t\t\t\t<div class=\"elementor-widget-container\">\n\t\t\t\t\t\t\t<div class=\"elementor-accordion\">\n\t\t\t\t\t\t\t<div class=\"elementor-accordion-item\">\n\t\t\t\t\t<div id=\"elementor-tab-title-1651\" class=\"elementor-tab-title\" data-tab=\"1\" role=\"button\" aria-controls=\"elementor-tab-content-1651\" aria-expanded=\"false\">\n\t\t\t\t\t\t\t\t\t\t\t\t\t<span class=\"elementor-accordion-icon elementor-accordion-icon-left\" aria-hidden=\"true\">\n\t\t\t\t\t\t\t\t\t\t\t\t\t\t\t<span class=\"elementor-accordion-icon-closed\"><i class=\"fas fa-chevron-down\"><\/i><\/span>\n\t\t\t\t\t\t\t\t<span class=\"elementor-accordion-icon-opened\"><i class=\"fas fa-chevron-up\"><\/i><\/span>\n\t\t\t\t\t\t\t\t\t\t\t\t\t\t<\/span>\n\t\t\t\t\t\t\t\t\t\t\t\t<a class=\"elementor-accordion-title\" tabindex=\"0\"><\/a>\n\t\t\t\t\t<\/div>\n\t\t\t\t\t<div id=\"elementor-tab-content-1651\" class=\"elementor-tab-content elementor-clearfix\" data-tab=\"1\" role=\"region\" aria-labelledby=\"elementor-tab-title-1651\"><p>Une marque andorrane, consid\u00e9r\u00e9e comme composante des actifs d\u2019une entreprise, peut faire l\u2019objet d\u2019une caution qui fait office de garantie aupr\u00e8s d\u2019une banque andorrane qui fait un pr\u00eat \u00e0 l\u2019entreprise titulaire de ladite marque andorrane.<\/p>\n<\/div>\n\t\t\t\t<\/div>\n\t\t\t\t\t\t\t\t<\/div>\n\t\t\t\t\t\t<\/div>\n\t\t\t\t<\/div>\n\t\t\t\t\t<\/div>\n\t\t<\/div>\n\t\t\t\t\t<\/div>\n\t\t<\/section>\n\t\t\t\t<\/div>\n\t\t","protected":false},"excerpt":{"rendered":"<p>D\u00e9p\u00f4t de marques Une marque d\u00e9pos\u00e9e constitue un actif primordial pour toute entreprise, dans la mesure o\u00f9 cela permet de cr\u00e9er une relation durable avec sa client\u00e8le et se distinguer de la concurrence. Les 8 millions de touristes qui visitent l\u2019Andorre chaque ann\u00e9e constituent un facteur qui justifie pleinement les efforts r\u00e9alis\u00e9s pour prot\u00e9ger sa [&hellip;]<\/p>\n","protected":false},"author":1,"featured_media":0,"parent":1407,"menu_order":0,"comment_status":"closed","ping_status":"closed","template":"","meta":{"_acf_changed":false,"footnotes":""},"class_list":["post-1441","page","type-page","status-publish","hentry"],"acf":[],"_links":{"self":[{"href":"https:\/\/www.augelegalfiscal.com\/fr\/wp-json\/wp\/v2\/pages\/1441","targetHints":{"allow":["GET"]}}],"collection":[{"href":"https:\/\/www.augelegalfiscal.com\/fr\/wp-json\/wp\/v2\/pages"}],"about":[{"href":"https:\/\/www.augelegalfiscal.com\/fr\/wp-json\/wp\/v2\/types\/page"}],"author":[{"embeddable":true,"href":"https:\/\/www.augelegalfiscal.com\/fr\/wp-json\/wp\/v2\/users\/1"}],"replies":[{"embeddable":true,"href":"https:\/\/www.augelegalfiscal.com\/fr\/wp-json\/wp\/v2\/comments?post=1441"}],"version-history":[{"count":6,"href":"https:\/\/www.augelegalfiscal.com\/fr\/wp-json\/wp\/v2\/pages\/1441\/revisions"}],"predecessor-version":[{"id":15532,"href":"https:\/\/www.augelegalfiscal.com\/fr\/wp-json\/wp\/v2\/pages\/1441\/revisions\/15532"}],"up":[{"embeddable":true,"href":"https:\/\/www.augelegalfiscal.com\/fr\/wp-json\/wp\/v2\/pages\/1407"}],"wp:attachment":[{"href":"https:\/\/www.augelegalfiscal.com\/fr\/wp-json\/wp\/v2\/media?parent=1441"}],"curies":[{"name":"wp","href":"https:\/\/api.w.org\/{rel}","templated":true}]}}