{"id":1379,"date":"2020-03-23T15:58:25","date_gmt":"2020-03-23T14:58:25","guid":{"rendered":"https:\/\/www.augelegalfiscal.com\/area-inmigracion\/residence-active\/"},"modified":"2026-02-19T17:30:08","modified_gmt":"2026-02-19T16:30:08","slug":"residence-active","status":"publish","type":"page","link":"https:\/\/www.augelegalfiscal.com\/fr\/area-inmigracion\/residence-active\/","title":{"rendered":"R\u00e9sidence active"},"content":{"rendered":"\t\t<div data-elementor-type=\"wp-page\" data-elementor-id=\"1379\" class=\"elementor elementor-1379 elementor-665\" data-elementor-post-type=\"page\">\n\t\t\t\t\t\t<section class=\"elementor-section elementor-top-section elementor-element elementor-element-770f5764 elementor-section-full_width elementor-section-height-default elementor-section-height-default\" data-id=\"770f5764\" data-element_type=\"section\">\n\t\t\t\t\t\t<div class=\"elementor-container elementor-column-gap-default\">\n\t\t\t\t\t<div class=\"elementor-column elementor-col-50 elementor-top-column elementor-element elementor-element-38cd2517\" data-id=\"38cd2517\" data-element_type=\"column\" data-settings=\"{&quot;background_background&quot;:&quot;classic&quot;}\">\n\t\t\t<div class=\"elementor-widget-wrap elementor-element-populated\">\n\t\t\t\t\t\t<div class=\"elementor-element elementor-element-24e4800 elementor-widget elementor-widget-heading\" data-id=\"24e4800\" data-element_type=\"widget\" data-widget_type=\"heading.default\">\n\t\t\t\t<div class=\"elementor-widget-container\">\n\t\t\t\t\t<h2 class=\"elementor-heading-title elementor-size-default\">R\u00e9sidence pour compte propre<\/h2>\t\t\t\t<\/div>\n\t\t\t\t<\/div>\n\t\t\t\t<div class=\"elementor-element elementor-element-694ae862 elementor-widget elementor-widget-text-editor\" data-id=\"694ae862\" data-element_type=\"widget\" data-widget_type=\"text-editor.default\">\n\t\t\t\t<div class=\"elementor-widget-container\">\n\t\t\t\t\t\t\t\t\t<p>Aug\u00e9 Legal&amp;Fiscal a \u00e9t\u00e9 un pionnier et est une r\u00e9f\u00e9rence en Principaut\u00e9 en ce qui concerne la <span style=\"color: #a22d58;\"><strong>consolidation et la mise en \u0153uvre effective du concept de r\u00e9sidence pour compte propre<\/strong><\/span>. Ce type de r\u00e9sidence avec permis de travail repose sur la constitution d&rsquo;une soci\u00e9t\u00e9 commerciale andorrane dont on d\u00e9tient plus de 34 % des parts, ainsi que sur l&rsquo;exercice d&rsquo;une fonction de direction dans ladite soci\u00e9t\u00e9.<\/p>\n<p>Les autres exigences de ce statut incluent un minimum de 183 jours de s\u00e9jour dans le pays afin de pouvoir en b\u00e9n\u00e9ficier pour le renouvellement, ainsi que la contribution effective \u00e0 la s\u00e9curit\u00e9 sociale andorrane et le paiement d\u2019une taxe \u00e9tatique non remboursable de 50 000 \u20ac.<\/p>\n<p>La r\u00e9sidence pour compte propre s&rsquo;adresse aux professionnels qui font partie du capital social d&rsquo;une soci\u00e9t\u00e9 andorrane et qui occupent en outre un poste de d\u00e9cision dans l&rsquo;organe d&rsquo;administration de la soci\u00e9t\u00e9 ou aux professionnels lib\u00e9raux qui souhaitent exercer une activit\u00e9 dans la Principaut\u00e9 (dans ce dernier cas, sans d\u00e9p\u00f4t de garantie de 50 000 \u20ac).<\/p>\n\t\t\t\t\t\t\t\t<\/div>\n\t\t\t\t<\/div>\n\t\t\t\t\t<\/div>\n\t\t<\/div>\n\t\t\t\t<div class=\"elementor-column elementor-col-50 elementor-top-column elementor-element elementor-element-3236cd48 elementor-hidden-phone\" data-id=\"3236cd48\" data-element_type=\"column\" data-settings=\"{&quot;background_background&quot;:&quot;classic&quot;}\">\n\t\t\t<div class=\"elementor-widget-wrap elementor-element-populated\">\n\t\t\t\t\t\t<div class=\"elementor-element elementor-element-ebc3e69 elementor-widget elementor-widget-spacer\" data-id=\"ebc3e69\" data-element_type=\"widget\" data-widget_type=\"spacer.default\">\n\t\t\t\t<div class=\"elementor-widget-container\">\n\t\t\t\t\t\t\t<div class=\"elementor-spacer\">\n\t\t\t<div class=\"elementor-spacer-inner\"><\/div>\n\t\t<\/div>\n\t\t\t\t\t\t<\/div>\n\t\t\t\t<\/div>\n\t\t\t\t\t<\/div>\n\t\t<\/div>\n\t\t\t\t\t<\/div>\n\t\t<\/section>\n\t\t\t\t<section class=\"elementor-section elementor-top-section elementor-element elementor-element-3a79f007 elementor-section-boxed elementor-section-height-default elementor-section-height-default\" data-id=\"3a79f007\" data-element_type=\"section\" data-settings=\"{&quot;background_background&quot;:&quot;classic&quot;}\">\n\t\t\t\t\t\t<div class=\"elementor-container elementor-column-gap-default\">\n\t\t\t\t\t<div class=\"elementor-column elementor-col-100 elementor-top-column elementor-element elementor-element-7d32c3b3\" data-id=\"7d32c3b3\" data-element_type=\"column\">\n\t\t\t<div class=\"elementor-widget-wrap elementor-element-populated\">\n\t\t\t\t\t\t<div class=\"elementor-element elementor-element-129db2ce elementor-widget elementor-widget-heading\" data-id=\"129db2ce\" data-element_type=\"widget\" data-widget_type=\"heading.default\">\n\t\t\t\t<div class=\"elementor-widget-container\">\n\t\t\t\t\t<h3 class=\"elementor-heading-title elementor-size-default\">Conditions requises pour l\u2019obtention de cette modalit\u00e9<\/h3>\t\t\t\t<\/div>\n\t\t\t\t<\/div>\n\t\t\t\t<div class=\"elementor-element elementor-element-27cc640d elementor-widget elementor-widget-accordion\" data-id=\"27cc640d\" data-element_type=\"widget\" data-widget_type=\"accordion.default\">\n\t\t\t\t<div class=\"elementor-widget-container\">\n\t\t\t\t\t\t\t<div class=\"elementor-accordion\">\n\t\t\t\t\t\t\t<div class=\"elementor-accordion-item\">\n\t\t\t\t\t<div id=\"elementor-tab-title-6671\" class=\"elementor-tab-title\" data-tab=\"1\" role=\"button\" aria-controls=\"elementor-tab-content-6671\" aria-expanded=\"false\">\n\t\t\t\t\t\t\t\t\t\t\t\t\t<span class=\"elementor-accordion-icon elementor-accordion-icon-left\" aria-hidden=\"true\">\n\t\t\t\t\t\t\t\t\t\t\t\t\t\t\t<span class=\"elementor-accordion-icon-closed\"><i class=\"fas fa-chevron-down\"><\/i><\/span>\n\t\t\t\t\t\t\t\t<span class=\"elementor-accordion-icon-opened\"><i class=\"fas fa-chevron-up\"><\/i><\/span>\n\t\t\t\t\t\t\t\t\t\t\t\t\t\t<\/span>\n\t\t\t\t\t\t\t\t\t\t\t\t<a class=\"elementor-accordion-title\" tabindex=\"0\"><\/a>\n\t\t\t\t\t<\/div>\n\t\t\t\t\t<div id=\"elementor-tab-content-6671\" class=\"elementor-tab-content elementor-clearfix\" data-tab=\"1\" role=\"region\" aria-labelledby=\"elementor-tab-title-6671\"><ul>\n<li><span style=\"font-weight: 400;\">Constitution d&rsquo;une soci\u00e9t\u00e9 andorrane dans laquelle plus de 34% du capital social est d\u00e9tenu.<\/span><\/li>\n<li><span style=\"font-weight: 400;\">Contribution \u00e0 la caisse de s\u00e9curit\u00e9 sociale d&rsquo;Andorre.<\/span><\/li>\n<li>Occuper un poste de direction effectif au sein de l&rsquo;organe administratif.<\/li>\n<li>Un s\u00e9jour de 183 jours en Andorre pour pouvoir b\u00e9n\u00e9ficier d&rsquo;un renouvellement.<\/li>\n<li>Taxe \u00e9tatique non remboursable de 50 000 \u20ac.<\/li>\n<li>Dans le cas particulier des professions qualifi\u00e9es, la qualit\u00e9 de membre d&rsquo;une profession lib\u00e9rale ou d&rsquo;une association professionnelle.<\/li>\n<\/ul>\n<\/div>\n\t\t\t\t<\/div>\n\t\t\t\t\t\t\t\t<\/div>\n\t\t\t\t\t\t<\/div>\n\t\t\t\t<\/div>\n\t\t\t\t\t<\/div>\n\t\t<\/div>\n\t\t\t\t\t<\/div>\n\t\t<\/section>\n\t\t\t\t<\/div>\n\t\t","protected":false},"excerpt":{"rendered":"<p>R\u00e9sidence pour compte propre Aug\u00e9 Legal&amp;Fiscal a \u00e9t\u00e9 un pionnier et est une r\u00e9f\u00e9rence en Principaut\u00e9 en ce qui concerne la consolidation et la mise en \u0153uvre effective du concept de r\u00e9sidence pour compte propre. Ce type de r\u00e9sidence avec permis de travail repose sur la constitution d&rsquo;une soci\u00e9t\u00e9 commerciale andorrane dont on d\u00e9tient plus [&hellip;]<\/p>\n","protected":false},"author":1,"featured_media":0,"parent":1325,"menu_order":0,"comment_status":"closed","ping_status":"closed","template":"","meta":{"_acf_changed":false,"footnotes":""},"class_list":["post-1379","page","type-page","status-publish","hentry"],"acf":[],"_links":{"self":[{"href":"https:\/\/www.augelegalfiscal.com\/fr\/wp-json\/wp\/v2\/pages\/1379","targetHints":{"allow":["GET"]}}],"collection":[{"href":"https:\/\/www.augelegalfiscal.com\/fr\/wp-json\/wp\/v2\/pages"}],"about":[{"href":"https:\/\/www.augelegalfiscal.com\/fr\/wp-json\/wp\/v2\/types\/page"}],"author":[{"embeddable":true,"href":"https:\/\/www.augelegalfiscal.com\/fr\/wp-json\/wp\/v2\/users\/1"}],"replies":[{"embeddable":true,"href":"https:\/\/www.augelegalfiscal.com\/fr\/wp-json\/wp\/v2\/comments?post=1379"}],"version-history":[{"count":5,"href":"https:\/\/www.augelegalfiscal.com\/fr\/wp-json\/wp\/v2\/pages\/1379\/revisions"}],"predecessor-version":[{"id":16334,"href":"https:\/\/www.augelegalfiscal.com\/fr\/wp-json\/wp\/v2\/pages\/1379\/revisions\/16334"}],"up":[{"embeddable":true,"href":"https:\/\/www.augelegalfiscal.com\/fr\/wp-json\/wp\/v2\/pages\/1325"}],"wp:attachment":[{"href":"https:\/\/www.augelegalfiscal.com\/fr\/wp-json\/wp\/v2\/media?parent=1379"}],"curies":[{"name":"wp","href":"https:\/\/api.w.org\/{rel}","templated":true}]}}