{"id":1361,"date":"2020-03-23T17:06:03","date_gmt":"2020-03-23T16:06:03","guid":{"rendered":"https:\/\/www.augelegalfiscal.com\/area-inmigracion\/residence-de-professionnels-ayant-une-projection-internationale\/"},"modified":"2023-03-08T14:48:00","modified_gmt":"2023-03-08T13:48:00","slug":"residence-de-professionnels-ayant-une-projection-internationale","status":"publish","type":"page","link":"https:\/\/www.augelegalfiscal.com\/fr\/area-inmigracion\/residence-de-professionnels-ayant-une-projection-internationale\/","title":{"rendered":"R\u00e9sidence de professionnels ayant une projection internationale"},"content":{"rendered":"\t\t<div data-elementor-type=\"wp-page\" data-elementor-id=\"1361\" class=\"elementor elementor-1361 elementor-686\" data-elementor-post-type=\"page\">\n\t\t\t\t\t\t<section class=\"elementor-section elementor-top-section elementor-element elementor-element-21251f69 elementor-section-full_width elementor-section-height-default elementor-section-height-default\" data-id=\"21251f69\" data-element_type=\"section\">\n\t\t\t\t\t\t<div class=\"elementor-container elementor-column-gap-default\">\n\t\t\t\t\t<div class=\"elementor-column elementor-col-50 elementor-top-column elementor-element elementor-element-3a91293c\" data-id=\"3a91293c\" data-element_type=\"column\" data-settings=\"{&quot;background_background&quot;:&quot;classic&quot;}\">\n\t\t\t<div class=\"elementor-widget-wrap elementor-element-populated\">\n\t\t\t\t\t\t<div class=\"elementor-element elementor-element-7d2cf65e elementor-widget elementor-widget-heading\" data-id=\"7d2cf65e\" data-element_type=\"widget\" data-widget_type=\"heading.default\">\n\t\t\t\t<div class=\"elementor-widget-container\">\n\t\t\t\t\t<h2 class=\"elementor-heading-title elementor-size-default\">R\u00e9sidence de professionnels ayant une projection internationale<\/h2>\t\t\t\t<\/div>\n\t\t\t\t<\/div>\n\t\t\t\t<div class=\"elementor-element elementor-element-2cafad6b elementor-widget elementor-widget-text-editor\" data-id=\"2cafad6b\" data-element_type=\"widget\" data-widget_type=\"text-editor.default\">\n\t\t\t\t<div class=\"elementor-widget-container\">\n\t\t\t\t\t\t\t\t\t<p><span style=\"font-weight: 400;\">Ce profil de r\u00e9sidence s&rsquo;adresse aux <span style=\"color: #a22d58;\"><strong>professionnels ayant une activit\u00e9 \u00e9minemment internationale et n&rsquo;intervenant pas de mani\u00e8re substantielle sur le march\u00e9 andorran<\/strong><\/span>, dont les services peuvent \u00eatre fournis \u00e0 distance.<\/span><\/p>\n<p><span style=\"font-weight: 400;\">Il existe une grande vari\u00e9t\u00e9 d&rsquo;exemples de ce type de professionnels, comme les programmeurs, les consultants ou les traders, et c&rsquo;est m\u00eame un profil de r\u00e9sidence attrayant pour les mannequins, les influenceurs et les nomades num\u00e9riques.<\/span><\/p>\n\t\t\t\t\t\t\t\t<\/div>\n\t\t\t\t<\/div>\n\t\t\t\t\t<\/div>\n\t\t<\/div>\n\t\t\t\t<div class=\"elementor-column elementor-col-50 elementor-top-column elementor-element elementor-element-191d33d1 elementor-hidden-phone\" data-id=\"191d33d1\" data-element_type=\"column\" data-settings=\"{&quot;background_background&quot;:&quot;classic&quot;}\">\n\t\t\t<div class=\"elementor-widget-wrap elementor-element-populated\">\n\t\t\t\t\t\t<div class=\"elementor-element elementor-element-a8786f8 elementor-widget elementor-widget-spacer\" data-id=\"a8786f8\" data-element_type=\"widget\" data-widget_type=\"spacer.default\">\n\t\t\t\t<div class=\"elementor-widget-container\">\n\t\t\t\t\t\t\t<div class=\"elementor-spacer\">\n\t\t\t<div class=\"elementor-spacer-inner\"><\/div>\n\t\t<\/div>\n\t\t\t\t\t\t<\/div>\n\t\t\t\t<\/div>\n\t\t\t\t\t<\/div>\n\t\t<\/div>\n\t\t\t\t\t<\/div>\n\t\t<\/section>\n\t\t\t\t<section class=\"elementor-section elementor-top-section elementor-element elementor-element-3b526a33 elementor-section-boxed elementor-section-height-default elementor-section-height-default\" data-id=\"3b526a33\" data-element_type=\"section\" data-settings=\"{&quot;background_background&quot;:&quot;classic&quot;}\">\n\t\t\t\t\t\t<div class=\"elementor-container elementor-column-gap-default\">\n\t\t\t\t\t<div class=\"elementor-column elementor-col-100 elementor-top-column elementor-element elementor-element-1be31b81\" data-id=\"1be31b81\" data-element_type=\"column\">\n\t\t\t<div class=\"elementor-widget-wrap elementor-element-populated\">\n\t\t\t\t\t\t<div class=\"elementor-element elementor-element-7393e609 elementor-widget elementor-widget-heading\" data-id=\"7393e609\" data-element_type=\"widget\" data-widget_type=\"heading.default\">\n\t\t\t\t<div class=\"elementor-widget-container\">\n\t\t\t\t\t<h3 class=\"elementor-heading-title elementor-size-default\">Conditions g\u00e9n\u00e9rales requises pour acc\u00e9der \u00e0 ce type de r\u00e9sidence<\/h3>\t\t\t\t<\/div>\n\t\t\t\t<\/div>\n\t\t\t\t<div class=\"elementor-element elementor-element-5ff0405b elementor-widget elementor-widget-accordion\" data-id=\"5ff0405b\" data-element_type=\"widget\" data-widget_type=\"accordion.default\">\n\t\t\t\t<div class=\"elementor-widget-container\">\n\t\t\t\t\t\t\t<div class=\"elementor-accordion\">\n\t\t\t\t\t\t\t<div class=\"elementor-accordion-item\">\n\t\t\t\t\t<div id=\"elementor-tab-title-1601\" class=\"elementor-tab-title\" data-tab=\"1\" role=\"button\" aria-controls=\"elementor-tab-content-1601\" aria-expanded=\"false\">\n\t\t\t\t\t\t\t\t\t\t\t\t\t<span class=\"elementor-accordion-icon elementor-accordion-icon-left\" aria-hidden=\"true\">\n\t\t\t\t\t\t\t\t\t\t\t\t\t\t\t<span class=\"elementor-accordion-icon-closed\"><i class=\"fas fa-chevron-down\"><\/i><\/span>\n\t\t\t\t\t\t\t\t<span class=\"elementor-accordion-icon-opened\"><i class=\"fas fa-chevron-up\"><\/i><\/span>\n\t\t\t\t\t\t\t\t\t\t\t\t\t\t<\/span>\n\t\t\t\t\t\t\t\t\t\t\t\t<a class=\"elementor-accordion-title\" tabindex=\"0\"><\/a>\n\t\t\t\t\t<\/div>\n\t\t\t\t\t<div id=\"elementor-tab-content-1601\" class=\"elementor-tab-content elementor-clearfix\" data-tab=\"1\" role=\"region\" aria-labelledby=\"elementor-tab-title-1601\"><ul>\n<li>Caution de 47.500\u20ac vers\u00e9e aupr\u00e8s de l\u2019AFA par le titulaire, remboursable et non r\u00e9mun\u00e9r\u00e9e.<\/li>\n<li>Caution de 9.500\u20ac vers\u00e9e aupr\u00e8s de l\u2019AFA pour chaque personne \u00e0 charge.<\/li>\n<li>Disposer de moyens \u00e9conomiques suffisants pour que le titulaire et les personnes qu\u2019il a \u00e0 sa charge puissent vivre en Andorre.<\/li>\n<li>Acheter ou louer un logement en Andorre.<\/li>\n<li>Assurance maladie, invalidit\u00e9 et vieillesse avec couverture pour l&rsquo;Andorre*.<\/li>\n<li>R\u00e9sidence minimale : 90 jours par an.<\/li>\n<\/ul>\n<p>\n<em>* Mineurs et plus de 65 ans : uniquement l\u2019assurance m\u00e9dicale.<\/em><\/p>\n<\/div>\n\t\t\t\t<\/div>\n\t\t\t\t\t\t\t\t<\/div>\n\t\t\t\t\t\t<\/div>\n\t\t\t\t<\/div>\n\t\t\t\t\t<\/div>\n\t\t<\/div>\n\t\t\t\t\t<\/div>\n\t\t<\/section>\n\t\t\t\t<section class=\"elementor-section elementor-top-section elementor-element elementor-element-a2f855e elementor-section-boxed elementor-section-height-default elementor-section-height-default\" data-id=\"a2f855e\" data-element_type=\"section\" data-settings=\"{&quot;background_background&quot;:&quot;classic&quot;}\">\n\t\t\t\t\t\t<div class=\"elementor-container elementor-column-gap-default\">\n\t\t\t\t\t<div class=\"elementor-column elementor-col-100 elementor-top-column elementor-element elementor-element-561b418\" data-id=\"561b418\" data-element_type=\"column\">\n\t\t\t<div class=\"elementor-widget-wrap elementor-element-populated\">\n\t\t\t\t\t\t<div class=\"elementor-element elementor-element-3b254d9 elementor-widget elementor-widget-heading\" data-id=\"3b254d9\" data-element_type=\"widget\" data-widget_type=\"heading.default\">\n\t\t\t\t<div class=\"elementor-widget-container\">\n\t\t\t\t\t<h3 class=\"elementor-heading-title elementor-size-default\">Conditions particuli\u00e8res<\/h3>\t\t\t\t<\/div>\n\t\t\t\t<\/div>\n\t\t\t\t<div class=\"elementor-element elementor-element-93fc6ff elementor-widget elementor-widget-accordion\" data-id=\"93fc6ff\" data-element_type=\"widget\" data-widget_type=\"accordion.default\">\n\t\t\t\t<div class=\"elementor-widget-container\">\n\t\t\t\t\t\t\t<div class=\"elementor-accordion\">\n\t\t\t\t\t\t\t<div class=\"elementor-accordion-item\">\n\t\t\t\t\t<div id=\"elementor-tab-title-1551\" class=\"elementor-tab-title\" data-tab=\"1\" role=\"button\" aria-controls=\"elementor-tab-content-1551\" aria-expanded=\"false\">\n\t\t\t\t\t\t\t\t\t\t\t\t\t<span class=\"elementor-accordion-icon elementor-accordion-icon-left\" aria-hidden=\"true\">\n\t\t\t\t\t\t\t\t\t\t\t\t\t\t\t<span class=\"elementor-accordion-icon-closed\"><i class=\"fas fa-chevron-down\"><\/i><\/span>\n\t\t\t\t\t\t\t\t<span class=\"elementor-accordion-icon-opened\"><i class=\"fas fa-chevron-up\"><\/i><\/span>\n\t\t\t\t\t\t\t\t\t\t\t\t\t\t<\/span>\n\t\t\t\t\t\t\t\t\t\t\t\t<a class=\"elementor-accordion-title\" tabindex=\"0\"><\/a>\n\t\t\t\t\t<\/div>\n\t\t\t\t\t<div id=\"elementor-tab-content-1551\" class=\"elementor-tab-content elementor-clearfix\" data-tab=\"1\" role=\"region\" aria-labelledby=\"elementor-tab-title-1551\"><ul>\n<li>Si\u00e8ge de l&rsquo;entreprise en Andorre.<\/li>\n<li>Embauche d&rsquo;un maximum d&rsquo;une personne \u00e0 titre d&#8217;employ\u00e9.<\/li>\n<li>Au moins 85% des services fournis doivent \u00eatre effectivement utilis\u00e9s en dehors d&rsquo;Andorre.<\/li>\n<li>Accr\u00e9ditation d&rsquo;un plan d&rsquo;affaires viable.<\/li>\n<\/ul>\n<\/div>\n\t\t\t\t<\/div>\n\t\t\t\t\t\t\t\t<\/div>\n\t\t\t\t\t\t<\/div>\n\t\t\t\t<\/div>\n\t\t\t\t\t<\/div>\n\t\t<\/div>\n\t\t\t\t\t<\/div>\n\t\t<\/section>\n\t\t\t\t<\/div>\n\t\t","protected":false},"excerpt":{"rendered":"<p>R\u00e9sidence de professionnels ayant une projection internationale Ce profil de r\u00e9sidence s&rsquo;adresse aux professionnels ayant une activit\u00e9 \u00e9minemment internationale et n&rsquo;intervenant pas de mani\u00e8re substantielle sur le march\u00e9 andorran, dont les services peuvent \u00eatre fournis \u00e0 distance. Il existe une grande vari\u00e9t\u00e9 d&rsquo;exemples de ce type de professionnels, comme les programmeurs, les consultants ou les [&hellip;]<\/p>\n","protected":false},"author":1,"featured_media":0,"parent":1325,"menu_order":0,"comment_status":"closed","ping_status":"closed","template":"","meta":{"_acf_changed":false,"footnotes":""},"class_list":["post-1361","page","type-page","status-publish","hentry"],"acf":[],"_links":{"self":[{"href":"https:\/\/www.augelegalfiscal.com\/fr\/wp-json\/wp\/v2\/pages\/1361","targetHints":{"allow":["GET"]}}],"collection":[{"href":"https:\/\/www.augelegalfiscal.com\/fr\/wp-json\/wp\/v2\/pages"}],"about":[{"href":"https:\/\/www.augelegalfiscal.com\/fr\/wp-json\/wp\/v2\/types\/page"}],"author":[{"embeddable":true,"href":"https:\/\/www.augelegalfiscal.com\/fr\/wp-json\/wp\/v2\/users\/1"}],"replies":[{"embeddable":true,"href":"https:\/\/www.augelegalfiscal.com\/fr\/wp-json\/wp\/v2\/comments?post=1361"}],"version-history":[{"count":6,"href":"https:\/\/www.augelegalfiscal.com\/fr\/wp-json\/wp\/v2\/pages\/1361\/revisions"}],"predecessor-version":[{"id":7249,"href":"https:\/\/www.augelegalfiscal.com\/fr\/wp-json\/wp\/v2\/pages\/1361\/revisions\/7249"}],"up":[{"embeddable":true,"href":"https:\/\/www.augelegalfiscal.com\/fr\/wp-json\/wp\/v2\/pages\/1325"}],"wp:attachment":[{"href":"https:\/\/www.augelegalfiscal.com\/fr\/wp-json\/wp\/v2\/media?parent=1361"}],"curies":[{"name":"wp","href":"https:\/\/api.w.org\/{rel}","templated":true}]}}