{"id":1345,"date":"2020-03-23T16:08:36","date_gmt":"2020-03-23T15:08:36","guid":{"rendered":"https:\/\/www.augelegalfiscal.com\/area-inmigracion\/residence-avec-permis-de-travail\/"},"modified":"2023-03-08T14:45:58","modified_gmt":"2023-03-08T13:45:58","slug":"residence-avec-permis-de-travail","status":"publish","type":"page","link":"https:\/\/www.augelegalfiscal.com\/fr\/area-inmigracion\/residence-avec-permis-de-travail\/","title":{"rendered":"R\u00e9sidence avec permis de travail"},"content":{"rendered":"\t\t<div data-elementor-type=\"wp-page\" data-elementor-id=\"1345\" class=\"elementor elementor-1345 elementor-674\" data-elementor-post-type=\"page\">\n\t\t\t\t\t\t<section class=\"elementor-section elementor-top-section elementor-element elementor-element-13baeef0 elementor-section-full_width elementor-section-height-default elementor-section-height-default\" data-id=\"13baeef0\" data-element_type=\"section\">\n\t\t\t\t\t\t<div class=\"elementor-container elementor-column-gap-default\">\n\t\t\t\t\t<div class=\"elementor-column elementor-col-50 elementor-top-column elementor-element elementor-element-6cfa77e1\" data-id=\"6cfa77e1\" data-element_type=\"column\" data-settings=\"{&quot;background_background&quot;:&quot;classic&quot;}\">\n\t\t\t<div class=\"elementor-widget-wrap elementor-element-populated\">\n\t\t\t\t\t\t<div class=\"elementor-element elementor-element-7b664228 elementor-widget elementor-widget-heading\" data-id=\"7b664228\" data-element_type=\"widget\" data-widget_type=\"heading.default\">\n\t\t\t\t<div class=\"elementor-widget-container\">\n\t\t\t\t\t<h2 class=\"elementor-heading-title elementor-size-default\">R\u00e9sidence avec permis de travail<\/h2>\t\t\t\t<\/div>\n\t\t\t\t<\/div>\n\t\t\t\t<div class=\"elementor-element elementor-element-68f26da3 elementor-widget elementor-widget-text-editor\" data-id=\"68f26da3\" data-element_type=\"widget\" data-widget_type=\"text-editor.default\">\n\t\t\t\t<div class=\"elementor-widget-container\">\n\t\t\t\t\t\t\t\t\t<p><strong>Les r\u00e9sidences actives avec permis de travail sont li\u00e9es de tr\u00e8s pr\u00e8s \u00e0 la contribution active au march\u00e9 professionnel et sanitaire du pays.<\/strong><\/p>\n<p>Ce type de r\u00e9sidence, appel\u00e9 \u00ab r\u00e9sidence active pour le compte d\u2019autrui \u00bb, requiert donc un type de r\u00e9sidence \u00e0 dur\u00e9e ind\u00e9termin\u00e9e ou temporaire en vertu de laquelle les titulaires s\u2019engagent \u00e0 cotiser aupr\u00e8s de la s\u00e9curit\u00e9 sociale et \u00e9tablir leur r\u00e9sidence permanente sur le territoire andorran.<\/p>\n<p>Exceptionnellement, il existe \u00e9galement un profil de permis de travail sans r\u00e9sidence, c\u2019est-\u00e0-dire un profil de travailleur frontalier ou de travailleur engag\u00e9 en Andorre, mais destin\u00e9 \u00e0 l\u2019\u00e9tranger.<\/p>\n\t\t\t\t\t\t\t\t<\/div>\n\t\t\t\t<\/div>\n\t\t\t\t\t<\/div>\n\t\t<\/div>\n\t\t\t\t<div class=\"elementor-column elementor-col-50 elementor-top-column elementor-element elementor-element-1c7f639 elementor-hidden-phone\" data-id=\"1c7f639\" data-element_type=\"column\" data-settings=\"{&quot;background_background&quot;:&quot;classic&quot;}\">\n\t\t\t<div class=\"elementor-widget-wrap elementor-element-populated\">\n\t\t\t\t\t\t<div class=\"elementor-element elementor-element-025aa50 elementor-widget elementor-widget-spacer\" data-id=\"025aa50\" data-element_type=\"widget\" data-widget_type=\"spacer.default\">\n\t\t\t\t<div class=\"elementor-widget-container\">\n\t\t\t\t\t\t\t<div class=\"elementor-spacer\">\n\t\t\t<div class=\"elementor-spacer-inner\"><\/div>\n\t\t<\/div>\n\t\t\t\t\t\t<\/div>\n\t\t\t\t<\/div>\n\t\t\t\t\t<\/div>\n\t\t<\/div>\n\t\t\t\t\t<\/div>\n\t\t<\/section>\n\t\t\t\t<section class=\"elementor-section elementor-top-section elementor-element elementor-element-38e789d6 elementor-section-boxed elementor-section-height-default elementor-section-height-default\" data-id=\"38e789d6\" data-element_type=\"section\" data-settings=\"{&quot;background_background&quot;:&quot;classic&quot;}\">\n\t\t\t\t\t\t<div class=\"elementor-container elementor-column-gap-default\">\n\t\t\t\t\t<div class=\"elementor-column elementor-col-100 elementor-top-column elementor-element elementor-element-38cff37c\" data-id=\"38cff37c\" data-element_type=\"column\">\n\t\t\t<div class=\"elementor-widget-wrap elementor-element-populated\">\n\t\t\t\t\t\t<div class=\"elementor-element elementor-element-7b8eb6ff elementor-widget elementor-widget-heading\" data-id=\"7b8eb6ff\" data-element_type=\"widget\" data-widget_type=\"heading.default\">\n\t\t\t\t<div class=\"elementor-widget-container\">\n\t\t\t\t\t<h3 class=\"elementor-heading-title elementor-size-default\">En mati\u00e8re de r\u00e9sidences actives pour le compte d\u2019autrui, il faut tenir compte des \u00e9l\u00e9ments de base suivants afin de bien comprendre la nature et la port\u00e9e des permis<\/h3>\t\t\t\t<\/div>\n\t\t\t\t<\/div>\n\t\t\t\t<div class=\"elementor-element elementor-element-17bf70a3 elementor-widget elementor-widget-accordion\" data-id=\"17bf70a3\" data-element_type=\"widget\" data-widget_type=\"accordion.default\">\n\t\t\t\t<div class=\"elementor-widget-container\">\n\t\t\t\t\t\t\t<div class=\"elementor-accordion\">\n\t\t\t\t\t\t\t<div class=\"elementor-accordion-item\">\n\t\t\t\t\t<div id=\"elementor-tab-title-3981\" class=\"elementor-tab-title\" data-tab=\"1\" role=\"button\" aria-controls=\"elementor-tab-content-3981\" aria-expanded=\"false\">\n\t\t\t\t\t\t\t\t\t\t\t\t\t<span class=\"elementor-accordion-icon elementor-accordion-icon-left\" aria-hidden=\"true\">\n\t\t\t\t\t\t\t\t\t\t\t\t\t\t\t<span class=\"elementor-accordion-icon-closed\"><i class=\"fas fa-chevron-down\"><\/i><\/span>\n\t\t\t\t\t\t\t\t<span class=\"elementor-accordion-icon-opened\"><i class=\"fas fa-chevron-up\"><\/i><\/span>\n\t\t\t\t\t\t\t\t\t\t\t\t\t\t<\/span>\n\t\t\t\t\t\t\t\t\t\t\t\t<a class=\"elementor-accordion-title\" tabindex=\"0\"><\/a>\n\t\t\t\t\t<\/div>\n\t\t\t\t\t<div id=\"elementor-tab-content-3981\" class=\"elementor-tab-content elementor-clearfix\" data-tab=\"1\" role=\"region\" aria-labelledby=\"elementor-tab-title-3981\"><ul>\n<li>On entend par \u00ab active pour le compte d\u2019autrui \u00bb le fait qu\u2019il y a pr\u00e9sence d\u2019une soci\u00e9t\u00e9 andorrane contractante.<\/li>\n<li>L\u2019acc\u00e8s audit permis d\u00e9pend des places internes demand\u00e9es par l\u2019entreprise contractante aupr\u00e8s de l\u2019autorit\u00e9 comp\u00e9tente.<\/li>\n<li>Obligation de faire preuve d\u2019une formation et\/ou des connaissances dans le domaine pour lequel la personne est engag\u00e9e.<\/li>\n<li>Obligation de fournir un lieu de r\u00e9sidence concret et continu afin d\u2019acc\u00e9der au renouvellement.<\/li>\n<\/ul>\n<\/div>\n\t\t\t\t<\/div>\n\t\t\t\t\t\t\t\t<\/div>\n\t\t\t\t\t\t<\/div>\n\t\t\t\t<\/div>\n\t\t\t\t\t<\/div>\n\t\t<\/div>\n\t\t\t\t\t<\/div>\n\t\t<\/section>\n\t\t\t\t<section class=\"elementor-section elementor-top-section elementor-element elementor-element-b89902c elementor-section-boxed elementor-section-height-default elementor-section-height-default\" data-id=\"b89902c\" data-element_type=\"section\" data-settings=\"{&quot;background_background&quot;:&quot;classic&quot;}\">\n\t\t\t\t\t\t<div class=\"elementor-container elementor-column-gap-default\">\n\t\t\t\t\t<div class=\"elementor-column elementor-col-100 elementor-top-column elementor-element elementor-element-acd4e02\" data-id=\"acd4e02\" data-element_type=\"column\">\n\t\t\t<div class=\"elementor-widget-wrap elementor-element-populated\">\n\t\t\t\t\t\t<div class=\"elementor-element elementor-element-a534bf6 elementor-widget elementor-widget-heading\" data-id=\"a534bf6\" data-element_type=\"widget\" data-widget_type=\"heading.default\">\n\t\t\t\t<div class=\"elementor-widget-container\">\n\t\t\t\t\t<h3 class=\"elementor-heading-title elementor-size-default\">Droits et avantages octroy\u00e9s aux r\u00e9sidents avec permis de travail<\/h3>\t\t\t\t<\/div>\n\t\t\t\t<\/div>\n\t\t\t\t<div class=\"elementor-element elementor-element-c6a1bf9 elementor-widget elementor-widget-accordion\" data-id=\"c6a1bf9\" data-element_type=\"widget\" data-widget_type=\"accordion.default\">\n\t\t\t\t<div class=\"elementor-widget-container\">\n\t\t\t\t\t\t\t<div class=\"elementor-accordion\">\n\t\t\t\t\t\t\t<div class=\"elementor-accordion-item\">\n\t\t\t\t\t<div id=\"elementor-tab-title-2081\" class=\"elementor-tab-title\" data-tab=\"1\" role=\"button\" aria-controls=\"elementor-tab-content-2081\" aria-expanded=\"false\">\n\t\t\t\t\t\t\t\t\t\t\t\t\t<span class=\"elementor-accordion-icon elementor-accordion-icon-left\" aria-hidden=\"true\">\n\t\t\t\t\t\t\t\t\t\t\t\t\t\t\t<span class=\"elementor-accordion-icon-closed\"><i class=\"fas fa-chevron-down\"><\/i><\/span>\n\t\t\t\t\t\t\t\t<span class=\"elementor-accordion-icon-opened\"><i class=\"fas fa-chevron-up\"><\/i><\/span>\n\t\t\t\t\t\t\t\t\t\t\t\t\t\t<\/span>\n\t\t\t\t\t\t\t\t\t\t\t\t<a class=\"elementor-accordion-title\" tabindex=\"0\"><\/a>\n\t\t\t\t\t<\/div>\n\t\t\t\t\t<div id=\"elementor-tab-content-2081\" class=\"elementor-tab-content elementor-clearfix\" data-tab=\"1\" role=\"region\" aria-labelledby=\"elementor-tab-title-2081\"><ul>\n<li>Acc\u00e8s au syst\u00e8me de sant\u00e9 public andorran.<\/li>\n<li>Le taux maximum de l\u2019Imp\u00f4t sur le Revenu est de 10%, en compl\u00e9ment, des r\u00e9ductions et exon\u00e9rations avantageuses qui r\u00e9duisent le taux effectif.<\/li>\n<li>Possibilit\u00e9 de regroupement familial post\u00e9rieur.<\/li>\n<\/ul>\n<\/div>\n\t\t\t\t<\/div>\n\t\t\t\t\t\t\t\t<\/div>\n\t\t\t\t\t\t<\/div>\n\t\t\t\t<\/div>\n\t\t\t\t\t<\/div>\n\t\t<\/div>\n\t\t\t\t\t<\/div>\n\t\t<\/section>\n\t\t\t\t<\/div>\n\t\t","protected":false},"excerpt":{"rendered":"<p>R\u00e9sidence avec permis de travail Les r\u00e9sidences actives avec permis de travail sont li\u00e9es de tr\u00e8s pr\u00e8s \u00e0 la contribution active au march\u00e9 professionnel et sanitaire du pays. Ce type de r\u00e9sidence, appel\u00e9 \u00ab r\u00e9sidence active pour le compte d\u2019autrui \u00bb, requiert donc un type de r\u00e9sidence \u00e0 dur\u00e9e ind\u00e9termin\u00e9e ou temporaire en vertu de [&hellip;]<\/p>\n","protected":false},"author":1,"featured_media":0,"parent":1325,"menu_order":0,"comment_status":"closed","ping_status":"closed","template":"","meta":{"_acf_changed":false,"footnotes":""},"class_list":["post-1345","page","type-page","status-publish","hentry"],"acf":[],"_links":{"self":[{"href":"https:\/\/www.augelegalfiscal.com\/fr\/wp-json\/wp\/v2\/pages\/1345","targetHints":{"allow":["GET"]}}],"collection":[{"href":"https:\/\/www.augelegalfiscal.com\/fr\/wp-json\/wp\/v2\/pages"}],"about":[{"href":"https:\/\/www.augelegalfiscal.com\/fr\/wp-json\/wp\/v2\/types\/page"}],"author":[{"embeddable":true,"href":"https:\/\/www.augelegalfiscal.com\/fr\/wp-json\/wp\/v2\/users\/1"}],"replies":[{"embeddable":true,"href":"https:\/\/www.augelegalfiscal.com\/fr\/wp-json\/wp\/v2\/comments?post=1345"}],"version-history":[{"count":3,"href":"https:\/\/www.augelegalfiscal.com\/fr\/wp-json\/wp\/v2\/pages\/1345\/revisions"}],"predecessor-version":[{"id":7235,"href":"https:\/\/www.augelegalfiscal.com\/fr\/wp-json\/wp\/v2\/pages\/1345\/revisions\/7235"}],"up":[{"embeddable":true,"href":"https:\/\/www.augelegalfiscal.com\/fr\/wp-json\/wp\/v2\/pages\/1325"}],"wp:attachment":[{"href":"https:\/\/www.augelegalfiscal.com\/fr\/wp-json\/wp\/v2\/media?parent=1345"}],"curies":[{"name":"wp","href":"https:\/\/api.w.org\/{rel}","templated":true}]}}