{"id":1311,"date":"2020-03-23T15:26:09","date_gmt":"2020-03-23T14:26:09","guid":{"rendered":"https:\/\/www.augelegalfiscal.com\/area-fiscal\/fiscalite-internationale\/"},"modified":"2023-03-08T14:38:59","modified_gmt":"2023-03-08T13:38:59","slug":"fiscalite-internationale","status":"publish","type":"page","link":"https:\/\/www.augelegalfiscal.com\/fr\/fiscalite-internationale\/","title":{"rendered":"Fiscalit\u00e9 internationale"},"content":{"rendered":"\t\t<div data-elementor-type=\"wp-page\" data-elementor-id=\"1311\" class=\"elementor elementor-1311 elementor-645\" data-elementor-post-type=\"page\">\n\t\t\t\t\t\t<section class=\"elementor-section elementor-top-section elementor-element elementor-element-75300e96 elementor-section-full_width elementor-section-height-default elementor-section-height-default\" data-id=\"75300e96\" data-element_type=\"section\">\n\t\t\t\t\t\t<div class=\"elementor-container elementor-column-gap-default\">\n\t\t\t\t\t<div class=\"elementor-column elementor-col-50 elementor-top-column elementor-element elementor-element-77841f9c\" data-id=\"77841f9c\" data-element_type=\"column\" data-settings=\"{&quot;background_background&quot;:&quot;classic&quot;}\">\n\t\t\t<div class=\"elementor-widget-wrap elementor-element-populated\">\n\t\t\t\t\t\t<div class=\"elementor-element elementor-element-7fd11aff elementor-widget elementor-widget-heading\" data-id=\"7fd11aff\" data-element_type=\"widget\" data-widget_type=\"heading.default\">\n\t\t\t\t<div class=\"elementor-widget-container\">\n\t\t\t\t\t<h2 class=\"elementor-heading-title elementor-size-default\">Fiscalit\u00e9 internationale<\/h2>\t\t\t\t<\/div>\n\t\t\t\t<\/div>\n\t\t\t\t<div class=\"elementor-element elementor-element-163eb184 elementor-widget elementor-widget-text-editor\" data-id=\"163eb184\" data-element_type=\"widget\" data-widget_type=\"text-editor.default\">\n\t\t\t\t<div class=\"elementor-widget-container\">\n\t\t\t\t\t\t\t\t\t<p>Nous conseillons nos clients en mati\u00e8re de <span style=\"color: #a22d58;\"><strong>fiscalit\u00e9 internationale et les orientons \u00e0 travers leurs transactions internationales<\/strong><\/span> selon une perspective globale et int\u00e9grale.<br \/>\nLa probl\u00e9matique d\u00e9riv\u00e9e de l\u2019application correcte des conventions internationales afin d\u2019\u00e9viter la double imposition et l\u2019interpr\u00e9tation correcte du contenu des directives europ\u00e9ennes en mati\u00e8re de fiscalit\u00e9 internationale sont des sujets que nos professionnels traitent au quotidien.<\/p>\n<p>&nbsp;<\/p>\n<p>Nos experts jouissent par ailleurs d\u2019une longue exp\u00e9rience en mati\u00e8re de conseil aux non-r\u00e9sidents qui investissent en Andorre, attir\u00e9s par son syst\u00e8me fiscale concurrentiel.<\/p>\n<p>&nbsp;<\/p>\n<p>En plus des conseils relatifs aux op\u00e9rations d\u2019investissements \u00e9trangers, nous orientons aussi les clients nationaux qui d\u00e9cident d\u2019internationaliser leur activit\u00e9 \u00e9conomique \u00e0 travers la mise en place de structures de soci\u00e9t\u00e9s transnationales qui leur permettent de b\u00e9n\u00e9ficier d\u2019un cadre tributaire optimal avec les meilleures garanties possibles.<\/p>\n\t\t\t\t\t\t\t\t<\/div>\n\t\t\t\t<\/div>\n\t\t\t\t\t<\/div>\n\t\t<\/div>\n\t\t\t\t<div class=\"elementor-column elementor-col-50 elementor-top-column elementor-element elementor-element-71b81db5 elementor-hidden-phone\" data-id=\"71b81db5\" data-element_type=\"column\" data-settings=\"{&quot;background_background&quot;:&quot;classic&quot;}\">\n\t\t\t<div class=\"elementor-widget-wrap\">\n\t\t\t\t\t\t\t<\/div>\n\t\t<\/div>\n\t\t\t\t\t<\/div>\n\t\t<\/section>\n\t\t\t\t<\/div>\n\t\t","protected":false},"excerpt":{"rendered":"<p>Fiscalit\u00e9 internationale Nous conseillons nos clients en mati\u00e8re de fiscalit\u00e9 internationale et les orientons \u00e0 travers leurs transactions internationales selon une perspective globale et int\u00e9grale. La probl\u00e9matique d\u00e9riv\u00e9e de l\u2019application correcte des conventions internationales afin d\u2019\u00e9viter la double imposition et l\u2019interpr\u00e9tation correcte du contenu des directives europ\u00e9ennes en mati\u00e8re de fiscalit\u00e9 internationale sont des sujets [&hellip;]<\/p>\n","protected":false},"author":1,"featured_media":0,"parent":0,"menu_order":0,"comment_status":"closed","ping_status":"closed","template":"","meta":{"_acf_changed":false,"footnotes":""},"class_list":["post-1311","page","type-page","status-publish","hentry"],"acf":[],"_links":{"self":[{"href":"https:\/\/www.augelegalfiscal.com\/fr\/wp-json\/wp\/v2\/pages\/1311","targetHints":{"allow":["GET"]}}],"collection":[{"href":"https:\/\/www.augelegalfiscal.com\/fr\/wp-json\/wp\/v2\/pages"}],"about":[{"href":"https:\/\/www.augelegalfiscal.com\/fr\/wp-json\/wp\/v2\/types\/page"}],"author":[{"embeddable":true,"href":"https:\/\/www.augelegalfiscal.com\/fr\/wp-json\/wp\/v2\/users\/1"}],"replies":[{"embeddable":true,"href":"https:\/\/www.augelegalfiscal.com\/fr\/wp-json\/wp\/v2\/comments?post=1311"}],"version-history":[{"count":3,"href":"https:\/\/www.augelegalfiscal.com\/fr\/wp-json\/wp\/v2\/pages\/1311\/revisions"}],"predecessor-version":[{"id":7207,"href":"https:\/\/www.augelegalfiscal.com\/fr\/wp-json\/wp\/v2\/pages\/1311\/revisions\/7207"}],"wp:attachment":[{"href":"https:\/\/www.augelegalfiscal.com\/fr\/wp-json\/wp\/v2\/media?parent=1311"}],"curies":[{"name":"wp","href":"https:\/\/api.w.org\/{rel}","templated":true}]}}