{"id":1293,"date":"2020-03-27T20:15:16","date_gmt":"2020-03-27T19:15:16","guid":{"rendered":"https:\/\/www.augelegalfiscal.com\/area-fiscal\/fiscalite-generale\/"},"modified":"2023-03-08T14:38:08","modified_gmt":"2023-03-08T13:38:08","slug":"fiscalite-generale","status":"publish","type":"page","link":"https:\/\/www.augelegalfiscal.com\/fr\/fiscalite-generale\/","title":{"rendered":"Fiscalit\u00e9 g\u00e9n\u00e9rale"},"content":{"rendered":"\t\t<div data-elementor-type=\"wp-page\" data-elementor-id=\"1293\" class=\"elementor elementor-1293 elementor-636\" data-elementor-post-type=\"page\">\n\t\t\t\t\t\t<section class=\"elementor-section elementor-top-section elementor-element elementor-element-53d9598 elementor-section-full_width elementor-section-height-default elementor-section-height-default\" data-id=\"53d9598\" data-element_type=\"section\">\n\t\t\t\t\t\t<div class=\"elementor-container elementor-column-gap-default\">\n\t\t\t\t\t<div class=\"elementor-column elementor-col-50 elementor-top-column elementor-element elementor-element-460ec17c\" data-id=\"460ec17c\" data-element_type=\"column\" data-settings=\"{&quot;background_background&quot;:&quot;classic&quot;}\">\n\t\t\t<div class=\"elementor-widget-wrap elementor-element-populated\">\n\t\t\t\t\t\t<div class=\"elementor-element elementor-element-276bc09f elementor-widget elementor-widget-heading\" data-id=\"276bc09f\" data-element_type=\"widget\" data-widget_type=\"heading.default\">\n\t\t\t\t<div class=\"elementor-widget-container\">\n\t\t\t\t\t<h2 class=\"elementor-heading-title elementor-size-default\">Fiscalit\u00e9 g\u00e9n\u00e9rale<\/h2>\t\t\t\t<\/div>\n\t\t\t\t<\/div>\n\t\t\t\t<div class=\"elementor-element elementor-element-36cd5e0 elementor-widget elementor-widget-text-editor\" data-id=\"36cd5e0\" data-element_type=\"widget\" data-widget_type=\"text-editor.default\">\n\t\t\t\t<div class=\"elementor-widget-container\">\n\t\t\t\t\t\t\t\t\t<p><span style=\"color: #a22d58;\">Nous proposons un service-conseil fiscal int\u00e9gral aux entreprises et aux particuliers qui, de mani\u00e8re dynamique et proactive, fournit des solutions synonymes de plus-value \u00e9lev\u00e9e.<\/span><br \/>\nNous \u00e9laborons \u00e9galement des strat\u00e9gies de planification fiscale adapt\u00e9es \u00e0 nos clients en vue de leur proposer un sc\u00e9nario et un traitement fiscaux optimaux qui faciliteront leurs prises de d\u00e9cisions.<\/p>\n\t\t\t\t\t\t\t\t<\/div>\n\t\t\t\t<\/div>\n\t\t\t\t\t<\/div>\n\t\t<\/div>\n\t\t\t\t<div class=\"elementor-column elementor-col-50 elementor-top-column elementor-element elementor-element-68aa1812 elementor-hidden-phone\" data-id=\"68aa1812\" data-element_type=\"column\" data-settings=\"{&quot;background_background&quot;:&quot;classic&quot;}\">\n\t\t\t<div class=\"elementor-widget-wrap elementor-element-populated\">\n\t\t\t\t\t\t<div class=\"elementor-element elementor-element-9af09f9 elementor-widget elementor-widget-spacer\" data-id=\"9af09f9\" data-element_type=\"widget\" data-widget_type=\"spacer.default\">\n\t\t\t\t<div class=\"elementor-widget-container\">\n\t\t\t\t\t\t\t<div class=\"elementor-spacer\">\n\t\t\t<div class=\"elementor-spacer-inner\"><\/div>\n\t\t<\/div>\n\t\t\t\t\t\t<\/div>\n\t\t\t\t<\/div>\n\t\t\t\t\t<\/div>\n\t\t<\/div>\n\t\t\t\t\t<\/div>\n\t\t<\/section>\n\t\t\t\t<section class=\"elementor-section elementor-top-section elementor-element elementor-element-2cb6ba2d elementor-section-boxed elementor-section-height-default elementor-section-height-default\" data-id=\"2cb6ba2d\" data-element_type=\"section\" data-settings=\"{&quot;background_background&quot;:&quot;classic&quot;}\">\n\t\t\t\t\t\t<div class=\"elementor-container elementor-column-gap-default\">\n\t\t\t\t\t<div class=\"elementor-column elementor-col-100 elementor-top-column elementor-element elementor-element-37af7f48\" data-id=\"37af7f48\" data-element_type=\"column\">\n\t\t\t<div class=\"elementor-widget-wrap elementor-element-populated\">\n\t\t\t\t\t\t<div class=\"elementor-element elementor-element-55974379 elementor-widget elementor-widget-heading\" data-id=\"55974379\" data-element_type=\"widget\" data-widget_type=\"heading.default\">\n\t\t\t\t<div class=\"elementor-widget-container\">\n\t\t\t\t\t<h3 class=\"elementor-heading-title elementor-size-default\">Notre service-conseil comprend<\/h3>\t\t\t\t<\/div>\n\t\t\t\t<\/div>\n\t\t\t\t<div class=\"elementor-element elementor-element-24967084 elementor-widget elementor-widget-accordion\" data-id=\"24967084\" data-element_type=\"widget\" data-widget_type=\"accordion.default\">\n\t\t\t\t<div class=\"elementor-widget-container\">\n\t\t\t\t\t\t\t<div class=\"elementor-accordion\">\n\t\t\t\t\t\t\t<div class=\"elementor-accordion-item\">\n\t\t\t\t\t<div id=\"elementor-tab-title-6131\" class=\"elementor-tab-title\" data-tab=\"1\" role=\"button\" aria-controls=\"elementor-tab-content-6131\" aria-expanded=\"false\">\n\t\t\t\t\t\t\t\t\t\t\t\t\t<span class=\"elementor-accordion-icon elementor-accordion-icon-left\" aria-hidden=\"true\">\n\t\t\t\t\t\t\t\t\t\t\t\t\t\t\t<span class=\"elementor-accordion-icon-closed\"><i class=\"fas fa-chevron-down\"><\/i><\/span>\n\t\t\t\t\t\t\t\t<span class=\"elementor-accordion-icon-opened\"><i class=\"fas fa-chevron-up\"><\/i><\/span>\n\t\t\t\t\t\t\t\t\t\t\t\t\t\t<\/span>\n\t\t\t\t\t\t\t\t\t\t\t\t<a class=\"elementor-accordion-title\" tabindex=\"0\"><\/a>\n\t\t\t\t\t<\/div>\n\t\t\t\t\t<div id=\"elementor-tab-content-6131\" class=\"elementor-tab-content elementor-clearfix\" data-tab=\"1\" role=\"region\" aria-labelledby=\"elementor-tab-title-6131\"><ul>\n<li>R\u00e9vision et r\u00e9daction de d\u00e9clarations d\u2019imp\u00f4ts.<\/li>\n<li>Conseil fiscal int\u00e9gral destin\u00e9 aux personnes physiques et juridiques et aux holdings consolid\u00e9s.<\/li>\n<li>Conseil et planification fiscale dans le cadre de proc\u00e9dures d\u2019achat et de transfert de soci\u00e9t\u00e9s et d\u2019op\u00e9rations de restructuration d\u2019entreprises.<\/li>\n<li>Planification et conception de structures de soci\u00e9t\u00e9s en vue de proposer des mesures permettant l\u2019optimisation fiscale de l\u2019entreprise.<\/li>\n<li>Audit fiscal (Due diligence).<\/li>\n<li>Fiscalit\u00e9 immobili\u00e8re. Conseil fiscal dans le cadre de projets de transfert ou d\u2019achat de biens immobiliers.<\/li>\n<\/ul>\n<\/div>\n\t\t\t\t<\/div>\n\t\t\t\t\t\t\t\t<\/div>\n\t\t\t\t\t\t<\/div>\n\t\t\t\t<\/div>\n\t\t\t\t\t<\/div>\n\t\t<\/div>\n\t\t\t\t\t<\/div>\n\t\t<\/section>\n\t\t\t\t<\/div>\n\t\t","protected":false},"excerpt":{"rendered":"<p>Fiscalit\u00e9 g\u00e9n\u00e9rale Nous proposons un service-conseil fiscal int\u00e9gral aux entreprises et aux particuliers qui, de mani\u00e8re dynamique et proactive, fournit des solutions synonymes de plus-value \u00e9lev\u00e9e. Nous \u00e9laborons \u00e9galement des strat\u00e9gies de planification fiscale adapt\u00e9es \u00e0 nos clients en vue de leur proposer un sc\u00e9nario et un traitement fiscaux optimaux qui faciliteront leurs prises de [&hellip;]<\/p>\n","protected":false},"author":1,"featured_media":0,"parent":0,"menu_order":0,"comment_status":"closed","ping_status":"closed","template":"","meta":{"_acf_changed":false,"footnotes":""},"class_list":["post-1293","page","type-page","status-publish","hentry"],"acf":[],"_links":{"self":[{"href":"https:\/\/www.augelegalfiscal.com\/fr\/wp-json\/wp\/v2\/pages\/1293","targetHints":{"allow":["GET"]}}],"collection":[{"href":"https:\/\/www.augelegalfiscal.com\/fr\/wp-json\/wp\/v2\/pages"}],"about":[{"href":"https:\/\/www.augelegalfiscal.com\/fr\/wp-json\/wp\/v2\/types\/page"}],"author":[{"embeddable":true,"href":"https:\/\/www.augelegalfiscal.com\/fr\/wp-json\/wp\/v2\/users\/1"}],"replies":[{"embeddable":true,"href":"https:\/\/www.augelegalfiscal.com\/fr\/wp-json\/wp\/v2\/comments?post=1293"}],"version-history":[{"count":3,"href":"https:\/\/www.augelegalfiscal.com\/fr\/wp-json\/wp\/v2\/pages\/1293\/revisions"}],"predecessor-version":[{"id":7200,"href":"https:\/\/www.augelegalfiscal.com\/fr\/wp-json\/wp\/v2\/pages\/1293\/revisions\/7200"}],"wp:attachment":[{"href":"https:\/\/www.augelegalfiscal.com\/fr\/wp-json\/wp\/v2\/media?parent=1293"}],"curies":[{"name":"wp","href":"https:\/\/api.w.org\/{rel}","templated":true}]}}