{"id":1275,"date":"2020-03-23T15:45:55","date_gmt":"2020-03-23T14:45:55","guid":{"rendered":"https:\/\/www.augelegalfiscal.com\/area-fiscal\/contentieux-fiscal\/"},"modified":"2023-03-08T14:37:19","modified_gmt":"2023-03-08T13:37:19","slug":"contentieux-fiscal","status":"publish","type":"page","link":"https:\/\/www.augelegalfiscal.com\/fr\/contentieux-fiscal\/","title":{"rendered":"Contentieux-Fiscal"},"content":{"rendered":"\t\t<div data-elementor-type=\"wp-page\" data-elementor-id=\"1275\" class=\"elementor elementor-1275 elementor-656\" data-elementor-post-type=\"page\">\n\t\t\t\t\t\t<section class=\"elementor-section elementor-top-section elementor-element elementor-element-60cd5957 elementor-section-full_width elementor-section-height-default elementor-section-height-default\" data-id=\"60cd5957\" data-element_type=\"section\">\n\t\t\t\t\t\t<div class=\"elementor-container elementor-column-gap-default\">\n\t\t\t\t\t<div class=\"elementor-column elementor-col-50 elementor-top-column elementor-element elementor-element-1dd909d1\" data-id=\"1dd909d1\" data-element_type=\"column\" data-settings=\"{&quot;background_background&quot;:&quot;classic&quot;}\">\n\t\t\t<div class=\"elementor-widget-wrap elementor-element-populated\">\n\t\t\t\t\t\t<div class=\"elementor-element elementor-element-41ad6e2e elementor-widget elementor-widget-heading\" data-id=\"41ad6e2e\" data-element_type=\"widget\" data-widget_type=\"heading.default\">\n\t\t\t\t<div class=\"elementor-widget-container\">\n\t\t\t\t\t<h2 class=\"elementor-heading-title elementor-size-default\">Contentieux-Fiscal<\/h2>\t\t\t\t<\/div>\n\t\t\t\t<\/div>\n\t\t\t\t<div class=\"elementor-element elementor-element-f9f266f elementor-widget elementor-widget-text-editor\" data-id=\"f9f266f\" data-element_type=\"widget\" data-widget_type=\"text-editor.default\">\n\t\t\t\t<div class=\"elementor-widget-container\">\n\t\t\t\t\t\t\t\t\t<p><span style=\"color: #a22d58;\">Nous orientons nos clients lors des phases pr\u00e9alables aux litiges fiscaux \u00e0 travers le traitement des requ\u00eates fiscales, l\u2019assistance et la direction technique en mati\u00e8re de proc\u00e9dures de gestion et d\u2019inspection, de proc\u00e9dures disciplinaires et de collectes d\u2019imp\u00f4ts, de r\u00e9clamations \u00e9conomico-administratives et autres proc\u00e9dures de r\u00e9vision administratives. Aug\u00e9 Legal&amp;Fiscal d\u00e9fend \u00e9galement les int\u00e9r\u00eats de ses clients aupr\u00e8s des instances administratives et judiciaires avec les meilleures garanties.<\/span><br \/>\nEn fonction des circonstances sp\u00e9cifiques de chaque cas, nous nous chargeons aussi de la r\u00e9daction et de la pr\u00e9sentation de consultations contraignantes aupr\u00e8s de l\u2019Administration fiscale afin de prot\u00e9ger nos clients face \u00e0 toute action administrative.<\/p>\n\t\t\t\t\t\t\t\t<\/div>\n\t\t\t\t<\/div>\n\t\t\t\t\t<\/div>\n\t\t<\/div>\n\t\t\t\t<div class=\"elementor-column elementor-col-50 elementor-top-column elementor-element elementor-element-297f93aa elementor-hidden-phone\" data-id=\"297f93aa\" data-element_type=\"column\" data-settings=\"{&quot;background_background&quot;:&quot;classic&quot;}\">\n\t\t\t<div class=\"elementor-widget-wrap\">\n\t\t\t\t\t\t\t<\/div>\n\t\t<\/div>\n\t\t\t\t\t<\/div>\n\t\t<\/section>\n\t\t\t\t<\/div>\n\t\t","protected":false},"excerpt":{"rendered":"<p>Contentieux-Fiscal Nous orientons nos clients lors des phases pr\u00e9alables aux litiges fiscaux \u00e0 travers le traitement des requ\u00eates fiscales, l\u2019assistance et la direction technique en mati\u00e8re de proc\u00e9dures de gestion et d\u2019inspection, de proc\u00e9dures disciplinaires et de collectes d\u2019imp\u00f4ts, de r\u00e9clamations \u00e9conomico-administratives et autres proc\u00e9dures de r\u00e9vision administratives. Aug\u00e9 Legal&amp;Fiscal d\u00e9fend \u00e9galement les int\u00e9r\u00eats de [&hellip;]<\/p>\n","protected":false},"author":1,"featured_media":0,"parent":0,"menu_order":0,"comment_status":"closed","ping_status":"closed","template":"","meta":{"_acf_changed":false,"footnotes":""},"class_list":["post-1275","page","type-page","status-publish","hentry"],"acf":[],"_links":{"self":[{"href":"https:\/\/www.augelegalfiscal.com\/fr\/wp-json\/wp\/v2\/pages\/1275","targetHints":{"allow":["GET"]}}],"collection":[{"href":"https:\/\/www.augelegalfiscal.com\/fr\/wp-json\/wp\/v2\/pages"}],"about":[{"href":"https:\/\/www.augelegalfiscal.com\/fr\/wp-json\/wp\/v2\/types\/page"}],"author":[{"embeddable":true,"href":"https:\/\/www.augelegalfiscal.com\/fr\/wp-json\/wp\/v2\/users\/1"}],"replies":[{"embeddable":true,"href":"https:\/\/www.augelegalfiscal.com\/fr\/wp-json\/wp\/v2\/comments?post=1275"}],"version-history":[{"count":3,"href":"https:\/\/www.augelegalfiscal.com\/fr\/wp-json\/wp\/v2\/pages\/1275\/revisions"}],"predecessor-version":[{"id":7193,"href":"https:\/\/www.augelegalfiscal.com\/fr\/wp-json\/wp\/v2\/pages\/1275\/revisions\/7193"}],"wp:attachment":[{"href":"https:\/\/www.augelegalfiscal.com\/fr\/wp-json\/wp\/v2\/media?parent=1275"}],"curies":[{"name":"wp","href":"https:\/\/api.w.org\/{rel}","templated":true}]}}