{"id":1217,"date":"2020-03-06T09:50:44","date_gmt":"2020-03-06T08:50:44","guid":{"rendered":"https:\/\/www.augelegalfiscal.com\/entreprise\/pourquoi-choisir-landorre\/"},"modified":"2024-02-23T12:57:26","modified_gmt":"2024-02-23T11:57:26","slug":"pourquoi-choisir-landorre","status":"publish","type":"page","link":"https:\/\/www.augelegalfiscal.com\/fr\/entreprise\/pourquoi-choisir-landorre\/","title":{"rendered":"Pourquoi choisir l\u2019Andorre"},"content":{"rendered":"\t\t<div data-elementor-type=\"wp-page\" data-elementor-id=\"1217\" class=\"elementor elementor-1217 elementor-241\" data-elementor-post-type=\"page\">\n\t\t\t\t\t\t<section class=\"elementor-section elementor-top-section elementor-element elementor-element-4b1b7ca3 elementor-section-boxed elementor-section-height-default elementor-section-height-default\" data-id=\"4b1b7ca3\" data-element_type=\"section\" id=\"page-hero\" data-settings=\"{&quot;background_background&quot;:&quot;classic&quot;,&quot;animation&quot;:&quot;none&quot;}\">\n\t\t\t\t\t\t<div class=\"elementor-container elementor-column-gap-default\">\n\t\t\t\t\t<div class=\"elementor-column elementor-col-100 elementor-top-column elementor-element elementor-element-62e01fc1\" data-id=\"62e01fc1\" data-element_type=\"column\">\n\t\t\t<div class=\"elementor-widget-wrap elementor-element-populated\">\n\t\t\t\t\t\t<div class=\"elementor-element elementor-element-354b2fc2 elementor-widget elementor-widget-heading\" data-id=\"354b2fc2\" data-element_type=\"widget\" data-widget_type=\"heading.default\">\n\t\t\t\t<div class=\"elementor-widget-container\">\n\t\t\t\t\t<h1 class=\"elementor-heading-title elementor-size-default\">Pourquoi choisir l\u2019Andorre?<\/h1>\t\t\t\t<\/div>\n\t\t\t\t<\/div>\n\t\t\t\t\t<\/div>\n\t\t<\/div>\n\t\t\t\t\t<\/div>\n\t\t<\/section>\n\t\t\t\t<section class=\"elementor-section elementor-top-section elementor-element elementor-element-581ceae elementor-section-boxed elementor-section-height-default elementor-section-height-default\" data-id=\"581ceae\" data-element_type=\"section\" data-settings=\"{&quot;background_background&quot;:&quot;classic&quot;}\">\n\t\t\t\t\t\t<div class=\"elementor-container elementor-column-gap-default\">\n\t\t\t\t\t<div class=\"elementor-column elementor-col-66 elementor-top-column elementor-element elementor-element-504b8d8\" data-id=\"504b8d8\" data-element_type=\"column\">\n\t\t\t<div class=\"elementor-widget-wrap elementor-element-populated\">\n\t\t\t\t\t\t<div class=\"elementor-element elementor-element-24b7937 elementor-widget elementor-widget-heading\" data-id=\"24b7937\" data-element_type=\"widget\" data-widget_type=\"heading.default\">\n\t\t\t\t<div class=\"elementor-widget-container\">\n\t\t\t\t\t<h1 class=\"elementor-heading-title elementor-size-default\">L\u2019Andorre dispose de l\u2019une des juridictions les plus comp\u00e9titives d\u2019Europe.<\/h1>\t\t\t\t<\/div>\n\t\t\t\t<\/div>\n\t\t\t\t<div class=\"elementor-element elementor-element-8635bfa elementor-widget elementor-widget-text-editor\" data-id=\"8635bfa\" data-element_type=\"widget\" data-widget_type=\"text-editor.default\">\n\t\t\t\t<div class=\"elementor-widget-container\">\n\t\t\t\t\t\t\t\t\t<p>Situ\u00e9e entre l\u2019Espagne et la France dans un cadre naturel unique et caract\u00e9ris\u00e9e par l\u2019un des taux de criminalit\u00e9 les plus faibles du monde, la Principaut\u00e9 offre \u00e0 ses citoyens une\u00a0<strong>qualit\u00e9 de vie tr\u00e8s \u00e9lev\u00e9e et un syst\u00e8me fiscal<\/strong>\u00a0comp\u00e9titif issu d\u2019un processus d\u2019homologation internationale tr\u00e8s complet et d\u2019un pari d\u00e9cisif en faveur de la transparence et de la coop\u00e9ration internationales, conform\u00e9ment aux crit\u00e8res exig\u00e9s par l\u2019Union Europ\u00e9enne et l\u2019OCDE.<\/p>\n\t\t\t\t\t\t\t\t<\/div>\n\t\t\t\t<\/div>\n\t\t\t\t<div class=\"elementor-element elementor-element-a49e0a9 elementor-widget elementor-widget-text-editor\" data-id=\"a49e0a9\" data-element_type=\"widget\" data-widget_type=\"text-editor.default\">\n\t\t\t\t<div class=\"elementor-widget-container\">\n\t\t\t\t\t\t\t\t\t<p><strong>L\u2019Andorre<\/strong>,\u00a0pays singulier qui a fait de l\u2019\u00e9quilibre une v\u00e9ritable raison d\u2019\u00eatre, a v\u00e9cu huit si\u00e8cles de paix sans la moindre guerre et sans besoin de disposer d\u2019arm\u00e9e tout en assurant l\u2019ininterruption de l\u2019une des plus anciennes d\u00e9mocraties du monde. Forte d\u2019une\u00a0<strong>\u00e9conomie consciente et durable, intelligente (smart) et efficace<\/strong>,\u00a0dot\u00e9e d\u2019un ADN de montagne sensibilis\u00e9 envers la protection de l\u2019environnement combin\u00e9e aux principales technologies de derni\u00e8re g\u00e9n\u00e9ration. L\u2019Andorre est un pays tr\u00e8s bien consid\u00e9r\u00e9 synonyme de bon sens et <strong>d\u2019esprit clairement inclusif<\/strong>.\u00a0Une territoire unique qui permet de vivre en parfaite harmonie avec son corps, son esprit et son \u00e2me, et de savourer un mode de vie active et saine qui inspire et accueille ses visiteurs \u00e0 bras ouverts, touristes et nouveaux r\u00e9sidents confondus.<\/p>\n\t\t\t\t\t\t\t\t<\/div>\n\t\t\t\t<\/div>\n\t\t\t\t\t<\/div>\n\t\t<\/div>\n\t\t\t\t<div class=\"elementor-column elementor-col-33 elementor-top-column elementor-element elementor-element-cac3c98\" data-id=\"cac3c98\" data-element_type=\"column\">\n\t\t\t<div class=\"elementor-widget-wrap elementor-element-populated\">\n\t\t\t\t\t\t<div class=\"elementor-element elementor-element-6b92fac elementor-widget elementor-widget-image\" data-id=\"6b92fac\" data-element_type=\"widget\" data-widget_type=\"image.default\">\n\t\t\t\t<div class=\"elementor-widget-container\">\n\t\t\t\t\t\t\t\t\t\t\t\t\t\t\t<img fetchpriority=\"high\" decoding=\"async\" width=\"2560\" height=\"1707\" src=\"https:\/\/www.augelegalfiscal.com\/wp-content\/uploads\/2024\/02\/TTF1938-scaled.jpg\" class=\"attachment-full size-full wp-image-10217\" alt=\"\" srcset=\"https:\/\/www.augelegalfiscal.com\/wp-content\/uploads\/2024\/02\/TTF1938-scaled.jpg 2560w, https:\/\/www.augelegalfiscal.com\/wp-content\/uploads\/2024\/02\/TTF1938-300x200.jpg 300w, https:\/\/www.augelegalfiscal.com\/wp-content\/uploads\/2024\/02\/TTF1938-1024x683.jpg 1024w, https:\/\/www.augelegalfiscal.com\/wp-content\/uploads\/2024\/02\/TTF1938-768x512.jpg 768w, https:\/\/www.augelegalfiscal.com\/wp-content\/uploads\/2024\/02\/TTF1938-1536x1024.jpg 1536w, https:\/\/www.augelegalfiscal.com\/wp-content\/uploads\/2024\/02\/TTF1938-2048x1366.jpg 2048w\" sizes=\"(max-width: 2560px) 100vw, 2560px\" \/>\t\t\t\t\t\t\t\t\t\t\t\t\t\t\t<\/div>\n\t\t\t\t<\/div>\n\t\t\t\t\t<\/div>\n\t\t<\/div>\n\t\t\t\t\t<\/div>\n\t\t<\/section>\n\t\t\t\t<\/div>\n\t\t","protected":false},"excerpt":{"rendered":"<p>Pourquoi choisir l\u2019Andorre? L\u2019Andorre dispose de l\u2019une des juridictions les plus comp\u00e9titives d\u2019Europe. Situ\u00e9e entre l\u2019Espagne et la France dans un cadre naturel unique et caract\u00e9ris\u00e9e par l\u2019un des taux de criminalit\u00e9 les plus faibles du monde, la Principaut\u00e9 offre \u00e0 ses citoyens une\u00a0qualit\u00e9 de vie tr\u00e8s \u00e9lev\u00e9e et un syst\u00e8me fiscal\u00a0comp\u00e9titif issu d\u2019un processus [&hellip;]<\/p>\n","protected":false},"author":1,"featured_media":0,"parent":1138,"menu_order":0,"comment_status":"closed","ping_status":"closed","template":"","meta":{"_acf_changed":false,"footnotes":""},"class_list":["post-1217","page","type-page","status-publish","hentry"],"acf":[],"_links":{"self":[{"href":"https:\/\/www.augelegalfiscal.com\/fr\/wp-json\/wp\/v2\/pages\/1217","targetHints":{"allow":["GET"]}}],"collection":[{"href":"https:\/\/www.augelegalfiscal.com\/fr\/wp-json\/wp\/v2\/pages"}],"about":[{"href":"https:\/\/www.augelegalfiscal.com\/fr\/wp-json\/wp\/v2\/types\/page"}],"author":[{"embeddable":true,"href":"https:\/\/www.augelegalfiscal.com\/fr\/wp-json\/wp\/v2\/users\/1"}],"replies":[{"embeddable":true,"href":"https:\/\/www.augelegalfiscal.com\/fr\/wp-json\/wp\/v2\/comments?post=1217"}],"version-history":[{"count":3,"href":"https:\/\/www.augelegalfiscal.com\/fr\/wp-json\/wp\/v2\/pages\/1217\/revisions"}],"predecessor-version":[{"id":10231,"href":"https:\/\/www.augelegalfiscal.com\/fr\/wp-json\/wp\/v2\/pages\/1217\/revisions\/10231"}],"up":[{"embeddable":true,"href":"https:\/\/www.augelegalfiscal.com\/fr\/wp-json\/wp\/v2\/pages\/1138"}],"wp:attachment":[{"href":"https:\/\/www.augelegalfiscal.com\/fr\/wp-json\/wp\/v2\/media?parent=1217"}],"curies":[{"name":"wp","href":"https:\/\/api.w.org\/{rel}","templated":true}]}}