{"id":1628,"date":"2020-03-09T22:21:58","date_gmt":"2020-03-09T21:21:58","guid":{"rendered":"https:\/\/www.augelegalfiscal.com\/arees-de-practica\/propietat-intellectual\/"},"modified":"2023-03-14T12:49:48","modified_gmt":"2023-03-14T11:49:48","slug":"propietat-intellectual","status":"publish","type":"page","link":"https:\/\/www.augelegalfiscal.com\/ca\/serveis-corporatius\/propietat-intellectual\/","title":{"rendered":"Propietat intel\u00b7lectual"},"content":{"rendered":"\t\t<div data-elementor-type=\"wp-page\" data-elementor-id=\"1628\" class=\"elementor elementor-1628 elementor-369\" data-elementor-post-type=\"page\">\n\t\t\t\t\t\t<section class=\"elementor-section elementor-top-section elementor-element elementor-element-24a0fa69 elementor-section-boxed elementor-section-height-default elementor-section-height-default\" data-id=\"24a0fa69\" data-element_type=\"section\" id=\"page-hero\" data-settings=\"{&quot;background_background&quot;:&quot;classic&quot;,&quot;animation&quot;:&quot;none&quot;}\">\n\t\t\t\t\t\t<div class=\"elementor-container elementor-column-gap-default\">\n\t\t\t\t\t<div class=\"elementor-column elementor-col-100 elementor-top-column elementor-element elementor-element-1804d35\" data-id=\"1804d35\" data-element_type=\"column\">\n\t\t\t<div class=\"elementor-widget-wrap elementor-element-populated\">\n\t\t\t\t\t\t<div class=\"elementor-element elementor-element-1716fa01 elementor-widget elementor-widget-heading\" data-id=\"1716fa01\" data-element_type=\"widget\" data-widget_type=\"heading.default\">\n\t\t\t\t<div class=\"elementor-widget-container\">\n\t\t\t\t\t<h1 class=\"elementor-heading-title elementor-size-default\">Propietat intel\u00b7lectual<\/h1>\t\t\t\t<\/div>\n\t\t\t\t<\/div>\n\t\t\t\t\t<\/div>\n\t\t<\/div>\n\t\t\t\t\t<\/div>\n\t\t<\/section>\n\t\t\t\t<section class=\"elementor-section elementor-top-section elementor-element elementor-element-7ed37e39 elementor-section-boxed elementor-section-height-default elementor-section-height-default\" data-id=\"7ed37e39\" data-element_type=\"section\" data-settings=\"{&quot;background_background&quot;:&quot;classic&quot;}\">\n\t\t\t\t\t\t<div class=\"elementor-container elementor-column-gap-default\">\n\t\t\t\t\t<div class=\"elementor-column elementor-col-100 elementor-top-column elementor-element elementor-element-39ce6095\" data-id=\"39ce6095\" data-element_type=\"column\">\n\t\t\t<div class=\"elementor-widget-wrap elementor-element-populated\">\n\t\t\t\t\t\t<div class=\"elementor-element elementor-element-349ba56a elementor-widget elementor-widget-text-editor\" data-id=\"349ba56a\" data-element_type=\"widget\" data-widget_type=\"text-editor.default\">\n\t\t\t\t<div class=\"elementor-widget-container\">\n\t\t\t\t\t\t\t\t\t<p>Aug\u00e9 Legal&amp;Fiscal ha defensat els interessos dels clients en mat\u00e8ria de <span style=\"color: #a22d58;\"><strong>Propietat intel\u00b7lectual<\/strong><\/span> des de l\u2019any 1996, tant en el nivell del registre com del contenci\u00f3s, i ha esdevingut una empresa de refer\u00e8ncia en aquest camp.<\/p>\n\t\t\t\t\t\t\t\t<\/div>\n\t\t\t\t<\/div>\n\t\t\t\t\t<\/div>\n\t\t<\/div>\n\t\t\t\t\t<\/div>\n\t\t<\/section>\n\t\t\t\t<section class=\"elementor-section elementor-top-section elementor-element elementor-element-797f61c2 elementor-section-boxed elementor-section-height-default elementor-section-height-default\" data-id=\"797f61c2\" data-element_type=\"section\" data-settings=\"{&quot;background_background&quot;:&quot;classic&quot;}\">\n\t\t\t\t\t\t<div class=\"elementor-container elementor-column-gap-default\">\n\t\t\t\t\t<div class=\"elementor-column elementor-col-66 elementor-top-column elementor-element elementor-element-114fa44e\" data-id=\"114fa44e\" data-element_type=\"column\">\n\t\t\t<div class=\"elementor-widget-wrap elementor-element-populated\">\n\t\t\t\t\t\t<div class=\"elementor-element elementor-element-66c0ca46 elementor-widget elementor-widget-text-editor\" data-id=\"66c0ca46\" data-element_type=\"widget\" data-widget_type=\"text-editor.default\">\n\t\t\t\t<div class=\"elementor-widget-container\">\n\t\t\t\t\t\t\t\t\t<p>El departament de propietat intel\u00b7lectual va n\u00e9ixer amb l\u2019adopci\u00f3 del marc jur\u00eddic en l\u2019\u00e0mbit de les marques el 1995 (Llei de l\u201911 de maig de 1995 i Reglament del 28 de desembre del 2015).<\/p>\n<p>El\u00a0<strong>Sr. Pere Aug\u00e9<\/strong>\u00a0ha estat un dels primers mandataris acreditats per l\u2019Oficina de Marques i Patents del Principat d\u2019Andorra (OMPA). L\u2019any 2015 (Llei 26\/2014 del 30 d\u2019octubre i Reglament de 22 de juliol del 2015), Aug\u00e9 Grup ha ampliat l\u2019oferta dels seus serveis al registre i contenci\u00f3s en l\u2019\u00e0mbit de les patents amb l\u2019adopci\u00f3 de la llei i reglament sobre la patent andorrana. Aquesta especialitat tamb\u00e9 permet representar els interessos dels clients respecte als drets d\u2019autor i drets connexos, en particular per mitj\u00e0 de l\u2019entitat de dret p\u00fablic per a la gesti\u00f3 col\u00b7lectiva d\u2019aquests drets.<\/p>\n<p>Tamb\u00e9 s\u2019ha desenvolupat un marc jur\u00eddic relatiu als identificadors d\u2019Estat i dominis \u201cad\u201d que comporta especificitats pr\u00f2pies a Andorra (Reglament del 20 de setembre del 2000).<\/p>\n<p>L\u2019obertura econ\u00f2mica del pa\u00eds i el nou marc fiscal homologat al nivell mundial han creat oportunitats per a societats andorranes de gesti\u00f3 d\u2019intangibles i en particular de propietat intel\u00b7lectual i industrial. D\u2019altra banda, el registre i l\u2019\u00fas d\u2019una marca i\/o d\u2019una patent andorrana contribueixen, juntament amb altres criteris legals, a donar subst\u00e0ncia a l\u2019activitat d\u2019una societat andorrana.<\/p>\n\t\t\t\t\t\t\t\t<\/div>\n\t\t\t\t<\/div>\n\t\t\t\t\t<\/div>\n\t\t<\/div>\n\t\t\t\t<div class=\"elementor-column elementor-col-33 elementor-top-column elementor-element elementor-element-7eee5421\" data-id=\"7eee5421\" data-element_type=\"column\">\n\t\t\t<div class=\"elementor-widget-wrap elementor-element-populated\">\n\t\t\t\t\t\t<div class=\"elementor-element elementor-element-1a8ec887 elementor-icon-list--layout-traditional elementor-list-item-link-full_width elementor-widget elementor-widget-icon-list\" data-id=\"1a8ec887\" data-element_type=\"widget\" data-widget_type=\"icon-list.default\">\n\t\t\t\t<div class=\"elementor-widget-container\">\n\t\t\t\t\t\t\t<ul class=\"elementor-icon-list-items\">\n\t\t\t\t\t\t\t<li class=\"elementor-icon-list-item\">\n\t\t\t\t\t\t\t\t\t\t\t<a href=\"https:\/\/www.augelegalfiscal.com\/ca\/area-intelectual\/registre-de-marques\/\">\n\n\t\t\t\t\t\t\t\t\t\t\t\t<span class=\"elementor-icon-list-icon\">\n\t\t\t\t\t\t\t<i aria-hidden=\"true\" class=\"fas fa-chevron-right\"><\/i>\t\t\t\t\t\t<\/span>\n\t\t\t\t\t\t\t\t\t\t<span class=\"elementor-icon-list-text\">Registre de marques<\/span>\n\t\t\t\t\t\t\t\t\t\t\t<\/a>\n\t\t\t\t\t\t\t\t\t<\/li>\n\t\t\t\t\t\t\t\t<li class=\"elementor-icon-list-item\">\n\t\t\t\t\t\t\t\t\t\t\t<a href=\"https:\/\/www.augelegalfiscal.com\/ca\/area-intelectual\/registre-de-patents\/\">\n\n\t\t\t\t\t\t\t\t\t\t\t\t<span class=\"elementor-icon-list-icon\">\n\t\t\t\t\t\t\t<i aria-hidden=\"true\" class=\"fas fa-chevron-right\"><\/i>\t\t\t\t\t\t<\/span>\n\t\t\t\t\t\t\t\t\t\t<span class=\"elementor-icon-list-text\">Registre de patents<\/span>\n\t\t\t\t\t\t\t\t\t\t\t<\/a>\n\t\t\t\t\t\t\t\t\t<\/li>\n\t\t\t\t\t\t\t\t<li class=\"elementor-icon-list-item\">\n\t\t\t\t\t\t\t\t\t\t\t<a href=\"https:\/\/www.augelegalfiscal.com\/ca\/area-intelectual\/registre-de-dominis-ad\/\">\n\n\t\t\t\t\t\t\t\t\t\t\t\t<span class=\"elementor-icon-list-icon\">\n\t\t\t\t\t\t\t<i aria-hidden=\"true\" class=\"fas fa-chevron-right\"><\/i>\t\t\t\t\t\t<\/span>\n\t\t\t\t\t\t\t\t\t\t<span class=\"elementor-icon-list-text\">Registre de dominis.ad<\/span>\n\t\t\t\t\t\t\t\t\t\t\t<\/a>\n\t\t\t\t\t\t\t\t\t<\/li>\n\t\t\t\t\t\t\t\t<li class=\"elementor-icon-list-item\">\n\t\t\t\t\t\t\t\t\t\t\t<a href=\"https:\/\/www.augelegalfiscal.com\/ca\/area-intelectual\/gestio-de-drets-d-autor\/\">\n\n\t\t\t\t\t\t\t\t\t\t\t\t<span class=\"elementor-icon-list-icon\">\n\t\t\t\t\t\t\t<i aria-hidden=\"true\" class=\"fas fa-chevron-right\"><\/i>\t\t\t\t\t\t<\/span>\n\t\t\t\t\t\t\t\t\t\t<span class=\"elementor-icon-list-text\">Gesti\u00f3 de drets d\u2019autor<\/span>\n\t\t\t\t\t\t\t\t\t\t\t<\/a>\n\t\t\t\t\t\t\t\t\t<\/li>\n\t\t\t\t\t\t\t\t<li class=\"elementor-icon-list-item\">\n\t\t\t\t\t\t\t\t\t\t\t<a href=\"https:\/\/www.augelegalfiscal.com\/ca\/area-intelectual\/blockchain\/\">\n\n\t\t\t\t\t\t\t\t\t\t\t\t<span class=\"elementor-icon-list-icon\">\n\t\t\t\t\t\t\t<i aria-hidden=\"true\" class=\"fas fa-chevron-right\"><\/i>\t\t\t\t\t\t<\/span>\n\t\t\t\t\t\t\t\t\t\t<span class=\"elementor-icon-list-text\">Blockchain<\/span>\n\t\t\t\t\t\t\t\t\t\t\t<\/a>\n\t\t\t\t\t\t\t\t\t<\/li>\n\t\t\t\t\t\t\t\t<li class=\"elementor-icon-list-item\">\n\t\t\t\t\t\t\t\t\t\t\t<a href=\"https:\/\/www.augelegalfiscal.com\/ca\/area-intelectual\/big-data\/\">\n\n\t\t\t\t\t\t\t\t\t\t\t\t<span class=\"elementor-icon-list-icon\">\n\t\t\t\t\t\t\t<i aria-hidden=\"true\" class=\"fas fa-chevron-right\"><\/i>\t\t\t\t\t\t<\/span>\n\t\t\t\t\t\t\t\t\t\t<span class=\"elementor-icon-list-text\">Big Data<\/span>\n\t\t\t\t\t\t\t\t\t\t\t<\/a>\n\t\t\t\t\t\t\t\t\t<\/li>\n\t\t\t\t\t\t<\/ul>\n\t\t\t\t\t\t<\/div>\n\t\t\t\t<\/div>\n\t\t\t\t\t<\/div>\n\t\t<\/div>\n\t\t\t\t\t<\/div>\n\t\t<\/section>\n\t\t\t\t<\/div>\n\t\t","protected":false},"excerpt":{"rendered":"<p>Propietat intel\u00b7lectual Aug\u00e9 Legal&amp;Fiscal ha defensat els interessos dels clients en mat\u00e8ria de Propietat intel\u00b7lectual des de l\u2019any 1996, tant en el nivell del registre com del contenci\u00f3s, i ha esdevingut una empresa de refer\u00e8ncia en aquest camp. El departament de propietat intel\u00b7lectual va n\u00e9ixer amb l\u2019adopci\u00f3 del marc jur\u00eddic en l\u2019\u00e0mbit de les marques [&hellip;]<\/p>\n","protected":false},"author":1,"featured_media":0,"parent":1140,"menu_order":0,"comment_status":"closed","ping_status":"closed","template":"","meta":{"_acf_changed":false,"footnotes":""},"class_list":["post-1628","page","type-page","status-publish","hentry"],"acf":[],"_links":{"self":[{"href":"https:\/\/www.augelegalfiscal.com\/ca\/wp-json\/wp\/v2\/pages\/1628","targetHints":{"allow":["GET"]}}],"collection":[{"href":"https:\/\/www.augelegalfiscal.com\/ca\/wp-json\/wp\/v2\/pages"}],"about":[{"href":"https:\/\/www.augelegalfiscal.com\/ca\/wp-json\/wp\/v2\/types\/page"}],"author":[{"embeddable":true,"href":"https:\/\/www.augelegalfiscal.com\/ca\/wp-json\/wp\/v2\/users\/1"}],"replies":[{"embeddable":true,"href":"https:\/\/www.augelegalfiscal.com\/ca\/wp-json\/wp\/v2\/comments?post=1628"}],"version-history":[{"count":4,"href":"https:\/\/www.augelegalfiscal.com\/ca\/wp-json\/wp\/v2\/pages\/1628\/revisions"}],"predecessor-version":[{"id":7594,"href":"https:\/\/www.augelegalfiscal.com\/ca\/wp-json\/wp\/v2\/pages\/1628\/revisions\/7594"}],"up":[{"embeddable":true,"href":"https:\/\/www.augelegalfiscal.com\/ca\/wp-json\/wp\/v2\/pages\/1140"}],"wp:attachment":[{"href":"https:\/\/www.augelegalfiscal.com\/ca\/wp-json\/wp\/v2\/media?parent=1628"}],"curies":[{"name":"wp","href":"https:\/\/api.w.org\/{rel}","templated":true}]}}