{"id":1365,"date":"2020-03-23T15:58:25","date_gmt":"2020-03-23T14:58:25","guid":{"rendered":"https:\/\/www.augelegalfiscal.com\/area-immigracio\/residencia-per-compte-propi\/"},"modified":"2026-02-19T17:29:24","modified_gmt":"2026-02-19T16:29:24","slug":"residencia-per-compte-propi","status":"publish","type":"page","link":"https:\/\/www.augelegalfiscal.com\/ca\/area-immigracio\/residencia-per-compte-propi\/","title":{"rendered":"Resid\u00e8ncia per compte propi"},"content":{"rendered":"\t\t<div data-elementor-type=\"wp-page\" data-elementor-id=\"1365\" class=\"elementor elementor-1365 elementor-665\" data-elementor-post-type=\"page\">\n\t\t\t\t\t\t<section class=\"elementor-section elementor-top-section elementor-element elementor-element-770f5764 elementor-section-full_width elementor-section-height-default elementor-section-height-default\" data-id=\"770f5764\" data-element_type=\"section\">\n\t\t\t\t\t\t<div class=\"elementor-container elementor-column-gap-default\">\n\t\t\t\t\t<div class=\"elementor-column elementor-col-50 elementor-top-column elementor-element elementor-element-38cd2517\" data-id=\"38cd2517\" data-element_type=\"column\" data-settings=\"{&quot;background_background&quot;:&quot;classic&quot;}\">\n\t\t\t<div class=\"elementor-widget-wrap elementor-element-populated\">\n\t\t\t\t\t\t<div class=\"elementor-element elementor-element-24e4800 elementor-widget elementor-widget-heading\" data-id=\"24e4800\" data-element_type=\"widget\" data-widget_type=\"heading.default\">\n\t\t\t\t<div class=\"elementor-widget-container\">\n\t\t\t\t\t<h2 class=\"elementor-heading-title elementor-size-default\">Resid\u00e8ncia per compte propi<\/h2>\t\t\t\t<\/div>\n\t\t\t\t<\/div>\n\t\t\t\t<div class=\"elementor-element elementor-element-694ae862 elementor-widget elementor-widget-text-editor\" data-id=\"694ae862\" data-element_type=\"widget\" data-widget_type=\"text-editor.default\">\n\t\t\t\t<div class=\"elementor-widget-container\">\n\t\t\t\t\t\t\t\t\t<p>Aug\u00e9 Legal&amp;Fiscal va ser pioner i \u00e9s un referent al Principat pel que fa a la <span style=\"color: #a22d58;\"><strong>consolidaci\u00f3 i implantaci\u00f3 efectiva de la figura de resid\u00e8ncia per compte propi<\/strong><\/span>. Aquesta modalitat de resid\u00e8ncia amb perm\u00eds de treball es basa en la constituci\u00f3 d&#8217;una societat mercantil andorrana de la que es tinguin m\u00e9s d&#8217;un 34% de les participaci\u00f3ns, i tamb\u00e9 es basa en l\u2019exercici d\u2019un c\u00e0rrec de direcci\u00f3 en la societat esmentada.<\/p>\n<p>Altres requisits d\u2019aquest estatus passen per un m\u00ednim de 183 dies de perman\u00e8ncia en el pa\u00eds perqu\u00e8 es pugui optar a la renovaci\u00f3; tamb\u00e9 \u00e9s requisit la contribuci\u00f3 efectiva a la Seguretat Social Andorrana i l\u2019aportaci\u00f3 d\u2019un dip\u00f2sit recuperable davant l\u2019Autoritat Financera Andorrana per valor de 50.000 \u20ac.<\/p>\n<p>La resid\u00e8ncia per compte propi es dirigeix a professionals que formen part del capital social d\u2019una companyia andorrana i que addicionalment ocupen un c\u00e0rrec decisori en l\u2019\u00f2rgan d\u2019administraci\u00f3 de la mateixa; tamb\u00e9 es dirigeix a professionals liberals que volen exercir una activitat al Principat (aquests ultims sense el dip\u00f2sit de garant\u00eda de 50.000\u20ac).<\/p>\n\t\t\t\t\t\t\t\t<\/div>\n\t\t\t\t<\/div>\n\t\t\t\t\t<\/div>\n\t\t<\/div>\n\t\t\t\t<div class=\"elementor-column elementor-col-50 elementor-top-column elementor-element elementor-element-3236cd48 elementor-hidden-phone\" data-id=\"3236cd48\" data-element_type=\"column\" data-settings=\"{&quot;background_background&quot;:&quot;classic&quot;}\">\n\t\t\t<div class=\"elementor-widget-wrap elementor-element-populated\">\n\t\t\t\t\t\t<div class=\"elementor-element elementor-element-ebc3e69 elementor-widget elementor-widget-spacer\" data-id=\"ebc3e69\" data-element_type=\"widget\" data-widget_type=\"spacer.default\">\n\t\t\t\t<div class=\"elementor-widget-container\">\n\t\t\t\t\t\t\t<div class=\"elementor-spacer\">\n\t\t\t<div class=\"elementor-spacer-inner\"><\/div>\n\t\t<\/div>\n\t\t\t\t\t\t<\/div>\n\t\t\t\t<\/div>\n\t\t\t\t\t<\/div>\n\t\t<\/div>\n\t\t\t\t\t<\/div>\n\t\t<\/section>\n\t\t\t\t<section class=\"elementor-section elementor-top-section elementor-element elementor-element-3a79f007 elementor-section-boxed elementor-section-height-default elementor-section-height-default\" data-id=\"3a79f007\" data-element_type=\"section\" data-settings=\"{&quot;background_background&quot;:&quot;classic&quot;}\">\n\t\t\t\t\t\t<div class=\"elementor-container elementor-column-gap-default\">\n\t\t\t\t\t<div class=\"elementor-column elementor-col-100 elementor-top-column elementor-element elementor-element-7d32c3b3\" data-id=\"7d32c3b3\" data-element_type=\"column\">\n\t\t\t<div class=\"elementor-widget-wrap elementor-element-populated\">\n\t\t\t\t\t\t<div class=\"elementor-element elementor-element-129db2ce elementor-widget elementor-widget-heading\" data-id=\"129db2ce\" data-element_type=\"widget\" data-widget_type=\"heading.default\">\n\t\t\t\t<div class=\"elementor-widget-container\">\n\t\t\t\t\t<h3 class=\"elementor-heading-title elementor-size-default\">Requisits per a l'obtenci\u00f3 del compte propi<\/h3>\t\t\t\t<\/div>\n\t\t\t\t<\/div>\n\t\t\t\t<div class=\"elementor-element elementor-element-27cc640d elementor-widget elementor-widget-accordion\" data-id=\"27cc640d\" data-element_type=\"widget\" data-widget_type=\"accordion.default\">\n\t\t\t\t<div class=\"elementor-widget-container\">\n\t\t\t\t\t\t\t<div class=\"elementor-accordion\">\n\t\t\t\t\t\t\t<div class=\"elementor-accordion-item\">\n\t\t\t\t\t<div id=\"elementor-tab-title-6671\" class=\"elementor-tab-title\" data-tab=\"1\" role=\"button\" aria-controls=\"elementor-tab-content-6671\" aria-expanded=\"false\">\n\t\t\t\t\t\t\t\t\t\t\t\t\t<span class=\"elementor-accordion-icon elementor-accordion-icon-left\" aria-hidden=\"true\">\n\t\t\t\t\t\t\t\t\t\t\t\t\t\t\t<span class=\"elementor-accordion-icon-closed\"><i class=\"fas fa-chevron-down\"><\/i><\/span>\n\t\t\t\t\t\t\t\t<span class=\"elementor-accordion-icon-opened\"><i class=\"fas fa-chevron-up\"><\/i><\/span>\n\t\t\t\t\t\t\t\t\t\t\t\t\t\t<\/span>\n\t\t\t\t\t\t\t\t\t\t\t\t<a class=\"elementor-accordion-title\" tabindex=\"0\"><\/a>\n\t\t\t\t\t<\/div>\n\t\t\t\t\t<div id=\"elementor-tab-content-6671\" class=\"elementor-tab-content elementor-clearfix\" data-tab=\"1\" role=\"region\" aria-labelledby=\"elementor-tab-title-6671\"><ul>\n<li>Constituci\u00f3 d&#8217;una societat mercantil andorrana de la que es tinguin m\u00e9s d&#8217;un 34% de les participaci\u00f3ns.<\/li>\n<li>Contribuci\u00f3 a la Caixa Andorrana de Seguretat Social.<\/li>\n<li>Exercici d\u2019un c\u00e0rrec d\u2019administrador efectiu en l\u2019\u00f2rgan d\u2019administraci\u00f3.<\/li>\n<li>Perman\u00e8ncia de 183 dies a Andorra per accedir a la renovaci\u00f3.<\/li>\n<li>Taxa estatal de 50.000 \u20ac no reemborsable.<\/li>\n<li>En el cas particular de professions titulades, col\u00b7legiaci\u00f3 professional o adscripci\u00f3 a una associaci\u00f3 professional.<\/li>\n<\/ul>\n<\/div>\n\t\t\t\t<\/div>\n\t\t\t\t\t\t\t\t<\/div>\n\t\t\t\t\t\t<\/div>\n\t\t\t\t<\/div>\n\t\t\t\t\t<\/div>\n\t\t<\/div>\n\t\t\t\t\t<\/div>\n\t\t<\/section>\n\t\t\t\t<\/div>\n\t\t","protected":false},"excerpt":{"rendered":"<p>Resid\u00e8ncia per compte propi Aug\u00e9 Legal&amp;Fiscal va ser pioner i \u00e9s un referent al Principat pel que fa a la consolidaci\u00f3 i implantaci\u00f3 efectiva de la figura de resid\u00e8ncia per compte propi. Aquesta modalitat de resid\u00e8ncia amb perm\u00eds de treball es basa en la constituci\u00f3 d&#8217;una societat mercantil andorrana de la que es tinguin m\u00e9s [&hellip;]<\/p>\n","protected":false},"author":1,"featured_media":0,"parent":1323,"menu_order":0,"comment_status":"closed","ping_status":"closed","template":"","meta":{"_acf_changed":false,"footnotes":""},"class_list":["post-1365","page","type-page","status-publish","hentry"],"acf":[],"_links":{"self":[{"href":"https:\/\/www.augelegalfiscal.com\/ca\/wp-json\/wp\/v2\/pages\/1365","targetHints":{"allow":["GET"]}}],"collection":[{"href":"https:\/\/www.augelegalfiscal.com\/ca\/wp-json\/wp\/v2\/pages"}],"about":[{"href":"https:\/\/www.augelegalfiscal.com\/ca\/wp-json\/wp\/v2\/types\/page"}],"author":[{"embeddable":true,"href":"https:\/\/www.augelegalfiscal.com\/ca\/wp-json\/wp\/v2\/users\/1"}],"replies":[{"embeddable":true,"href":"https:\/\/www.augelegalfiscal.com\/ca\/wp-json\/wp\/v2\/comments?post=1365"}],"version-history":[{"count":11,"href":"https:\/\/www.augelegalfiscal.com\/ca\/wp-json\/wp\/v2\/pages\/1365\/revisions"}],"predecessor-version":[{"id":16333,"href":"https:\/\/www.augelegalfiscal.com\/ca\/wp-json\/wp\/v2\/pages\/1365\/revisions\/16333"}],"up":[{"embeddable":true,"href":"https:\/\/www.augelegalfiscal.com\/ca\/wp-json\/wp\/v2\/pages\/1323"}],"wp:attachment":[{"href":"https:\/\/www.augelegalfiscal.com\/ca\/wp-json\/wp\/v2\/media?parent=1365"}],"curies":[{"name":"wp","href":"https:\/\/api.w.org\/{rel}","templated":true}]}}