{"id":1333,"date":"2020-03-23T17:38:48","date_gmt":"2020-03-23T16:38:48","guid":{"rendered":"https:\/\/www.augelegalfiscal.com\/area-immigracio\/serveis-de-reubicacio\/"},"modified":"2023-03-08T14:44:39","modified_gmt":"2023-03-08T13:44:39","slug":"serveis-de-reubicacio","status":"publish","type":"page","link":"https:\/\/www.augelegalfiscal.com\/ca\/area-immigracio\/serveis-de-reubicacio\/","title":{"rendered":"Serveis de reubicaci\u00f3"},"content":{"rendered":"\t\t<div data-elementor-type=\"wp-page\" data-elementor-id=\"1333\" class=\"elementor elementor-1333 elementor-702\" data-elementor-post-type=\"page\">\n\t\t\t\t\t\t<section class=\"elementor-section elementor-top-section elementor-element elementor-element-706ec83b elementor-section-full_width elementor-section-height-default elementor-section-height-default\" data-id=\"706ec83b\" data-element_type=\"section\">\n\t\t\t\t\t\t<div class=\"elementor-container elementor-column-gap-default\">\n\t\t\t\t\t<div class=\"elementor-column elementor-col-50 elementor-top-column elementor-element elementor-element-15bbd037\" data-id=\"15bbd037\" data-element_type=\"column\" data-settings=\"{&quot;background_background&quot;:&quot;classic&quot;}\">\n\t\t\t<div class=\"elementor-widget-wrap elementor-element-populated\">\n\t\t\t\t\t\t<div class=\"elementor-element elementor-element-76cfd806 elementor-widget elementor-widget-heading\" data-id=\"76cfd806\" data-element_type=\"widget\" data-widget_type=\"heading.default\">\n\t\t\t\t<div class=\"elementor-widget-container\">\n\t\t\t\t\t<h2 class=\"elementor-heading-title elementor-size-default\">Serveis de reubicaci\u00f3<\/h2>\t\t\t\t<\/div>\n\t\t\t\t<\/div>\n\t\t\t\t<div class=\"elementor-element elementor-element-2fcd337f elementor-widget elementor-widget-text-editor\" data-id=\"2fcd337f\" data-element_type=\"widget\" data-widget_type=\"text-editor.default\">\n\t\t\t\t<div class=\"elementor-widget-container\">\n\t\t\t\t\t\t\t\t\t<p>Aug\u00e9 Legal&amp;Fiscal facilita una s\u00e8rie de serveis relatius a tot el <span style=\"color: #a22d58;\"><strong>proc\u00e9s d\u2019expatriaci\u00f3 que cobreixen qualsevol necessitat de tipus\u00a0immobiliari,\u00a0de caire personal o empresarial<\/strong><\/span>.<br \/>\nDe la mateixa manera,\u00a0Aug\u00e9 Real Estate\u00a0ajuda els clients en tots els temes immobiliaris que puguin sorgir en un futur. Entre els serveis oferts, destaquen:<\/p>\n\t\t\t\t\t\t\t\t<\/div>\n\t\t\t\t<\/div>\n\t\t\t\t\t<\/div>\n\t\t<\/div>\n\t\t\t\t<div class=\"elementor-column elementor-col-50 elementor-top-column elementor-element elementor-element-17de8bc elementor-hidden-phone\" data-id=\"17de8bc\" data-element_type=\"column\" data-settings=\"{&quot;background_background&quot;:&quot;classic&quot;}\">\n\t\t\t<div class=\"elementor-widget-wrap elementor-element-populated\">\n\t\t\t\t\t\t<div class=\"elementor-element elementor-element-1857788 elementor-widget elementor-widget-spacer\" data-id=\"1857788\" data-element_type=\"widget\" data-widget_type=\"spacer.default\">\n\t\t\t\t<div class=\"elementor-widget-container\">\n\t\t\t\t\t\t\t<div class=\"elementor-spacer\">\n\t\t\t<div class=\"elementor-spacer-inner\"><\/div>\n\t\t<\/div>\n\t\t\t\t\t\t<\/div>\n\t\t\t\t<\/div>\n\t\t\t\t\t<\/div>\n\t\t<\/div>\n\t\t\t\t\t<\/div>\n\t\t<\/section>\n\t\t\t\t<section class=\"elementor-section elementor-top-section elementor-element elementor-element-5cfc40ed elementor-section-boxed elementor-section-height-default elementor-section-height-default\" data-id=\"5cfc40ed\" data-element_type=\"section\" data-settings=\"{&quot;background_background&quot;:&quot;classic&quot;}\">\n\t\t\t\t\t\t<div class=\"elementor-container elementor-column-gap-default\">\n\t\t\t\t\t<div class=\"elementor-column elementor-col-100 elementor-top-column elementor-element elementor-element-b82ad7e\" data-id=\"b82ad7e\" data-element_type=\"column\">\n\t\t\t<div class=\"elementor-widget-wrap elementor-element-populated\">\n\t\t\t\t\t\t<div class=\"elementor-element elementor-element-42bc83c9 elementor-widget elementor-widget-heading\" data-id=\"42bc83c9\" data-element_type=\"widget\" data-widget_type=\"heading.default\">\n\t\t\t\t<div class=\"elementor-widget-container\">\n\t\t\t\t\t<h3 class=\"elementor-heading-title elementor-size-default\">Els serveis de Redomiciliation &amp; Relocation inclouen, entre d'altres<\/h3>\t\t\t\t<\/div>\n\t\t\t\t<\/div>\n\t\t\t\t<div class=\"elementor-element elementor-element-251cf124 elementor-widget elementor-widget-accordion\" data-id=\"251cf124\" data-element_type=\"widget\" data-widget_type=\"accordion.default\">\n\t\t\t\t<div class=\"elementor-widget-container\">\n\t\t\t\t\t\t\t<div class=\"elementor-accordion\">\n\t\t\t\t\t\t\t<div class=\"elementor-accordion-item\">\n\t\t\t\t\t<div id=\"elementor-tab-title-6221\" class=\"elementor-tab-title\" data-tab=\"1\" role=\"button\" aria-controls=\"elementor-tab-content-6221\" aria-expanded=\"false\">\n\t\t\t\t\t\t\t\t\t\t\t\t\t<span class=\"elementor-accordion-icon elementor-accordion-icon-left\" aria-hidden=\"true\">\n\t\t\t\t\t\t\t\t\t\t\t\t\t\t\t<span class=\"elementor-accordion-icon-closed\"><i class=\"fas fa-chevron-down\"><\/i><\/span>\n\t\t\t\t\t\t\t\t<span class=\"elementor-accordion-icon-opened\"><i class=\"fas fa-chevron-up\"><\/i><\/span>\n\t\t\t\t\t\t\t\t\t\t\t\t\t\t<\/span>\n\t\t\t\t\t\t\t\t\t\t\t\t<a class=\"elementor-accordion-title\" tabindex=\"0\"><\/a>\n\t\t\t\t\t<\/div>\n\t\t\t\t\t<div id=\"elementor-tab-content-6221\" class=\"elementor-tab-content elementor-clearfix\" data-tab=\"1\" role=\"region\" aria-labelledby=\"elementor-tab-title-6221\"><ul>\n<li>La cerca d\u2019un habitatge temporal o definitiu per part\u00a0<a href=\"http:\/\/augerealestate.com\/\" target=\"_blank\" rel=\"noopener noreferrer\">d\u2019Aug\u00e9 Real Estate.<\/a><\/li>\n<li>La gesti\u00f3 de contractes d\u2019arrendament, p\u00f2lisses d\u2019asseguran\u00e7a, o altres documents.<\/li>\n<li>La gesti\u00f3 d\u2019alta de serveis com electricitat, gas, tel\u00e8fon\/TV\/Internet, etc.<\/li>\n<li>La contractaci\u00f3 de serveis de manteniment de la llar.<\/li>\n<li>L\u2019homologaci\u00f3 del perm\u00eds de conduir.<\/li>\n<li>La importaci\u00f3 de vehicles, incloent-ne l\u2019homologaci\u00f3 i la matriculaci\u00f3.<\/li>\n<li>La cerca i contractaci\u00f3 d\u2019assegurances de vehicles, de salut, de vida, escolars, etc.<\/li>\n<li>L\u2019obertura de comptes bancaris.<\/li>\n<li>L\u2019assist\u00e8ncia per a la inscripci\u00f3 escolar dels fills: informaci\u00f3, preparaci\u00f3 de documents, acompanyament, traduccions.<\/li>\n<li>L\u2019assist\u00e8ncia per a la inscripci\u00f3 en universitats o altres estudis espec\u00edfics dins i fora d\u2019Andorra.<\/li>\n<\/ul>\n<p>&nbsp;<\/p>\n<p><strong>Entre els serveis oferts, destaquen:<\/strong><\/p>\n<ul>\n<li>La compravenda de propietats:\u00a0<a href=\"http:\/\/augerealestate.com\/\" target=\"_blank\" rel=\"noopener\">Aug\u00e9 Real Estate\u00a0<\/a>disposa d\u2019una cartera d\u2019immobles pr\u00f2pia i, a m\u00e9s, col\u00b7labora amb els millors professionals del pa\u00eds en el sector immobiliari.<\/li>\n<li>La gesti\u00f3 de propietats i assessorament legal, fiscal, financer i comptable.<\/li>\n<li>El lloguer de propietats i gesti\u00f3 de contractes d\u2019arrendament.<\/li>\n<\/ul>\n<\/div>\n\t\t\t\t<\/div>\n\t\t\t\t\t\t\t\t<\/div>\n\t\t\t\t\t\t<\/div>\n\t\t\t\t<\/div>\n\t\t\t\t\t<\/div>\n\t\t<\/div>\n\t\t\t\t\t<\/div>\n\t\t<\/section>\n\t\t\t\t<section class=\"elementor-section elementor-top-section elementor-element elementor-element-3ee39f7 elementor-section-boxed elementor-section-height-default elementor-section-height-default\" data-id=\"3ee39f7\" data-element_type=\"section\" data-settings=\"{&quot;background_background&quot;:&quot;classic&quot;}\">\n\t\t\t\t\t\t<div class=\"elementor-container elementor-column-gap-default\">\n\t\t\t\t\t<div class=\"elementor-column elementor-col-100 elementor-top-column elementor-element elementor-element-a4067da\" data-id=\"a4067da\" data-element_type=\"column\">\n\t\t\t<div class=\"elementor-widget-wrap elementor-element-populated\">\n\t\t\t\t\t\t<div class=\"elementor-element elementor-element-147d711 elementor-widget elementor-widget-heading\" data-id=\"147d711\" data-element_type=\"widget\" data-widget_type=\"heading.default\">\n\t\t\t\t<div class=\"elementor-widget-container\">\n\t\t\t\t\t<h3 class=\"elementor-heading-title elementor-size-default\">Addicionalment, gestionem tota mena d'operacions relacionades amb vehicles, embarcacions i aeronaus, relatives a:<\/h3>\t\t\t\t<\/div>\n\t\t\t\t<\/div>\n\t\t\t\t<div class=\"elementor-element elementor-element-02e7f56 elementor-widget elementor-widget-accordion\" data-id=\"02e7f56\" data-element_type=\"widget\" data-widget_type=\"accordion.default\">\n\t\t\t\t<div class=\"elementor-widget-container\">\n\t\t\t\t\t\t\t<div class=\"elementor-accordion\">\n\t\t\t\t\t\t\t<div class=\"elementor-accordion-item\">\n\t\t\t\t\t<div id=\"elementor-tab-title-3041\" class=\"elementor-tab-title\" data-tab=\"1\" role=\"button\" aria-controls=\"elementor-tab-content-3041\" aria-expanded=\"false\">\n\t\t\t\t\t\t\t\t\t\t\t\t\t<span class=\"elementor-accordion-icon elementor-accordion-icon-left\" aria-hidden=\"true\">\n\t\t\t\t\t\t\t\t\t\t\t\t\t\t\t<span class=\"elementor-accordion-icon-closed\"><i class=\"fas fa-chevron-down\"><\/i><\/span>\n\t\t\t\t\t\t\t\t<span class=\"elementor-accordion-icon-opened\"><i class=\"fas fa-chevron-up\"><\/i><\/span>\n\t\t\t\t\t\t\t\t\t\t\t\t\t\t<\/span>\n\t\t\t\t\t\t\t\t\t\t\t\t<a class=\"elementor-accordion-title\" tabindex=\"0\"><\/a>\n\t\t\t\t\t<\/div>\n\t\t\t\t\t<div id=\"elementor-tab-content-3041\" class=\"elementor-tab-content elementor-clearfix\" data-tab=\"1\" role=\"region\" aria-labelledby=\"elementor-tab-title-3041\"><ul>\n<li>Homologaci\u00f3, importaci\u00f3 i matriculaci\u00f3 de vehicles.<\/li>\n<li>Tramitaci\u00f3 de matr\u00edcula tur\u00edstica per a cotxes.<\/li>\n<li>Abanderament d\u2019embarcacions i aeronaus.<\/li>\n<\/ul>\n<\/div>\n\t\t\t\t<\/div>\n\t\t\t\t\t\t\t\t<\/div>\n\t\t\t\t\t\t<\/div>\n\t\t\t\t<\/div>\n\t\t\t\t\t<\/div>\n\t\t<\/div>\n\t\t\t\t\t<\/div>\n\t\t<\/section>\n\t\t\t\t<\/div>\n\t\t","protected":false},"excerpt":{"rendered":"<p>Serveis de reubicaci\u00f3 Aug\u00e9 Legal&amp;Fiscal facilita una s\u00e8rie de serveis relatius a tot el proc\u00e9s d\u2019expatriaci\u00f3 que cobreixen qualsevol necessitat de tipus\u00a0immobiliari,\u00a0de caire personal o empresarial. De la mateixa manera,\u00a0Aug\u00e9 Real Estate\u00a0ajuda els clients en tots els temes immobiliaris que puguin sorgir en un futur. Entre els serveis oferts, destaquen: Els serveis de Redomiciliation &#038; [&hellip;]<\/p>\n","protected":false},"author":1,"featured_media":0,"parent":1323,"menu_order":0,"comment_status":"closed","ping_status":"closed","template":"","meta":{"_acf_changed":false,"footnotes":""},"class_list":["post-1333","page","type-page","status-publish","hentry"],"acf":[],"_links":{"self":[{"href":"https:\/\/www.augelegalfiscal.com\/ca\/wp-json\/wp\/v2\/pages\/1333","targetHints":{"allow":["GET"]}}],"collection":[{"href":"https:\/\/www.augelegalfiscal.com\/ca\/wp-json\/wp\/v2\/pages"}],"about":[{"href":"https:\/\/www.augelegalfiscal.com\/ca\/wp-json\/wp\/v2\/types\/page"}],"author":[{"embeddable":true,"href":"https:\/\/www.augelegalfiscal.com\/ca\/wp-json\/wp\/v2\/users\/1"}],"replies":[{"embeddable":true,"href":"https:\/\/www.augelegalfiscal.com\/ca\/wp-json\/wp\/v2\/comments?post=1333"}],"version-history":[{"count":3,"href":"https:\/\/www.augelegalfiscal.com\/ca\/wp-json\/wp\/v2\/pages\/1333\/revisions"}],"predecessor-version":[{"id":7226,"href":"https:\/\/www.augelegalfiscal.com\/ca\/wp-json\/wp\/v2\/pages\/1333\/revisions\/7226"}],"up":[{"embeddable":true,"href":"https:\/\/www.augelegalfiscal.com\/ca\/wp-json\/wp\/v2\/pages\/1323"}],"wp:attachment":[{"href":"https:\/\/www.augelegalfiscal.com\/ca\/wp-json\/wp\/v2\/media?parent=1333"}],"curies":[{"name":"wp","href":"https:\/\/api.w.org\/{rel}","templated":true}]}}