{"id":1271,"date":"2020-03-23T15:45:55","date_gmt":"2020-03-23T14:45:55","guid":{"rendered":"https:\/\/www.augelegalfiscal.com\/area-fiscal\/contencios-tributari\/"},"modified":"2023-03-08T14:37:19","modified_gmt":"2023-03-08T13:37:19","slug":"contencios-tributari","status":"publish","type":"page","link":"https:\/\/www.augelegalfiscal.com\/ca\/contencios-tributari\/","title":{"rendered":"Contenci\u00f3s-tributari"},"content":{"rendered":"\t\t<div data-elementor-type=\"wp-page\" data-elementor-id=\"1271\" class=\"elementor elementor-1271 elementor-656\" data-elementor-post-type=\"page\">\n\t\t\t\t\t\t<section class=\"elementor-section elementor-top-section elementor-element elementor-element-60cd5957 elementor-section-full_width elementor-section-height-default elementor-section-height-default\" data-id=\"60cd5957\" data-element_type=\"section\">\n\t\t\t\t\t\t<div class=\"elementor-container elementor-column-gap-default\">\n\t\t\t\t\t<div class=\"elementor-column elementor-col-50 elementor-top-column elementor-element elementor-element-1dd909d1\" data-id=\"1dd909d1\" data-element_type=\"column\" data-settings=\"{&quot;background_background&quot;:&quot;classic&quot;}\">\n\t\t\t<div class=\"elementor-widget-wrap elementor-element-populated\">\n\t\t\t\t\t\t<div class=\"elementor-element elementor-element-41ad6e2e elementor-widget elementor-widget-heading\" data-id=\"41ad6e2e\" data-element_type=\"widget\" data-widget_type=\"heading.default\">\n\t\t\t\t<div class=\"elementor-widget-container\">\n\t\t\t\t\t<h2 class=\"elementor-heading-title elementor-size-default\">Contenci\u00f3s-tributari<\/h2>\t\t\t\t<\/div>\n\t\t\t\t<\/div>\n\t\t\t\t<div class=\"elementor-element elementor-element-f9f266f elementor-widget elementor-widget-text-editor\" data-id=\"f9f266f\" data-element_type=\"widget\" data-widget_type=\"text-editor.default\">\n\t\t\t\t<div class=\"elementor-widget-container\">\n\t\t\t\t\t\t\t\t\t<p>Assessorem els clients en les <span style=\"color: #a22d58;\"><strong>fases pr\u00e8vies als litigis tributaris mitjan\u00e7ant l\u2019atenci\u00f3 a requeriments tributaris, l\u2019assist\u00e8ncia i direcci\u00f3 t\u00e8cnica en procediments de gesti\u00f3, inspecci\u00f3, sancionadors i de recaptaci\u00f3 tribut\u00e0ria, i en reclamacions economicoadministratives<\/strong><\/span>, i tamb\u00e9 en altres procediments de revisi\u00f3 en la via administrativa. Aix\u00ed mateix, Aug\u00e9 Legal&amp;Fiscal s\u2019encarrega de defensar els interessos dels nostres clients davant totes les inst\u00e0ncies administratives i judicials amb les millors garanties possibles.<br \/>\nIgualment, en funci\u00f3 de les circumst\u00e0ncies particulars de cada cas, ens encarreguem de confeccionar i presentar consultes vinculants davant l\u2019Administraci\u00f3 Tribut\u00e0ria per blindar els clients davant qualsevol actuaci\u00f3 administrativa.<\/p>\n\t\t\t\t\t\t\t\t<\/div>\n\t\t\t\t<\/div>\n\t\t\t\t\t<\/div>\n\t\t<\/div>\n\t\t\t\t<div class=\"elementor-column elementor-col-50 elementor-top-column elementor-element elementor-element-297f93aa elementor-hidden-phone\" data-id=\"297f93aa\" data-element_type=\"column\" data-settings=\"{&quot;background_background&quot;:&quot;classic&quot;}\">\n\t\t\t<div class=\"elementor-widget-wrap\">\n\t\t\t\t\t\t\t<\/div>\n\t\t<\/div>\n\t\t\t\t\t<\/div>\n\t\t<\/section>\n\t\t\t\t<\/div>\n\t\t","protected":false},"excerpt":{"rendered":"<p>Contenci\u00f3s-tributari Assessorem els clients en les fases pr\u00e8vies als litigis tributaris mitjan\u00e7ant l\u2019atenci\u00f3 a requeriments tributaris, l\u2019assist\u00e8ncia i direcci\u00f3 t\u00e8cnica en procediments de gesti\u00f3, inspecci\u00f3, sancionadors i de recaptaci\u00f3 tribut\u00e0ria, i en reclamacions economicoadministratives, i tamb\u00e9 en altres procediments de revisi\u00f3 en la via administrativa. Aix\u00ed mateix, Aug\u00e9 Legal&amp;Fiscal s\u2019encarrega de defensar els interessos dels [&hellip;]<\/p>\n","protected":false},"author":1,"featured_media":0,"parent":0,"menu_order":0,"comment_status":"closed","ping_status":"closed","template":"","meta":{"_acf_changed":false,"footnotes":""},"class_list":["post-1271","page","type-page","status-publish","hentry"],"acf":[],"_links":{"self":[{"href":"https:\/\/www.augelegalfiscal.com\/ca\/wp-json\/wp\/v2\/pages\/1271","targetHints":{"allow":["GET"]}}],"collection":[{"href":"https:\/\/www.augelegalfiscal.com\/ca\/wp-json\/wp\/v2\/pages"}],"about":[{"href":"https:\/\/www.augelegalfiscal.com\/ca\/wp-json\/wp\/v2\/types\/page"}],"author":[{"embeddable":true,"href":"https:\/\/www.augelegalfiscal.com\/ca\/wp-json\/wp\/v2\/users\/1"}],"replies":[{"embeddable":true,"href":"https:\/\/www.augelegalfiscal.com\/ca\/wp-json\/wp\/v2\/comments?post=1271"}],"version-history":[{"count":3,"href":"https:\/\/www.augelegalfiscal.com\/ca\/wp-json\/wp\/v2\/pages\/1271\/revisions"}],"predecessor-version":[{"id":7191,"href":"https:\/\/www.augelegalfiscal.com\/ca\/wp-json\/wp\/v2\/pages\/1271\/revisions\/7191"}],"wp:attachment":[{"href":"https:\/\/www.augelegalfiscal.com\/ca\/wp-json\/wp\/v2\/media?parent=1271"}],"curies":[{"name":"wp","href":"https:\/\/api.w.org\/{rel}","templated":true}]}}