{"id":1193,"date":"2020-03-06T09:50:44","date_gmt":"2020-03-06T08:50:44","guid":{"rendered":"https:\/\/www.augelegalfiscal.com\/la-firma\/per-que-triar-andorra\/"},"modified":"2024-02-23T12:57:22","modified_gmt":"2024-02-23T11:57:22","slug":"per-que-triar-andorra","status":"publish","type":"page","link":"https:\/\/www.augelegalfiscal.com\/ca\/la-firma\/per-que-triar-andorra\/","title":{"rendered":"Per qu\u00e8 triar Andorra"},"content":{"rendered":"\t\t<div data-elementor-type=\"wp-page\" data-elementor-id=\"1193\" class=\"elementor elementor-1193 elementor-241\" data-elementor-post-type=\"page\">\n\t\t\t\t\t\t<section class=\"elementor-section elementor-top-section elementor-element elementor-element-4b1b7ca3 elementor-section-boxed elementor-section-height-default elementor-section-height-default\" data-id=\"4b1b7ca3\" data-element_type=\"section\" id=\"page-hero\" data-settings=\"{&quot;background_background&quot;:&quot;classic&quot;,&quot;animation&quot;:&quot;none&quot;}\">\n\t\t\t\t\t\t<div class=\"elementor-container elementor-column-gap-default\">\n\t\t\t\t\t<div class=\"elementor-column elementor-col-100 elementor-top-column elementor-element elementor-element-62e01fc1\" data-id=\"62e01fc1\" data-element_type=\"column\">\n\t\t\t<div class=\"elementor-widget-wrap elementor-element-populated\">\n\t\t\t\t\t\t<div class=\"elementor-element elementor-element-354b2fc2 elementor-widget elementor-widget-heading\" data-id=\"354b2fc2\" data-element_type=\"widget\" data-widget_type=\"heading.default\">\n\t\t\t\t<div class=\"elementor-widget-container\">\n\t\t\t\t\t<h1 class=\"elementor-heading-title elementor-size-default\">Per qu\u00e8 triar Andorra?<\/h1>\t\t\t\t<\/div>\n\t\t\t\t<\/div>\n\t\t\t\t\t<\/div>\n\t\t<\/div>\n\t\t\t\t\t<\/div>\n\t\t<\/section>\n\t\t\t\t<section class=\"elementor-section elementor-top-section elementor-element elementor-element-581ceae elementor-section-boxed elementor-section-height-default elementor-section-height-default\" data-id=\"581ceae\" data-element_type=\"section\" data-settings=\"{&quot;background_background&quot;:&quot;classic&quot;}\">\n\t\t\t\t\t\t<div class=\"elementor-container elementor-column-gap-default\">\n\t\t\t\t\t<div class=\"elementor-column elementor-col-66 elementor-top-column elementor-element elementor-element-504b8d8\" data-id=\"504b8d8\" data-element_type=\"column\">\n\t\t\t<div class=\"elementor-widget-wrap elementor-element-populated\">\n\t\t\t\t\t\t<div class=\"elementor-element elementor-element-24b7937 elementor-widget elementor-widget-heading\" data-id=\"24b7937\" data-element_type=\"widget\" data-widget_type=\"heading.default\">\n\t\t\t\t<div class=\"elementor-widget-container\">\n\t\t\t\t\t<h1 class=\"elementor-heading-title elementor-size-default\">Andorra \u00e9s avui una de les jurisdiccions m\u00e9s competitives d\u2019Europa.<\/h1>\t\t\t\t<\/div>\n\t\t\t\t<\/div>\n\t\t\t\t<div class=\"elementor-element elementor-element-8635bfa elementor-widget elementor-widget-text-editor\" data-id=\"8635bfa\" data-element_type=\"widget\" data-widget_type=\"text-editor.default\">\n\t\t\t\t<div class=\"elementor-widget-container\">\n\t\t\t\t\t\t\t\t\t<p>Ubicada entre Espanya i Fran\u00e7a, en un entorn natural incomparable i amb un dels \u00edndexs de criminalitat m\u00e9s baixos del m\u00f3n, els seus ciutadans gaudeixen d\u2019una\u00a0<strong>alt\u00edssima qualitat de vida i d\u2019un competitiu sistema fiscal<\/strong>,\u00a0resultat d\u2019un complet proc\u00e9s d\u2019homologaci\u00f3 internacional i d\u2019una decidida aposta per la transpar\u00e8ncia i la cooperaci\u00f3 internacional, seguint aix\u00ed els est\u00e0ndards exigits tant per la Uni\u00f3 Europea com per l\u2019OCDE.<\/p>\n\t\t\t\t\t\t\t\t<\/div>\n\t\t\t\t<\/div>\n\t\t\t\t<div class=\"elementor-element elementor-element-a49e0a9 elementor-widget elementor-widget-text-editor\" data-id=\"a49e0a9\" data-element_type=\"widget\" data-widget_type=\"text-editor.default\">\n\t\t\t\t<div class=\"elementor-widget-container\">\n\t\t\t\t\t\t\t\t\t<p><strong>Andorra<\/strong>, pa\u00eds singular que ha fet de l\u2019equilibri la seva ra\u00f3 de ser, ha gaudit de vuit segles de pau, sense guerra, sense la necessitat d\u2019ex\u00e8rcit i amb una democr\u00e0cia ininterrompuda de les m\u00e9s antigues del m\u00f3n. Andorra t\u00e9 una\u00a0<strong>economia conscient i sostenible, intel\u00b7ligent (smart) i eficient<\/strong>, amb un \u201cadn\u201d de muntanya sensibilitzat amb la preservaci\u00f3 del medi ambient per\u00f2 en sintonia amb els aven\u00e7os tecnol\u00f2gics m\u00e9s significatius. Andorra \u00e9s un pa\u00eds considerat, on imperen el sentit com\u00fa i un\u00a0<strong>esperit clarament inclusiu<\/strong>.\u00a0Nom\u00e9s a Andorra es pot viure en perfecta harmonia entre cos, ment i \u00e0nima i gaudir d\u2019un estil de vida actiu i saludable, inspirador i acollidor amb les persones que el visiten, siguin turistes o nous residents.<\/p>\n\t\t\t\t\t\t\t\t<\/div>\n\t\t\t\t<\/div>\n\t\t\t\t\t<\/div>\n\t\t<\/div>\n\t\t\t\t<div class=\"elementor-column elementor-col-33 elementor-top-column elementor-element elementor-element-cac3c98\" data-id=\"cac3c98\" data-element_type=\"column\">\n\t\t\t<div class=\"elementor-widget-wrap elementor-element-populated\">\n\t\t\t\t\t\t<div class=\"elementor-element elementor-element-6b92fac elementor-widget elementor-widget-image\" data-id=\"6b92fac\" data-element_type=\"widget\" data-widget_type=\"image.default\">\n\t\t\t\t<div class=\"elementor-widget-container\">\n\t\t\t\t\t\t\t\t\t\t\t\t\t\t\t<img fetchpriority=\"high\" decoding=\"async\" width=\"2560\" height=\"1707\" src=\"https:\/\/www.augelegalfiscal.com\/wp-content\/uploads\/2024\/02\/TTF1938-scaled.jpg\" class=\"attachment-full size-full wp-image-10215\" alt=\"\" srcset=\"https:\/\/www.augelegalfiscal.com\/wp-content\/uploads\/2024\/02\/TTF1938-scaled.jpg 2560w, https:\/\/www.augelegalfiscal.com\/wp-content\/uploads\/2024\/02\/TTF1938-300x200.jpg 300w, https:\/\/www.augelegalfiscal.com\/wp-content\/uploads\/2024\/02\/TTF1938-1024x683.jpg 1024w, https:\/\/www.augelegalfiscal.com\/wp-content\/uploads\/2024\/02\/TTF1938-768x512.jpg 768w, https:\/\/www.augelegalfiscal.com\/wp-content\/uploads\/2024\/02\/TTF1938-1536x1024.jpg 1536w, https:\/\/www.augelegalfiscal.com\/wp-content\/uploads\/2024\/02\/TTF1938-2048x1366.jpg 2048w\" sizes=\"(max-width: 2560px) 100vw, 2560px\" \/>\t\t\t\t\t\t\t\t\t\t\t\t\t\t\t<\/div>\n\t\t\t\t<\/div>\n\t\t\t\t\t<\/div>\n\t\t<\/div>\n\t\t\t\t\t<\/div>\n\t\t<\/section>\n\t\t\t\t<\/div>\n\t\t","protected":false},"excerpt":{"rendered":"<p>Per qu\u00e8 triar Andorra? Andorra \u00e9s avui una de les jurisdiccions m\u00e9s competitives d\u2019Europa. Ubicada entre Espanya i Fran\u00e7a, en un entorn natural incomparable i amb un dels \u00edndexs de criminalitat m\u00e9s baixos del m\u00f3n, els seus ciutadans gaudeixen d\u2019una\u00a0alt\u00edssima qualitat de vida i d\u2019un competitiu sistema fiscal,\u00a0resultat d\u2019un complet proc\u00e9s d\u2019homologaci\u00f3 internacional i d\u2019una [&hellip;]<\/p>\n","protected":false},"author":1,"featured_media":0,"parent":1136,"menu_order":0,"comment_status":"closed","ping_status":"closed","template":"","meta":{"_acf_changed":false,"footnotes":""},"class_list":["post-1193","page","type-page","status-publish","hentry"],"acf":[],"_links":{"self":[{"href":"https:\/\/www.augelegalfiscal.com\/ca\/wp-json\/wp\/v2\/pages\/1193","targetHints":{"allow":["GET"]}}],"collection":[{"href":"https:\/\/www.augelegalfiscal.com\/ca\/wp-json\/wp\/v2\/pages"}],"about":[{"href":"https:\/\/www.augelegalfiscal.com\/ca\/wp-json\/wp\/v2\/types\/page"}],"author":[{"embeddable":true,"href":"https:\/\/www.augelegalfiscal.com\/ca\/wp-json\/wp\/v2\/users\/1"}],"replies":[{"embeddable":true,"href":"https:\/\/www.augelegalfiscal.com\/ca\/wp-json\/wp\/v2\/comments?post=1193"}],"version-history":[{"count":3,"href":"https:\/\/www.augelegalfiscal.com\/ca\/wp-json\/wp\/v2\/pages\/1193\/revisions"}],"predecessor-version":[{"id":10230,"href":"https:\/\/www.augelegalfiscal.com\/ca\/wp-json\/wp\/v2\/pages\/1193\/revisions\/10230"}],"up":[{"embeddable":true,"href":"https:\/\/www.augelegalfiscal.com\/ca\/wp-json\/wp\/v2\/pages\/1136"}],"wp:attachment":[{"href":"https:\/\/www.augelegalfiscal.com\/ca\/wp-json\/wp\/v2\/media?parent=1193"}],"curies":[{"name":"wp","href":"https:\/\/api.w.org\/{rel}","templated":true}]}}